{"id":2135,"date":"2024-01-19T09:00:28","date_gmt":"2024-01-19T08:00:28","guid":{"rendered":"http:\/\/himaya-innov.cerist.dz\/?page_id=2135"},"modified":"2024-02-29T10:30:43","modified_gmt":"2024-02-29T09:30:43","slug":"call-for-posters","status":"publish","type":"page","link":"http:\/\/himaya-innov.cerist.dz\/index.php\/call-for-posters\/","title":{"rendered":"Posters session"},"content":{"rendered":"\t\t<div data-elementor-type=\"wp-page\" data-elementor-id=\"2135\" class=\"elementor elementor-2135\">\n\t\t\t\t\t\t\t<div class=\"has_eae_slider elementor-element elementor-element-0fe5b65 e-flex e-con-boxed e-con e-parent\" data-id=\"0fe5b65\" data-element_type=\"container\" data-settings=\"{&quot;content_width&quot;:&quot;boxed&quot;}\" data-core-v316-plus=\"true\">\n\t\t\t\t\t<div class=\"e-con-inner\">\n\t\t\t\t<div class=\"elementor-element elementor-element-57f74d7 elementor-widget elementor-widget-image\" data-id=\"57f74d7\" data-element_type=\"widget\" data-widget_type=\"image.default\">\n\t\t\t\t<div class=\"elementor-widget-container\">\n\t\t\t<style>\/*! elementor - v3.17.0 - 08-11-2023 *\/\n.elementor-widget-image{text-align:center}.elementor-widget-image a{display:inline-block}.elementor-widget-image a img[src$=\".svg\"]{width:48px}.elementor-widget-image img{vertical-align:middle;display:inline-block}<\/style>\t\t\t\t\t\t\t\t\t\t\t\t<img fetchpriority=\"high\" decoding=\"async\" width=\"1777\" height=\"636\" src=\"http:\/\/himaya-innov.cerist.dz\/wp-content\/uploads\/2024\/01\/CALL-FOR-POSTERS4.jpg\" class=\"attachment-full size-full wp-image-2174\" alt=\"\" srcset=\"http:\/\/himaya-innov.cerist.dz\/wp-content\/uploads\/2024\/01\/CALL-FOR-POSTERS4.jpg 1777w, http:\/\/himaya-innov.cerist.dz\/wp-content\/uploads\/2024\/01\/CALL-FOR-POSTERS4-300x107.jpg 300w, http:\/\/himaya-innov.cerist.dz\/wp-content\/uploads\/2024\/01\/CALL-FOR-POSTERS4-1024x366.jpg 1024w, http:\/\/himaya-innov.cerist.dz\/wp-content\/uploads\/2024\/01\/CALL-FOR-POSTERS4-768x275.jpg 768w, http:\/\/himaya-innov.cerist.dz\/wp-content\/uploads\/2024\/01\/CALL-FOR-POSTERS4-1536x550.jpg 1536w\" sizes=\"(max-width: 1777px) 100vw, 1777px\" \/>\t\t\t\t\t\t\t\t\t\t\t\t\t\t\t<\/div>\n\t\t\t\t<\/div>\n\t\t\t\t\t<\/div>\n\t\t\t\t<\/div>\n\t\t<div class=\"has_eae_slider elementor-element elementor-element-4b5ac15 e-flex e-con-boxed e-con e-parent\" data-id=\"4b5ac15\" data-element_type=\"container\" data-settings=\"{&quot;content_width&quot;:&quot;boxed&quot;}\" data-core-v316-plus=\"true\">\n\t\t\t\t\t<div class=\"e-con-inner\">\n\t\t\t\t<div class=\"elementor-element elementor-element-27451a4 elementor-widget elementor-widget-heading\" data-id=\"27451a4\" data-element_type=\"widget\" data-widget_type=\"heading.default\">\n\t\t\t\t<div class=\"elementor-widget-container\">\n\t\t\t<style>\/*! elementor - v3.17.0 - 08-11-2023 *\/\n.elementor-heading-title{padding:0;margin:0;line-height:1}.elementor-widget-heading .elementor-heading-title[class*=elementor-size-]>a{color:inherit;font-size:inherit;line-height:inherit}.elementor-widget-heading .elementor-heading-title.elementor-size-small{font-size:15px}.elementor-widget-heading .elementor-heading-title.elementor-size-medium{font-size:19px}.elementor-widget-heading .elementor-heading-title.elementor-size-large{font-size:29px}.elementor-widget-heading .elementor-heading-title.elementor-size-xl{font-size:39px}.elementor-widget-heading .elementor-heading-title.elementor-size-xxl{font-size:59px}<\/style><h2 class=\"elementor-heading-title elementor-size-default\">Empowering Civil Defense with Effective Disaster Management Technologies\n<\/h2>\t\t<\/div>\n\t\t\t\t<\/div>\n\t\t\t\t\t<\/div>\n\t\t\t\t<\/div>\n\t\t<div class=\"has_eae_slider elementor-element elementor-element-67874c0 e-flex e-con-boxed e-con e-parent\" data-id=\"67874c0\" data-element_type=\"container\" data-settings=\"{&quot;content_width&quot;:&quot;boxed&quot;}\" data-core-v316-plus=\"true\">\n\t\t\t\t\t<div class=\"e-con-inner\">\n\t\t\t\t<div class=\"elementor-element elementor-element-217911f elementor-widget elementor-widget-text-editor\" data-id=\"217911f\" data-element_type=\"widget\" data-widget_type=\"text-editor.default\">\n\t\t\t\t<div class=\"elementor-widget-container\">\n\t\t\t<style>\/*! elementor - v3.17.0 - 08-11-2023 *\/\n.elementor-widget-text-editor.elementor-drop-cap-view-stacked .elementor-drop-cap{background-color:#69727d;color:#fff}.elementor-widget-text-editor.elementor-drop-cap-view-framed .elementor-drop-cap{color:#69727d;border:3px solid;background-color:transparent}.elementor-widget-text-editor:not(.elementor-drop-cap-view-default) .elementor-drop-cap{margin-top:8px}.elementor-widget-text-editor:not(.elementor-drop-cap-view-default) .elementor-drop-cap-letter{width:1em;height:1em}.elementor-widget-text-editor .elementor-drop-cap{float:left;text-align:center;line-height:1;font-size:50px}.elementor-widget-text-editor .elementor-drop-cap-letter{display:inline-block}<\/style>\t\t\t\t<h5><i>Submission deadline:<\/i><b><i>\u00a0 <span style=\"color: #ff0000;\">February 5th, 2024<\/span> <span style=\"color: #ff0000;\">(<em>Closed<\/em>)<\/span><\/i><\/b><\/h5><p><i>Himaya Innov\u2019Days 2024<\/i> invites Algerian researchers, scientists, engineers, and innovators to submit posters showcasing cutting-edge technologies aimed at revolutionizing civil defence response in times of disasters. The poster can describe existing published research or new work that fits within the specified areas of interest. Submissions must be plainly justified in 10pt character size, formatted to fit A4: 21 x 29.7 cm, and include the title, author(s), affiliation, e-mail, and the identity of the presenter (in case of a multi-authored poster), followed by an abstract text (at most 200 words). A standard .pdf file must be received by <b>February 5th, 2024<\/b> for your submission to be considered.<\/p><p>All submissions should be sent by email to: <a href=\"mailto:himaya-innov@cerist.dz\">himaya-innov@cerist.dz<\/a><\/p><p><i>Himaya Innov\u2019Days 2024<\/i> event is seeking relevant contributions, mainly in the fields of <b>Artificial Intelligence (AI), Internet of Things (IoT), Big Data, Robotics, <\/b>and<b> Drones <\/b>to address the pressing challenges faced before, during or after natural or man-made disasters. The focus areas include Forest fires,\u00a0 Flooding, Earthquakes, and other Natural and Technological risks, as well as Psychological support for disaster victims.\u00a0<\/p><h6><span class=\"HwtZe\" lang=\"en\"><span class=\"jCAhz ChMk0b\"><span class=\"ryNqvb\">Download the call for posters (CFP), <\/span><\/span><\/span>Please click <a href=\"http:\/\/himaya-innov.cerist.dz\/wp-content\/uploads\/2024\/01\/Call-for-Posters-Himaya-InnovDays-2024-1.pdf\" target=\"_blank\" rel=\"noopener\">here<\/a><\/h6>\t\t\t\t\t\t<\/div>\n\t\t\t\t<\/div>\n\t\t\t\t\t<\/div>\n\t\t\t\t<\/div>\n\t\t<div class=\"has_eae_slider elementor-element elementor-element-ef50e8e e-flex e-con-boxed e-con e-parent\" data-id=\"ef50e8e\" data-element_type=\"container\" data-settings=\"{&quot;content_width&quot;:&quot;boxed&quot;}\" data-core-v316-plus=\"true\">\n\t\t\t\t\t<div class=\"e-con-inner\">\n\t\t<div class=\"has_eae_slider elementor-element elementor-element-1d502ae e-flex e-con-boxed e-con e-child\" data-id=\"1d502ae\" data-element_type=\"container\" data-settings=\"{&quot;content_width&quot;:&quot;boxed&quot;}\">\n\t\t\t\t\t<div class=\"e-con-inner\">\n\t\t\t\t<div class=\"elementor-element elementor-element-6730dcf elementor-widget elementor-widget-text-editor\" data-id=\"6730dcf\" data-element_type=\"widget\" data-widget_type=\"text-editor.default\">\n\t\t\t\t<div class=\"elementor-widget-container\">\n\t\t\t\t\t\t\t<h3><span style=\"color: #6ec1e4;\">Accepted Posters<\/span><\/h3><ul><li>MATOUGUI Zakaria, DJERBAL Lynda, BAHAR Ramdane, \u00a0\u00bb \u00ab\u00a0<strong>Enhancing Landslide Hazard Preparedness: Susceptibility Mapping for Early Warning Systems<\/strong>\u00ab\u00a0, USTHB.<\/li><li>BENABDELLAH Youcef, RABAH Mohammed Amine, \u00ab\u00a0<strong>Evaluating Satellite Capabilities for Emergency Communications and Data Transfer in Disaster Management<\/strong>\u00ab\u00a0, Algerian Space Agency, Satellite Development Center.<\/li><li>HANNANE Amir Mokhtar, BENALLAL Mohamed Anis, \u00ab\u00a0<strong>Satellite Data for Forest Fire Detection using Deep learning<\/strong>\u00ab\u00a0, USTO-MB.<\/li><li>BELBAHI Halima,\u00a0 NOURA Hichem,MEBARKI Ahmed, \u00ab\u00a0<strong>A Data-Driven Approach to Post-Earthquake Building Damage Assessment Using Random Forest Modeling<\/strong>\u00ab\u00a0, Universite Djilali Bounaama Khemis of Miliana.<\/li><li>KERBAB Sarra, LABED Said, HERID Amani, \u00ab\u00a0<strong>Intelligent Forest and Fields Fire Detection Systems<\/strong>\u00ab\u00a0,<\/li><li>Belhadj Benziane Abdelhammid , Mokhtari Djamel Eddine, \u00ab\u00a0<strong>R\u00f4le du syst\u00e8me d\u2019information g\u00e9ographique dans la gestion des interventions li\u00e9es \u00e0 la pand\u00e9mie Covid-19<\/strong>\u00ab\u00a0, Hassiba Benbouali University\u00a0\u00a0 Chlef.<\/li><li>M. MALKI , A.L. BOUKHALKHAL , S. BOUBENDIR M.N. LEKMOUCHI , A. BENKOUITEN, \u00ab\u00a0<strong>Design and Fabrication of a Fire Fighting Robot with Flame Detection<\/strong>\u00ab\u00a0, National School of Advanced Technologies Bordj El Kiffan, Faculty of Science and Technology, University of Djelfa, USTHB.<\/li><li>Belhachemi Mohammed Habib et al. \u00ab\u00a0<strong>Flood Stop<\/strong>\u00ab\u00a0, Univesity of Gharda\u00efa.<\/li><\/ul>\t\t\t\t\t\t<\/div>\n\t\t\t\t<\/div>\n\t\t\t\t\t<\/div>\n\t\t\t\t<\/div>\n\t\t\t\t\t<\/div>\n\t\t\t\t<\/div>\n\t\t\t\t\t\t\t<\/div>\n\t\t","protected":false},"excerpt":{"rendered":"<p>Empowering Civil Defense with Effective Disaster Management Technologies Submission deadline:\u00a0 February 5th, 2024 (Closed) Himaya Innov\u2019Days 2024 invites Algerian researchers, scientists, engineers, and innovators to submit posters showcasing cutting-edge technologies aimed at revolutionizing civil defence response in times of disasters. The poster can describe existing published research or new work that fits within the specified &hellip;<\/p>\n<p class=\"read-more\"> <a class=\"\" href=\"http:\/\/himaya-innov.cerist.dz\/index.php\/call-for-posters\/\"> <span class=\"screen-reader-text\">Posters session<\/span> Lire la suite\u00a0\u00bb<\/a><\/p>\n","protected":false},"author":1,"featured_media":0,"parent":0,"menu_order":0,"comment_status":"closed","ping_status":"closed","template":"","meta":{"site-sidebar-layout":"no-sidebar","site-content-layout":"","ast-site-content-layout":"full-width-container","site-content-style":"default","site-sidebar-style":"default","ast-global-header-display":"","ast-banner-title-visibility":"","ast-main-header-display":"","ast-hfb-above-header-display":"","ast-hfb-below-header-display":"","ast-hfb-mobile-header-display":"","site-post-title":"disabled","ast-breadcrumbs-content":"","ast-featured-img":"disabled","footer-sml-layout":"","theme-transparent-header-meta":"","adv-header-id-meta":"","stick-header-meta":"","header-above-stick-meta":"","header-main-stick-meta":"","header-below-stick-meta":"","astra-migrate-meta-layouts":"","ast-page-background-enabled":"default","ast-page-background-meta":{"desktop":{"background-color":"var(--ast-global-color-4)","background-image":"","background-repeat":"repeat","background-position":"center center","background-size":"auto","background-attachment":"scroll","background-type":"","background-media":"","overlay-type":"","overlay-color":"","overlay-gradient":""},"tablet":{"background-color":"","background-image":"","background-repeat":"repeat","background-position":"center center","background-size":"auto","background-attachment":"scroll","background-type":"","background-media":"","overlay-type":"","overlay-color":"","overlay-gradient":""},"mobile":{"background-color":"","background-image":"","background-repeat":"repeat","background-position":"center center","background-size":"auto","background-attachment":"scroll","background-type":"","background-media":"","overlay-type":"","overlay-color":"","overlay-gradient":""}},"ast-content-background-meta":{"desktop":{"background-color":"var(--ast-global-color-5)","background-image":"","background-repeat":"repeat","background-position":"center center","background-size":"auto","background-attachment":"scroll","background-type":"","background-media":"","overlay-type":"","overlay-color":"","overlay-gradient":""},"tablet":{"background-color":"var(--ast-global-color-5)","background-image":"","background-repeat":"repeat","background-position":"center center","background-size":"auto","background-attachment":"scroll","background-type":"","background-media":"","overlay-type":"","overlay-color":"","overlay-gradient":""},"mobile":{"background-color":"var(--ast-global-color-5)","background-image":"","background-repeat":"repeat","background-position":"center center","background-size":"auto","background-attachment":"scroll","background-type":"","background-media":"","overlay-type":"","overlay-color":"","overlay-gradient":""}},"footnotes":""},"class_list":["post-2135","page","type-page","status-publish","hentry"],"_links":{"self":[{"href":"http:\/\/himaya-innov.cerist.dz\/index.php\/wp-json\/wp\/v2\/pages\/2135","targetHints":{"allow":["GET"]}}],"collection":[{"href":"http:\/\/himaya-innov.cerist.dz\/index.php\/wp-json\/wp\/v2\/pages"}],"about":[{"href":"http:\/\/himaya-innov.cerist.dz\/index.php\/wp-json\/wp\/v2\/types\/page"}],"author":[{"embeddable":true,"href":"http:\/\/himaya-innov.cerist.dz\/index.php\/wp-json\/wp\/v2\/users\/1"}],"replies":[{"embeddable":true,"href":"http:\/\/himaya-innov.cerist.dz\/index.php\/wp-json\/wp\/v2\/comments?post=2135"}],"version-history":[{"count":54,"href":"http:\/\/himaya-innov.cerist.dz\/index.php\/wp-json\/wp\/v2\/pages\/2135\/revisions"}],"predecessor-version":[{"id":3840,"href":"http:\/\/himaya-innov.cerist.dz\/index.php\/wp-json\/wp\/v2\/pages\/2135\/revisions\/3840"}],"wp:attachment":[{"href":"http:\/\/himaya-innov.cerist.dz\/index.php\/wp-json\/wp\/v2\/media?parent=2135"}],"curies":[{"name":"wp","href":"https:\/\/api.w.org\/{rel}","templated":true}]}}