{"id":2147,"date":"2024-01-19T09:10:21","date_gmt":"2024-01-19T08:10:21","guid":{"rendered":"http:\/\/himaya-innov.cerist.dz\/?page_id=2147"},"modified":"2024-02-25T11:26:39","modified_gmt":"2024-02-25T10:26:39","slug":"appel-a-posters","status":"publish","type":"page","link":"http:\/\/himaya-innov.cerist.dz\/index.php\/language\/fr\/appel-a-posters\/","title":{"rendered":"Session Posters"},"content":{"rendered":"\t\t<div data-elementor-type=\"wp-page\" data-elementor-id=\"2147\" class=\"elementor elementor-2147\">\n\t\t\t\t\t\t\t<div class=\"has_eae_slider elementor-element elementor-element-0fe5b65 e-con-full e-flex e-con e-parent\" data-id=\"0fe5b65\" data-element_type=\"container\" data-settings=\"{&quot;content_width&quot;:&quot;full&quot;}\" data-core-v316-plus=\"true\">\n\t\t\t\t<div class=\"elementor-element elementor-element-57f74d7 elementor-widget elementor-widget-image\" data-id=\"57f74d7\" data-element_type=\"widget\" data-widget_type=\"image.default\">\n\t\t\t\t<div class=\"elementor-widget-container\">\n\t\t\t<style>\/*! elementor - v3.17.0 - 08-11-2023 *\/\n.elementor-widget-image{text-align:center}.elementor-widget-image a{display:inline-block}.elementor-widget-image a img[src$=\".svg\"]{width:48px}.elementor-widget-image img{vertical-align:middle;display:inline-block}<\/style>\t\t\t\t\t\t\t\t\t\t\t\t<img fetchpriority=\"high\" decoding=\"async\" width=\"1024\" height=\"366\" src=\"http:\/\/himaya-innov.cerist.dz\/wp-content\/uploads\/2024\/01\/CALL-FOR-POSTERS4-1024x366.jpg\" class=\"attachment-large size-large wp-image-2174\" alt=\"\" srcset=\"http:\/\/himaya-innov.cerist.dz\/wp-content\/uploads\/2024\/01\/CALL-FOR-POSTERS4-1024x366.jpg 1024w, http:\/\/himaya-innov.cerist.dz\/wp-content\/uploads\/2024\/01\/CALL-FOR-POSTERS4-300x107.jpg 300w, http:\/\/himaya-innov.cerist.dz\/wp-content\/uploads\/2024\/01\/CALL-FOR-POSTERS4-768x275.jpg 768w, http:\/\/himaya-innov.cerist.dz\/wp-content\/uploads\/2024\/01\/CALL-FOR-POSTERS4-1536x550.jpg 1536w, http:\/\/himaya-innov.cerist.dz\/wp-content\/uploads\/2024\/01\/CALL-FOR-POSTERS4.jpg 1777w\" sizes=\"(max-width: 1024px) 100vw, 1024px\" \/>\t\t\t\t\t\t\t\t\t\t\t\t\t\t\t<\/div>\n\t\t\t\t<\/div>\n\t\t\t\t<\/div>\n\t\t<div class=\"has_eae_slider elementor-element elementor-element-a0ffa92 e-flex e-con-boxed e-con e-parent\" data-id=\"a0ffa92\" data-element_type=\"container\" data-settings=\"{&quot;content_width&quot;:&quot;boxed&quot;}\" data-core-v316-plus=\"true\">\n\t\t\t\t\t<div class=\"e-con-inner\">\n\t\t\t\t<div class=\"elementor-element elementor-element-b88aa41 elementor-widget elementor-widget-heading\" data-id=\"b88aa41\" data-element_type=\"widget\" data-widget_type=\"heading.default\">\n\t\t\t\t<div class=\"elementor-widget-container\">\n\t\t\t<style>\/*! elementor - v3.17.0 - 08-11-2023 *\/\n.elementor-heading-title{padding:0;margin:0;line-height:1}.elementor-widget-heading .elementor-heading-title[class*=elementor-size-]>a{color:inherit;font-size:inherit;line-height:inherit}.elementor-widget-heading .elementor-heading-title.elementor-size-small{font-size:15px}.elementor-widget-heading .elementor-heading-title.elementor-size-medium{font-size:19px}.elementor-widget-heading .elementor-heading-title.elementor-size-large{font-size:29px}.elementor-widget-heading .elementor-heading-title.elementor-size-xl{font-size:39px}.elementor-widget-heading .elementor-heading-title.elementor-size-xxl{font-size:59px}<\/style><h2 class=\"elementor-heading-title elementor-size-default\">Renforcer la Protection civile  gr\u00e2ce \u00e0 des technologies efficaces de gestion des catastrophes<\/h2>\t\t<\/div>\n\t\t\t\t<\/div>\n\t\t\t\t\t<\/div>\n\t\t\t\t<\/div>\n\t\t<div class=\"has_eae_slider elementor-element elementor-element-d9e9a54 e-flex e-con-boxed e-con e-parent\" data-id=\"d9e9a54\" data-element_type=\"container\" data-settings=\"{&quot;content_width&quot;:&quot;boxed&quot;}\" data-core-v316-plus=\"true\">\n\t\t\t\t\t<div class=\"e-con-inner\">\n\t\t\t\t<div class=\"elementor-element elementor-element-8ee5e52 elementor-widget elementor-widget-text-editor\" data-id=\"8ee5e52\" data-element_type=\"widget\" data-widget_type=\"text-editor.default\">\n\t\t\t\t<div class=\"elementor-widget-container\">\n\t\t\t<style>\/*! elementor - v3.17.0 - 08-11-2023 *\/\n.elementor-widget-text-editor.elementor-drop-cap-view-stacked .elementor-drop-cap{background-color:#69727d;color:#fff}.elementor-widget-text-editor.elementor-drop-cap-view-framed .elementor-drop-cap{color:#69727d;border:3px solid;background-color:transparent}.elementor-widget-text-editor:not(.elementor-drop-cap-view-default) .elementor-drop-cap{margin-top:8px}.elementor-widget-text-editor:not(.elementor-drop-cap-view-default) .elementor-drop-cap-letter{width:1em;height:1em}.elementor-widget-text-editor .elementor-drop-cap{float:left;text-align:center;line-height:1;font-size:50px}.elementor-widget-text-editor .elementor-drop-cap-letter{display:inline-block}<\/style>\t\t\t\t<h5>Date limite de soumission : 5 f\u00e9vrier 2024<\/h5>\n<p>Himaya Innov\u2019Days 2024 invite les chercheurs, scientifiques, ing\u00e9nieurs et innovateurs alg\u00e9riens \u00e0 soumettre des posters pr\u00e9sentant des technologies de pointe visant \u00e0 r\u00e9volutionner la r\u00e9ponse de la protection civile en cas de catastrophe. Le Poster peut d\u00e9crire un travail de recherche publi\u00e9e ou des nouveaux travaux qui correspondent aux domaines d\u2019int\u00e9r\u00eat sp\u00e9cifi\u00e9s. Les soumissions doivent \u00eatre clairement justifi\u00e9es en caract\u00e8res de 10 points, format\u00e9s pour s\u2019adapter au format A4 : 21 x 29,7 cm, et inclure le titre, l\u2019auteur(s), l\u2019affiliation, le email et l\u2019identit\u00e9 du pr\u00e9sentateur (dans le cas d\u2019un poster \u00e0 auteurs multiples), suivie d\u2019un r\u00e9sum\u00e9 (au plus 200 mots).<\/p>\n<p>Un fichier . pdf standard doit \u00eatre re\u00e7u avant le <strong>5 f\u00e9vrier 2024<\/strong> pour que votre soumission soit consid\u00e9r\u00e9e. Toutes les soumissions doivent \u00eatre envoy\u00e9es par email \u00e0 <a href=\"mailto:himaya-innov@cerist.dz\" target=\"_blank\" rel=\"noopener\">himaya-innov@cerist.dz<\/a><\/p>\n<p>L\u2019\u00e9v\u00e9nement Himaya Innov\u2019Days 2024 est \u00e0 la recherche de contributions pertinentes, principalement dans les domaines de <strong>l\u2019intelligence artificielle (IA), de l\u2019Internet des objets (IoT), du Big Data,<\/strong> <strong>de la robotique et des drones<\/strong>, pour relever les d\u00e9fis urgents rencontr\u00e9s avant, pendant ou apr\u00e8s les catastrophes naturelles ou d\u2019origine humaine.<\/p>\n<p>Les domaines d\u2019int\u00e9r\u00eat comprennent les <strong>feux de for\u00eat,<\/strong> <strong>les inondations, les tremblements de terre d\u2019autres risques naturels et technologiques,<\/strong> ainsi que <strong>le soutien psychologique aux victimes de catastrophes<\/strong>.&nbsp;<span style=\"color: #888888;\"><br clear=\"all\"><\/span><\/p>\t\t\t\t\t\t<\/div>\n\t\t\t\t<\/div>\n\t\t\t\t\t<\/div>\n\t\t\t\t<\/div>\n\t\t<div class=\"has_eae_slider elementor-element elementor-element-007ca78 e-flex e-con-boxed e-con e-parent\" data-id=\"007ca78\" data-element_type=\"container\" data-settings=\"{&quot;content_width&quot;:&quot;boxed&quot;}\" data-core-v316-plus=\"true\">\n\t\t\t\t\t<div class=\"e-con-inner\">\n\t\t\t\t<div class=\"elementor-element elementor-element-5e803ca elementor-widget elementor-widget-text-editor\" data-id=\"5e803ca\" data-element_type=\"widget\" data-widget_type=\"text-editor.default\">\n\t\t\t\t<div class=\"elementor-widget-container\">\n\t\t\t\t\t\t\t<h5>T\u00e9l\u00e9charger l\u2019appel \u00e0 Posters (CFP)<\/h5><h6>Veuillez cliquer <a href=\"http:\/\/himaya-innov.cerist.dz\/wp-content\/uploads\/2024\/01\/Call-for-Posters-Himaya-InnovDays-2024-1.pdf\" target=\"_blank\" rel=\"noopener\">ici<\/a><\/h6>\t\t\t\t\t\t<\/div>\n\t\t\t\t<\/div>\n\t\t\t\t\t<\/div>\n\t\t\t\t<\/div>\n\t\t\t\t\t\t\t<\/div>\n\t\t","protected":false},"excerpt":{"rendered":"<p>Renforcer la Protection civile gr\u00e2ce \u00e0 des technologies efficaces de gestion des catastrophes Date limite de soumission : 5 f\u00e9vrier 2024 Himaya Innov\u2019Days 2024 invite les chercheurs, scientifiques, ing\u00e9nieurs et innovateurs alg\u00e9riens \u00e0 soumettre des posters pr\u00e9sentant des technologies de pointe visant \u00e0 r\u00e9volutionner la r\u00e9ponse de la protection civile en cas de catastrophe. Le &hellip;<\/p>\n<p class=\"read-more\"> <a class=\"\" href=\"http:\/\/himaya-innov.cerist.dz\/index.php\/language\/fr\/appel-a-posters\/\"> <span class=\"screen-reader-text\">Session Posters<\/span> Lire la suite\u00a0\u00bb<\/a><\/p>\n","protected":false},"author":1,"featured_media":0,"parent":0,"menu_order":0,"comment_status":"closed","ping_status":"closed","template":"","meta":{"site-sidebar-layout":"no-sidebar","site-content-layout":"","ast-site-content-layout":"full-width-container","site-content-style":"default","site-sidebar-style":"default","ast-global-header-display":"","ast-banner-title-visibility":"","ast-main-header-display":"","ast-hfb-above-header-display":"","ast-hfb-below-header-display":"","ast-hfb-mobile-header-display":"","site-post-title":"disabled","ast-breadcrumbs-content":"","ast-featured-img":"disabled","footer-sml-layout":"","theme-transparent-header-meta":"","adv-header-id-meta":"","stick-header-meta":"","header-above-stick-meta":"","header-main-stick-meta":"","header-below-stick-meta":"","astra-migrate-meta-layouts":"","ast-page-background-enabled":"default","ast-page-background-meta":{"desktop":{"background-color":"var(--ast-global-color-4)","background-image":"","background-repeat":"repeat","background-position":"center center","background-size":"auto","background-attachment":"scroll","background-type":"","background-media":"","overlay-type":"","overlay-color":"","overlay-gradient":""},"tablet":{"background-color":"","background-image":"","background-repeat":"repeat","background-position":"center center","background-size":"auto","background-attachment":"scroll","background-type":"","background-media":"","overlay-type":"","overlay-color":"","overlay-gradient":""},"mobile":{"background-color":"","background-image":"","background-repeat":"repeat","background-position":"center center","background-size":"auto","background-attachment":"scroll","background-type":"","background-media":"","overlay-type":"","overlay-color":"","overlay-gradient":""}},"ast-content-background-meta":{"desktop":{"background-color":"var(--ast-global-color-5)","background-image":"","background-repeat":"repeat","background-position":"center center","background-size":"auto","background-attachment":"scroll","background-type":"","background-media":"","overlay-type":"","overlay-color":"","overlay-gradient":""},"tablet":{"background-color":"var(--ast-global-color-5)","background-image":"","background-repeat":"repeat","background-position":"center center","background-size":"auto","background-attachment":"scroll","background-type":"","background-media":"","overlay-type":"","overlay-color":"","overlay-gradient":""},"mobile":{"background-color":"var(--ast-global-color-5)","background-image":"","background-repeat":"repeat","background-position":"center center","background-size":"auto","background-attachment":"scroll","background-type":"","background-media":"","overlay-type":"","overlay-color":"","overlay-gradient":""}},"footnotes":""},"class_list":["post-2147","page","type-page","status-publish","hentry"],"_links":{"self":[{"href":"http:\/\/himaya-innov.cerist.dz\/index.php\/wp-json\/wp\/v2\/pages\/2147","targetHints":{"allow":["GET"]}}],"collection":[{"href":"http:\/\/himaya-innov.cerist.dz\/index.php\/wp-json\/wp\/v2\/pages"}],"about":[{"href":"http:\/\/himaya-innov.cerist.dz\/index.php\/wp-json\/wp\/v2\/types\/page"}],"author":[{"embeddable":true,"href":"http:\/\/himaya-innov.cerist.dz\/index.php\/wp-json\/wp\/v2\/users\/1"}],"replies":[{"embeddable":true,"href":"http:\/\/himaya-innov.cerist.dz\/index.php\/wp-json\/wp\/v2\/comments?post=2147"}],"version-history":[{"count":27,"href":"http:\/\/himaya-innov.cerist.dz\/index.php\/wp-json\/wp\/v2\/pages\/2147\/revisions"}],"predecessor-version":[{"id":3153,"href":"http:\/\/himaya-innov.cerist.dz\/index.php\/wp-json\/wp\/v2\/pages\/2147\/revisions\/3153"}],"wp:attachment":[{"href":"http:\/\/himaya-innov.cerist.dz\/index.php\/wp-json\/wp\/v2\/media?parent=2147"}],"curies":[{"name":"wp","href":"https:\/\/api.w.org\/{rel}","templated":true}]}}