{"id":2312,"date":"2024-02-08T14:37:43","date_gmt":"2024-02-08T13:37:43","guid":{"rendered":"http:\/\/himaya-innov.cerist.dz\/?page_id=2312"},"modified":"2024-02-28T14:11:14","modified_gmt":"2024-02-28T13:11:14","slug":"results","status":"publish","type":"page","link":"http:\/\/himaya-innov.cerist.dz\/index.php\/results\/","title":{"rendered":"Results"},"content":{"rendered":"\t\t<div data-elementor-type=\"wp-page\" data-elementor-id=\"2312\" class=\"elementor elementor-2312\">\n\t\t\t\t\t\t\t<div class=\"has_eae_slider elementor-element elementor-element-cda3542 e-flex e-con-boxed e-con e-parent\" data-id=\"cda3542\" data-element_type=\"container\" data-settings=\"{&quot;content_width&quot;:&quot;boxed&quot;}\" data-core-v316-plus=\"true\">\n\t\t\t\t\t<div class=\"e-con-inner\">\n\t\t\t\t<div class=\"elementor-element elementor-element-b21bd95 elementor-widget elementor-widget-image\" data-id=\"b21bd95\" data-element_type=\"widget\" data-widget_type=\"image.default\">\n\t\t\t\t<div class=\"elementor-widget-container\">\n\t\t\t<style>\/*! elementor - v3.17.0 - 08-11-2023 *\/\n.elementor-widget-image{text-align:center}.elementor-widget-image a{display:inline-block}.elementor-widget-image a img[src$=\".svg\"]{width:48px}.elementor-widget-image img{vertical-align:middle;display:inline-block}<\/style>\t\t\t\t\t\t\t\t\t\t\t\t<img fetchpriority=\"high\" decoding=\"async\" width=\"1772\" height=\"591\" src=\"http:\/\/himaya-innov.cerist.dz\/wp-content\/uploads\/2024\/02\/banniere-himaya-4-sk-1.jpg\" class=\"attachment-full size-full wp-image-3031\" alt=\"\" srcset=\"http:\/\/himaya-innov.cerist.dz\/wp-content\/uploads\/2024\/02\/banniere-himaya-4-sk-1.jpg 1772w, http:\/\/himaya-innov.cerist.dz\/wp-content\/uploads\/2024\/02\/banniere-himaya-4-sk-1-300x100.jpg 300w, http:\/\/himaya-innov.cerist.dz\/wp-content\/uploads\/2024\/02\/banniere-himaya-4-sk-1-1024x342.jpg 1024w, http:\/\/himaya-innov.cerist.dz\/wp-content\/uploads\/2024\/02\/banniere-himaya-4-sk-1-768x256.jpg 768w, http:\/\/himaya-innov.cerist.dz\/wp-content\/uploads\/2024\/02\/banniere-himaya-4-sk-1-1536x512.jpg 1536w\" sizes=\"(max-width: 1772px) 100vw, 1772px\" \/>\t\t\t\t\t\t\t\t\t\t\t\t\t\t\t<\/div>\n\t\t\t\t<\/div>\n\t\t\t\t\t<\/div>\n\t\t\t\t<\/div>\n\t\t<div class=\"has_eae_slider elementor-element elementor-element-1726a08 e-flex e-con-boxed e-con e-parent\" data-id=\"1726a08\" data-element_type=\"container\" data-settings=\"{&quot;content_width&quot;:&quot;boxed&quot;}\" data-core-v316-plus=\"true\">\n\t\t\t\t\t<div class=\"e-con-inner\">\n\t\t\t\t<div class=\"elementor-element elementor-element-cf1afed elementor-widget elementor-widget-heading\" data-id=\"cf1afed\" data-element_type=\"widget\" data-widget_type=\"heading.default\">\n\t\t\t\t<div class=\"elementor-widget-container\">\n\t\t\t<style>\/*! elementor - v3.17.0 - 08-11-2023 *\/\n.elementor-heading-title{padding:0;margin:0;line-height:1}.elementor-widget-heading .elementor-heading-title[class*=elementor-size-]>a{color:inherit;font-size:inherit;line-height:inherit}.elementor-widget-heading .elementor-heading-title.elementor-size-small{font-size:15px}.elementor-widget-heading .elementor-heading-title.elementor-size-medium{font-size:19px}.elementor-widget-heading .elementor-heading-title.elementor-size-large{font-size:29px}.elementor-widget-heading .elementor-heading-title.elementor-size-xl{font-size:39px}.elementor-widget-heading .elementor-heading-title.elementor-size-xxl{font-size:59px}<\/style><h2 class=\"elementor-heading-title elementor-size-default\">Hackathon<\/h2>\t\t<\/div>\n\t\t\t\t<\/div>\n\t\t\t\t\t<\/div>\n\t\t\t\t<\/div>\n\t\t<div class=\"has_eae_slider elementor-element elementor-element-da268c8 e-flex e-con-boxed e-con e-parent\" data-id=\"da268c8\" data-element_type=\"container\" data-settings=\"{&quot;content_width&quot;:&quot;boxed&quot;}\" data-core-v316-plus=\"true\">\n\t\t\t\t\t<div class=\"e-con-inner\">\n\t\t\t\t<div class=\"elementor-element elementor-element-30b42d5 elementor-widget elementor-widget-text-editor\" data-id=\"30b42d5\" data-element_type=\"widget\" data-widget_type=\"text-editor.default\">\n\t\t\t\t<div class=\"elementor-widget-container\">\n\t\t\t<style>\/*! elementor - v3.17.0 - 08-11-2023 *\/\n.elementor-widget-text-editor.elementor-drop-cap-view-stacked .elementor-drop-cap{background-color:#69727d;color:#fff}.elementor-widget-text-editor.elementor-drop-cap-view-framed .elementor-drop-cap{color:#69727d;border:3px solid;background-color:transparent}.elementor-widget-text-editor:not(.elementor-drop-cap-view-default) .elementor-drop-cap{margin-top:8px}.elementor-widget-text-editor:not(.elementor-drop-cap-view-default) .elementor-drop-cap-letter{width:1em;height:1em}.elementor-widget-text-editor .elementor-drop-cap{float:left;text-align:center;line-height:1;font-size:50px}.elementor-widget-text-editor .elementor-drop-cap-letter{display:inline-block}<\/style>\t\t\t\t<h3><span style=\"color: #6ec1e4;\">Results of the Preselection (08\/02\/2024)<\/span><\/h3>\n<h4><span style=\"color: #6ec1e4;\">&nbsp;<\/span><span style=\"color: #6ec1e4;\"><span lang=\"en\">Candidates selected for the hackathon<br><\/span><\/span><\/h4>\n<ul>\n<li style=\"font-size: 16px;\">ALOUI Ahmed, Chaib Aimen, Abdelbaki Elhadj Abdelkader, Djellab Ayhem Mohamed&nbsp;<span style=\"font-weight: bold;\">\u00ab Forest Fire Prediction Using Artificial Intelligence with Alert System \u00bb<\/span>, Univ Mohamed Kheider of Biskra.<\/li>\n<li style=\"font-size: 16px;\">BENSATTALAH Aissa, Chalal Rachid, Daouadji Tahar Hassaine, Bensattalah Tayeb&nbsp;<span style=\"font-weight: bold;\">\u00ab Application de contr\u00f4le des inondations \u00e0 base des IoT, de traitement automatis\u00e9, et d&rsquo;intelligence artificielle \u00bb<\/span>&nbsp;Universit\u00e9 de Tiaret, ESI Alger.<\/li>\n<li style=\"font-size: 16px;\">BOUKABOU Abdelkrim, BENAMOURA Raid,&nbsp;<span style=\"font-weight: bold;\">\u00ab Smart Multi-Tasking Marine System \u00ab SM-TMS \u00bb<\/span>, Universit\u00e9 de Jijel.<\/li>\n<li style=\"font-size: 16px;\">BOUKHALKHAL Yassmine, GHARBI Osama Abderrahman, MAMMERI Mohamed Abdelfatah,&nbsp;<span style=\"font-weight: bold;\">\u00ab Issmaani \u00bb<\/span>&nbsp;Djelfa University, FLY\u2019IT.<\/li>\n<li style=\"font-size: 16px;\">CHAOUR Dounia, Laraba Oussama&nbsp;<span style=\"font-weight: bold;\">\u00ab WildKeepers \u00bb<\/span>, Data Digital one.<\/li>\n<li>GHAZLI Abdelkader, Ferdi Ahmed Yacine, Abid Dhiya Eddine, Feredj Younes&nbsp;<strong> \u00ab EEG Smart Helmet \u00bb<\/strong>, Universit\u00e9 Tahri Mohamed de B\u00e9char.<\/li>\n<li style=\"font-size: 16px;\">KERKAB Sara, Herida Amani, Labed Said&nbsp;<span style=\"font-weight: bold;\">\u00ab SparkSpy \u00bb<\/span>, Universit\u00e9 Abdelhamid Mehri Constantine 2, Flynbeds.<\/li>\n<li style=\"font-size: 16px;\"><span style=\"font-style: inherit; font-weight: inherit; font-family: var( --e-global-typography-text-font-family ), Sans-serif; text-align: var(--text-align); background-color: var(--ast-global-color-5); color: var(--ast-global-color-3);\">KHOUMERI El Hadi, Cherfaoui, Yasser, Hasmi Khaled<\/span><span style=\"font-weight: bold; font-style: inherit; font-family: var( --e-global-typography-text-font-family ), Sans-serif; text-align: var(--text-align); background-color: var(--ast-global-color-5); color: var(--ast-global-color-3);\">\u00ab FireWatch \u00bb<\/span><span style=\"font-style: inherit; font-weight: inherit; font-family: var( --e-global-typography-text-font-family ), Sans-serif; text-align: var(--text-align); background-color: var(--ast-global-color-5); color: var(--ast-global-color-3);\">&nbsp;ENSTA.<\/span><\/li>\n<li style=\"font-size: 16px;\"><span style=\"font-style: inherit; font-weight: inherit; font-family: var( --e-global-typography-text-font-family ), Sans-serif; text-align: var(--text-align); color: var(--ast-global-color-3); background-color: var(--ast-global-color-5);\">ROUBA Maria, BENALI Sara<\/span><span style=\"font-weight: bold; font-style: inherit; font-family: var( --e-global-typography-text-font-family ), Sans-serif; text-align: var(--text-align); color: var(--ast-global-color-3); background-color: var(--ast-global-color-5);\">&nbsp;\u00ab Forest Monitoring System for Early Fire Detection \u00bb<\/span><span style=\"font-style: inherit; font-weight: inherit; font-family: var( --e-global-typography-text-font-family ), Sans-serif; text-align: var(--text-align); color: var(--ast-global-color-3); background-color: var(--ast-global-color-5);\">, \u00c9cole Nationale Sup\u00e9rieure des Sciences G\u00e9od\u00e9siques et Techniques.<\/span><\/li>\n<li><span style=\"font-style: inherit; font-weight: inherit; font-family: var( --e-global-typography-text-font-family ), Sans-serif; text-align: var(--text-align); background-color: var(--ast-global-color-5); color: var(--ast-global-color-3);\">SOUALA Elhoussine, Benattia Mouhamed Al Amin, Belouar, Imad Eddine <\/span><strong style=\"font-style: inherit; font-family: var( --e-global-typography-text-font-family ), Sans-serif; text-align: var(--text-align); background-color: var(--ast-global-color-5); color: var(--ast-global-color-3);\">\u00ab Syst\u00e8me de D\u00e9tection Pr\u00e9coce des Incendies par LoRaWAN \u00bb<\/strong><span style=\"font-style: inherit; font-weight: inherit; font-family: var( --e-global-typography-text-font-family ), Sans-serif; text-align: var(--text-align); background-color: var(--ast-global-color-5); color: var(--ast-global-color-3);\">, ESI Sidi Bel Abbes, Universit\u00e9 Mohamed El Bachir El Ibrahimi.<\/span><\/li><\/ul><ol>\n<\/ol>\t\t\t\t\t\t<\/div>\n\t\t\t\t<\/div>\n\t\t\t\t\t<\/div>\n\t\t\t\t<\/div>\n\t\t<div class=\"has_eae_slider elementor-element elementor-element-90b3246 e-flex e-con-boxed e-con e-parent\" data-id=\"90b3246\" data-element_type=\"container\" data-settings=\"{&quot;content_width&quot;:&quot;boxed&quot;}\" data-core-v316-plus=\"true\">\n\t\t\t\t\t<div class=\"e-con-inner\">\n\t\t\t\t<div class=\"elementor-element elementor-element-e4491d6 elementor-widget elementor-widget-text-editor\" data-id=\"e4491d6\" data-element_type=\"widget\" data-widget_type=\"text-editor.default\">\n\t\t\t\t<div class=\"elementor-widget-container\">\n\t\t\t\t\t\t\t<h2><span style=\"color: #ff6600;\">Poster Session<\/span><\/h2>\n<h4><span style=\"color: #333300;\">Accepted Posters<\/span><\/h4>\n<ul>\n<li>MATOUGUI Zakaria, DJERBAL Lynda, BAHAR Ramdane, \u00a0\u00bb \u00ab\u00a0<strong>Enhancing Landslide Hazard Preparedness: Susceptibility Mapping for Early Warning Systems<\/strong>\u00ab\u00a0, USTHB.<\/li>\n<li>BENABDELLAH Youcef, RABAH Mohammed Amine, \u00ab\u00a0<strong>Evaluating Satellite Capabilities for Emergency Communications and Data Transfer in Disaster Management<\/strong>\u00ab\u00a0, Algerian Space Agency, Satellite Development Center.<\/li>\n<li>HANNANE Amir Mokhtar, BENALLAL Mohamed Anis, \u00ab\u00a0<strong>Satellite Data for Forest Fire Detection using Deep learning<\/strong>\u00ab\u00a0, USTO-MB.<\/li>\n<li>BELBAHI Halima,&nbsp; NOURA Hichem, MEBARKI Ahmed, \u00ab\u00a0<strong>A Data-Driven Approach to Post-Earthquake Building Damage Assessment Using Random Forest Modeling<\/strong>\u00ab\u00a0, Djilali Bounaama&nbsp; University of Khemis Miliana.<\/li>\n<li>KERBAB Sarra, LABED Said, HERID Amani, \u00ab\u00a0<strong>Intelligent Forest and Fields Fire Detection Systems<\/strong>\u00ab\u00a0,<\/li>\n<li>Belhadj Benziane Abdelhammid , Mokhtari Djamel Eddine, \u00ab\u00a0<strong>R\u00f4le du syst\u00e8me d\u2019information g\u00e9ographique dans la gestion des interventions li\u00e9es \u00e0 la pand\u00e9mie Covid-19<\/strong>\u00ab\u00a0, Hassiba Benbouali University of Chlef.<\/li>\n<li>M. MALKI , A.L. BOUKHALKHAL , S. BOUBENDIR M.N. LEKMOUCHI , A. BENKOUITEN, \u00ab\u00a0<strong>Design and Fabrication of a Fire Fighting Robot with Flame Detection<\/strong>\u00ab\u00a0, National School of Advanced Technologies Bordj El Kiffan, Faculty of Science and Technology, University of Djelfa, USTHB.<\/li>\n<li style=\"font-size: 16px;\">Belhachemi Mohammed Habib, BELMIR Sara and&nbsp;BELHACHEMI Nadjl\u00e2a ,&nbsp;\u00ab\u00a0<span style=\"font-weight: 700;\">Flood Stop&nbsp; \u0627\u0634\u0627\u0631\u0629 \u0645\u0631\u0648\u0631 \u062a\u062d\u0630\u064a\u0631\u064a\u0629 \u0644\u062e\u0637\u0631 \u0641\u064a\u0636\u0627\u0646 \u0627\u0644\u0623\u0648\u062f\u064a\u0629\u00a0\u00bb<\/span>,&nbsp; University of Gharda\u00efa<\/li>\n<\/ul>\t\t\t\t\t\t<\/div>\n\t\t\t\t<\/div>\n\t\t\t\t\t<\/div>\n\t\t\t\t<\/div>\n\t\t\t\t\t\t\t<\/div>\n\t\t","protected":false},"excerpt":{"rendered":"<p>Hackathon Results of the Preselection (08\/02\/2024) &nbsp;Candidates selected for the hackathon ALOUI Ahmed, Chaib Aimen, Abdelbaki Elhadj Abdelkader, Djellab Ayhem Mohamed&nbsp;\u00ab Forest Fire Prediction Using Artificial Intelligence with Alert System \u00bb, Univ Mohamed Kheider of Biskra. BENSATTALAH Aissa, Chalal Rachid, Daouadji Tahar Hassaine, Bensattalah Tayeb&nbsp;\u00ab Application de contr\u00f4le des inondations \u00e0 base des IoT, de &hellip;<\/p>\n<p class=\"read-more\"> <a class=\"\" href=\"http:\/\/himaya-innov.cerist.dz\/index.php\/results\/\"> <span class=\"screen-reader-text\">Results<\/span> Lire la suite\u00a0\u00bb<\/a><\/p>\n","protected":false},"author":1,"featured_media":0,"parent":0,"menu_order":0,"comment_status":"closed","ping_status":"closed","template":"","meta":{"site-sidebar-layout":"no-sidebar","site-content-layout":"","ast-site-content-layout":"full-width-container","site-content-style":"default","site-sidebar-style":"default","ast-global-header-display":"","ast-banner-title-visibility":"","ast-main-header-display":"","ast-hfb-above-header-display":"","ast-hfb-below-header-display":"","ast-hfb-mobile-header-display":"","site-post-title":"disabled","ast-breadcrumbs-content":"","ast-featured-img":"disabled","footer-sml-layout":"","theme-transparent-header-meta":"","adv-header-id-meta":"","stick-header-meta":"","header-above-stick-meta":"","header-main-stick-meta":"","header-below-stick-meta":"","astra-migrate-meta-layouts":"","ast-page-background-enabled":"default","ast-page-background-meta":{"desktop":{"background-color":"var(--ast-global-color-4)","background-image":"","background-repeat":"repeat","background-position":"center center","background-size":"auto","background-attachment":"scroll","background-type":"","background-media":"","overlay-type":"","overlay-color":"","overlay-gradient":""},"tablet":{"background-color":"","background-image":"","background-repeat":"repeat","background-position":"center center","background-size":"auto","background-attachment":"scroll","background-type":"","background-media":"","overlay-type":"","overlay-color":"","overlay-gradient":""},"mobile":{"background-color":"","background-image":"","background-repeat":"repeat","background-position":"center center","background-size":"auto","background-attachment":"scroll","background-type":"","background-media":"","overlay-type":"","overlay-color":"","overlay-gradient":""}},"ast-content-background-meta":{"desktop":{"background-color":"var(--ast-global-color-5)","background-image":"","background-repeat":"repeat","background-position":"center center","background-size":"auto","background-attachment":"scroll","background-type":"","background-media":"","overlay-type":"","overlay-color":"","overlay-gradient":""},"tablet":{"background-color":"var(--ast-global-color-5)","background-image":"","background-repeat":"repeat","background-position":"center center","background-size":"auto","background-attachment":"scroll","background-type":"","background-media":"","overlay-type":"","overlay-color":"","overlay-gradient":""},"mobile":{"background-color":"var(--ast-global-color-5)","background-image":"","background-repeat":"repeat","background-position":"center center","background-size":"auto","background-attachment":"scroll","background-type":"","background-media":"","overlay-type":"","overlay-color":"","overlay-gradient":""}},"footnotes":""},"class_list":["post-2312","page","type-page","status-publish","hentry"],"_links":{"self":[{"href":"http:\/\/himaya-innov.cerist.dz\/index.php\/wp-json\/wp\/v2\/pages\/2312","targetHints":{"allow":["GET"]}}],"collection":[{"href":"http:\/\/himaya-innov.cerist.dz\/index.php\/wp-json\/wp\/v2\/pages"}],"about":[{"href":"http:\/\/himaya-innov.cerist.dz\/index.php\/wp-json\/wp\/v2\/types\/page"}],"author":[{"embeddable":true,"href":"http:\/\/himaya-innov.cerist.dz\/index.php\/wp-json\/wp\/v2\/users\/1"}],"replies":[{"embeddable":true,"href":"http:\/\/himaya-innov.cerist.dz\/index.php\/wp-json\/wp\/v2\/comments?post=2312"}],"version-history":[{"count":124,"href":"http:\/\/himaya-innov.cerist.dz\/index.php\/wp-json\/wp\/v2\/pages\/2312\/revisions"}],"predecessor-version":[{"id":3584,"href":"http:\/\/himaya-innov.cerist.dz\/index.php\/wp-json\/wp\/v2\/pages\/2312\/revisions\/3584"}],"wp:attachment":[{"href":"http:\/\/himaya-innov.cerist.dz\/index.php\/wp-json\/wp\/v2\/media?parent=2312"}],"curies":[{"name":"wp","href":"https:\/\/api.w.org\/{rel}","templated":true}]}}