{"id":2372,"date":"2024-02-08T17:29:33","date_gmt":"2024-02-08T16:29:33","guid":{"rendered":"http:\/\/himaya-innov.cerist.dz\/?page_id=2372"},"modified":"2024-02-26T14:47:32","modified_gmt":"2024-02-26T13:47:32","slug":"results-ar","status":"publish","type":"page","link":"http:\/\/himaya-innov.cerist.dz\/index.php\/language\/ar\/results-ar\/","title":{"rendered":"\u0627\u0644\u0646\u062a\u0627\u0626\u062c"},"content":{"rendered":"\t\t<div data-elementor-type=\"wp-page\" data-elementor-id=\"2372\" class=\"elementor elementor-2372\">\n\t\t\t\t\t\t\t<div class=\"has_eae_slider elementor-element elementor-element-cda3542 e-flex e-con-boxed e-con e-parent\" data-id=\"cda3542\" data-element_type=\"container\" data-settings=\"{&quot;content_width&quot;:&quot;boxed&quot;}\" data-core-v316-plus=\"true\">\n\t\t\t\t\t<div class=\"e-con-inner\">\n\t\t\t\t<div class=\"elementor-element elementor-element-b21bd95 elementor-widget elementor-widget-image\" data-id=\"b21bd95\" data-element_type=\"widget\" data-widget_type=\"image.default\">\n\t\t\t\t<div class=\"elementor-widget-container\">\n\t\t\t<style>\/*! elementor - v3.17.0 - 08-11-2023 *\/\n.elementor-widget-image{text-align:center}.elementor-widget-image a{display:inline-block}.elementor-widget-image a img[src$=\".svg\"]{width:48px}.elementor-widget-image img{vertical-align:middle;display:inline-block}<\/style>\t\t\t\t\t\t\t\t\t\t\t\t<img fetchpriority=\"high\" decoding=\"async\" width=\"1772\" height=\"591\" src=\"http:\/\/himaya-innov.cerist.dz\/wp-content\/uploads\/2024\/02\/banniere-himaya-4-sk-2.jpg\" class=\"attachment-full size-full wp-image-3050\" alt=\"\" srcset=\"http:\/\/himaya-innov.cerist.dz\/wp-content\/uploads\/2024\/02\/banniere-himaya-4-sk-2.jpg 1772w, http:\/\/himaya-innov.cerist.dz\/wp-content\/uploads\/2024\/02\/banniere-himaya-4-sk-2-300x100.jpg 300w, http:\/\/himaya-innov.cerist.dz\/wp-content\/uploads\/2024\/02\/banniere-himaya-4-sk-2-1024x342.jpg 1024w, http:\/\/himaya-innov.cerist.dz\/wp-content\/uploads\/2024\/02\/banniere-himaya-4-sk-2-768x256.jpg 768w, http:\/\/himaya-innov.cerist.dz\/wp-content\/uploads\/2024\/02\/banniere-himaya-4-sk-2-1536x512.jpg 1536w, http:\/\/himaya-innov.cerist.dz\/wp-content\/uploads\/2024\/02\/elementor\/thumbs\/banniere-himaya-4-sk-2-qk6q1c6ma88t7n96mc9p48k06hgyw2a3z4a0k06y6g.jpg 1500w\" sizes=\"(max-width: 1772px) 100vw, 1772px\" \/>\t\t\t\t\t\t\t\t\t\t\t\t\t\t\t<\/div>\n\t\t\t\t<\/div>\n\t\t\t\t\t<\/div>\n\t\t\t\t<\/div>\n\t\t<div class=\"has_eae_slider elementor-element elementor-element-1726a08 e-flex e-con-boxed e-con e-parent\" data-id=\"1726a08\" data-element_type=\"container\" data-settings=\"{&quot;content_width&quot;:&quot;boxed&quot;}\" data-core-v316-plus=\"true\">\n\t\t\t\t\t<div class=\"e-con-inner\">\n\t\t\t\t<div class=\"elementor-element elementor-element-cf1afed elementor-widget elementor-widget-heading\" data-id=\"cf1afed\" data-element_type=\"widget\" data-widget_type=\"heading.default\">\n\t\t\t\t<div class=\"elementor-widget-container\">\n\t\t\t<style>\/*! elementor - v3.17.0 - 08-11-2023 *\/\n.elementor-heading-title{padding:0;margin:0;line-height:1}.elementor-widget-heading .elementor-heading-title[class*=elementor-size-]>a{color:inherit;font-size:inherit;line-height:inherit}.elementor-widget-heading .elementor-heading-title.elementor-size-small{font-size:15px}.elementor-widget-heading .elementor-heading-title.elementor-size-medium{font-size:19px}.elementor-widget-heading .elementor-heading-title.elementor-size-large{font-size:29px}.elementor-widget-heading .elementor-heading-title.elementor-size-xl{font-size:39px}.elementor-widget-heading .elementor-heading-title.elementor-size-xxl{font-size:59px}<\/style><h2 class=\"elementor-heading-title elementor-size-default\">\u0646\u062a\u0627\u0626\u062c \u0627\u0644\u0647\u0627\u0643\u0627\u062b\u0648\u0646<\/h2>\t\t<\/div>\n\t\t\t\t<\/div>\n\t\t\t\t\t<\/div>\n\t\t\t\t<\/div>\n\t\t<div class=\"has_eae_slider elementor-element elementor-element-da268c8 e-flex e-con-boxed e-con e-parent\" data-id=\"da268c8\" data-element_type=\"container\" data-settings=\"{&quot;content_width&quot;:&quot;boxed&quot;}\" data-core-v316-plus=\"true\">\n\t\t\t\t\t<div class=\"e-con-inner\">\n\t\t\t\t<div class=\"elementor-element elementor-element-30b42d5 elementor-widget elementor-widget-text-editor\" data-id=\"30b42d5\" data-element_type=\"widget\" data-widget_type=\"text-editor.default\">\n\t\t\t\t<div class=\"elementor-widget-container\">\n\t\t\t<style>\/*! elementor - v3.17.0 - 08-11-2023 *\/\n.elementor-widget-text-editor.elementor-drop-cap-view-stacked .elementor-drop-cap{background-color:#69727d;color:#fff}.elementor-widget-text-editor.elementor-drop-cap-view-framed .elementor-drop-cap{color:#69727d;border:3px solid;background-color:transparent}.elementor-widget-text-editor:not(.elementor-drop-cap-view-default) .elementor-drop-cap{margin-top:8px}.elementor-widget-text-editor:not(.elementor-drop-cap-view-default) .elementor-drop-cap-letter{width:1em;height:1em}.elementor-widget-text-editor .elementor-drop-cap{float:left;text-align:center;line-height:1;font-size:50px}.elementor-widget-text-editor .elementor-drop-cap-letter{display:inline-block}<\/style>\t\t\t\t<h3 style=\"text-align: right;\"><span style=\"color: #6ec1e4;\">\u0646\u062a\u0627\u0626\u062c \u0627\u0644\u0627\u062e\u062a\u064a\u0627\u0631 \u0627\u0644\u0623\u0648\u0644\u064a<\/span><\/h3><h4 style=\"text-align: right;\"><span style=\"color: #6ec1e4;\"><span class=\"HwtZe\" lang=\"en\"><span class=\"jCAhz ChMk0b\"><span class=\"ryNqvb\">\u0627\u0644\u0645\u0631\u0634\u062d\u064a\u0646 \u0627\u0644\u0630\u064a\u0646 \u062a\u0645 \u0627\u062e\u062a\u064a\u0627\u0631\u0647\u0645 \u0644\u0644\u0647\u0627\u0643\u0627\u062b\u0648\u0646\u00a0 2024\/02\/08<br \/><\/span><\/span><\/span><\/span><\/h4><p style=\"text-align: left;\">GHAZLI Abdelkader, Ferdi Ahmed Yacine, Abid Dhiya Eddine, Feredj Younes \u00ab\u00a0EEG Smart Helmet\u00a0\u00bb, Universit\u00e9 Tahri Mohamed de B\u00e9char.<br \/>BOUKHALKHAL Yassmine, GHARBI Osama Abderrahman, MAMMERI Mohamed Abdelfatah, \u00ab\u00a0Issmaani\u00a0\u00bb Djelfa University, FLY\u2019IT.<br \/>SOUALA Elhoussine, Benattia Mouhamed Al Amin, Belouar, Imad Eddine\u00ab Syst\u00e8me de D\u00e9tection Pr\u00e9coce des Incendies par LoRaWAN \u00bb, ESI Sidi Bel Abbes, Universit\u00e9 Mohamed El Bachir El Ibrahimi.<br \/>CHAOUR Dounia, Laraba Oussama\u00ab\u00a0WildKeepers\u00a0\u00bb, Data Digital one.<br \/>BOUKABOU Abdelkrim, BENAMOURA Raid, \u00ab\u00a0Smart Multi-Tasking Marine System \u00ab SM-TMS \u00bb, Universit\u00e9 de Jijel.<br \/>ALOUI Ahmed, Chaib Aimen, Abdelbaki Elhadj Abdelkader, Djellab Ayhem Mohamed \u00ab\u00a0Forest Fire Prediction Using Artificial Intelligence with Alert System\u00a0\u00bb,Univ Mohamed kheider of Biskra.<br \/>ROUBA Maria, BENALI Sara \u00ab\u00a0Forest Monitoring System for Early Fire Detection\u00a0\u00bb, \u00c9cole Nationale Sup\u00e9rieure des Sciences G\u00e9od\u00e9siques et Techniques.<br \/>KERKAB Sara, Herida Amani, Labed Said \u00ab\u00a0SparkSpy\u00a0\u00bb, Universite Abdelhamid Mehri Constantine 2, Flynbeds. <br \/>KHOUMERI El Hadi, Cherfaoui, Yasser \u00ab\u00a0FireWatch\u00a0\u00bb ENSTA.<br \/>BENSATTALAH Aissa, Chalal Rachid, Daouadji Tahar Hassaine, Bensattalah Tayeb \u00ab\u00a0Application de contr\u00f4le des inondations \u00e0 base des IoT &#8230; \u00bb Universit\u00e9 de Tiaret, ESI Alger.<\/p>\t\t\t\t\t\t<\/div>\n\t\t\t\t<\/div>\n\t\t\t\t\t<\/div>\n\t\t\t\t<\/div>\n\t\t<div class=\"has_eae_slider elementor-element elementor-element-90b3246 e-flex e-con-boxed e-con e-parent\" data-id=\"90b3246\" data-element_type=\"container\" data-settings=\"{&quot;content_width&quot;:&quot;boxed&quot;}\" data-core-v316-plus=\"true\">\n\t\t\t\t\t<div class=\"e-con-inner\">\n\t\t\t\t<div class=\"elementor-element elementor-element-e4491d6 elementor-widget elementor-widget-text-editor\" data-id=\"e4491d6\" data-element_type=\"widget\" data-widget_type=\"text-editor.default\">\n\t\t\t\t<div class=\"elementor-widget-container\">\n\t\t\t\t\t\t\t<h3 style=\"text-align: right;\"><span style=\"color: #f18543;\">\u0646\u062a\u0627\u0626\u062c\u00a0 \u0627\u0644\u0645\u0644\u0635\u0642\u0627\u062a<\/span><\/h3><p style=\"text-align: left;\">MATOUGUI Zakaria, DJERBAL Lynda, BAHAR Ramdane, \u00a0\u00bb \u00ab\u00a0<strong>Enhancing Landslide Hazard Preparedness: Susceptibility Mapping for Early Warning Systems<\/strong>\u00ab\u00a0, USTHB.<\/p><p style=\"text-align: left;\">BENABDELLAH Youcef, RABAH Mohammed Amine, \u00ab\u00a0<strong>Evaluating Satellite Capabilities for Emergency Communications and Data Transfer in Disaster Management<\/strong>\u00ab\u00a0, Algerian Space Agency, Satellite Development Center.<\/p><p style=\"text-align: left;\">HANNANE Amir Mokhtar, BENALLAL Mohamed Anis, \u00ab\u00a0<strong>Satellite Data for Forest Fire Detection using Deep learning<\/strong>\u00ab\u00a0, USTO-MB.<\/p><p style=\"text-align: left;\">BELBAHI Halima,\u00a0 NOURA Hicham,MEBARKI Ahmed, \u00ab\u00a0<strong>A Data-Driven Approach to Post-Earthquake Building Damage Assessment Using Random Forest Modeling<\/strong>\u00ab\u00a0, Universite djillali bounamaa khmiss miliana.<\/p><p style=\"text-align: left;\">KERBAB Sarra, LABED Said, HERID Amani, \u00ab\u00a0<strong>Intelligent Forest and Fields Fire Detection Systems<\/strong>\u00ab\u00a0,<\/p><p style=\"text-align: left;\">Belhadj Benziane Abdelhammid , Mokhtari Djamel Eddine, \u00ab\u00a0<strong>R\u00f4le du syst\u00e8me d\u2019information g\u00e9ographique dans la gestion des interventions li\u00e9es \u00e0 la pand\u00e9mie Covid-19<\/strong>\u00ab\u00a0, Hassiba Benbouali University\u00a0\u00a0 Chlef.<\/p><p style=\"text-align: left;\">M. MALKI , A.L. BOUKHALKHAL , S. BOUBENDIR M.N. LEKMOUCHI , A. BENKOUITEN, \u00ab\u00a0<strong>Design and Fabrication of a Fire Fighting Robot with Flame Detection<\/strong>\u00ab\u00a0, National School of Advanced Technologies Bordj El Kiffan, Faculty of Science and Technology, University of Djelfa, USTHB.<\/p><p style=\"text-align: left;\">.Belhachemi Mohammed Habib et al. \u00ab\u00a0<strong>Flood Stop<\/strong>\u00ab\u00a0, Univesity of Gharda\u00efa<\/p>\t\t\t\t\t\t<\/div>\n\t\t\t\t<\/div>\n\t\t\t\t\t<\/div>\n\t\t\t\t<\/div>\n\t\t\t\t\t\t\t<\/div>\n\t\t","protected":false},"excerpt":{"rendered":"<p>\u0646\u062a\u0627\u0626\u062c \u0627\u0644\u0647\u0627\u0643\u0627\u062b\u0648\u0646 \u0646\u062a\u0627\u0626\u062c \u0627\u0644\u0627\u062e\u062a\u064a\u0627\u0631 \u0627\u0644\u0623\u0648\u0644\u064a \u0627\u0644\u0645\u0631\u0634\u062d\u064a\u0646 \u0627\u0644\u0630\u064a\u0646 \u062a\u0645 \u0627\u062e\u062a\u064a\u0627\u0631\u0647\u0645 \u0644\u0644\u0647\u0627\u0643\u0627\u062b\u0648\u0646\u00a0 2024\/02\/08 GHAZLI Abdelkader, Ferdi Ahmed Yacine, Abid Dhiya Eddine, Feredj Younes \u00ab\u00a0EEG Smart Helmet\u00a0\u00bb, Universit\u00e9 Tahri Mohamed de B\u00e9char.BOUKHALKHAL Yassmine, GHARBI Osama Abderrahman, MAMMERI Mohamed Abdelfatah, \u00ab\u00a0Issmaani\u00a0\u00bb Djelfa University, FLY\u2019IT.SOUALA Elhoussine, Benattia Mouhamed Al Amin, Belouar, Imad Eddine\u00ab Syst\u00e8me de D\u00e9tection Pr\u00e9coce des Incendies par &hellip;<\/p>\n<p class=\"read-more\"> <a class=\"\" href=\"http:\/\/himaya-innov.cerist.dz\/index.php\/language\/ar\/results-ar\/\"> <span class=\"screen-reader-text\">\u0627\u0644\u0646\u062a\u0627\u0626\u062c<\/span> Lire la suite\u00a0\u00bb<\/a><\/p>\n","protected":false},"author":1,"featured_media":0,"parent":0,"menu_order":0,"comment_status":"closed","ping_status":"closed","template":"","meta":{"site-sidebar-layout":"no-sidebar","site-content-layout":"","ast-site-content-layout":"full-width-container","site-content-style":"default","site-sidebar-style":"default","ast-global-header-display":"","ast-banner-title-visibility":"","ast-main-header-display":"","ast-hfb-above-header-display":"","ast-hfb-below-header-display":"","ast-hfb-mobile-header-display":"","site-post-title":"disabled","ast-breadcrumbs-content":"","ast-featured-img":"disabled","footer-sml-layout":"","theme-transparent-header-meta":"","adv-header-id-meta":"","stick-header-meta":"","header-above-stick-meta":"","header-main-stick-meta":"","header-below-stick-meta":"","astra-migrate-meta-layouts":"","ast-page-background-enabled":"default","ast-page-background-meta":{"desktop":{"background-color":"var(--ast-global-color-4)","background-image":"","background-repeat":"repeat","background-position":"center center","background-size":"auto","background-attachment":"scroll","background-type":"","background-media":"","overlay-type":"","overlay-color":"","overlay-gradient":""},"tablet":{"background-color":"","background-image":"","background-repeat":"repeat","background-position":"center center","background-size":"auto","background-attachment":"scroll","background-type":"","background-media":"","overlay-type":"","overlay-color":"","overlay-gradient":""},"mobile":{"background-color":"","background-image":"","background-repeat":"repeat","background-position":"center center","background-size":"auto","background-attachment":"scroll","background-type":"","background-media":"","overlay-type":"","overlay-color":"","overlay-gradient":""}},"ast-content-background-meta":{"desktop":{"background-color":"var(--ast-global-color-5)","background-image":"","background-repeat":"repeat","background-position":"center center","background-size":"auto","background-attachment":"scroll","background-type":"","background-media":"","overlay-type":"","overlay-color":"","overlay-gradient":""},"tablet":{"background-color":"var(--ast-global-color-5)","background-image":"","background-repeat":"repeat","background-position":"center center","background-size":"auto","background-attachment":"scroll","background-type":"","background-media":"","overlay-type":"","overlay-color":"","overlay-gradient":""},"mobile":{"background-color":"var(--ast-global-color-5)","background-image":"","background-repeat":"repeat","background-position":"center center","background-size":"auto","background-attachment":"scroll","background-type":"","background-media":"","overlay-type":"","overlay-color":"","overlay-gradient":""}},"footnotes":""},"class_list":["post-2372","page","type-page","status-publish","hentry"],"_links":{"self":[{"href":"http:\/\/himaya-innov.cerist.dz\/index.php\/wp-json\/wp\/v2\/pages\/2372","targetHints":{"allow":["GET"]}}],"collection":[{"href":"http:\/\/himaya-innov.cerist.dz\/index.php\/wp-json\/wp\/v2\/pages"}],"about":[{"href":"http:\/\/himaya-innov.cerist.dz\/index.php\/wp-json\/wp\/v2\/types\/page"}],"author":[{"embeddable":true,"href":"http:\/\/himaya-innov.cerist.dz\/index.php\/wp-json\/wp\/v2\/users\/1"}],"replies":[{"embeddable":true,"href":"http:\/\/himaya-innov.cerist.dz\/index.php\/wp-json\/wp\/v2\/comments?post=2372"}],"version-history":[{"count":31,"href":"http:\/\/himaya-innov.cerist.dz\/index.php\/wp-json\/wp\/v2\/pages\/2372\/revisions"}],"predecessor-version":[{"id":3422,"href":"http:\/\/himaya-innov.cerist.dz\/index.php\/wp-json\/wp\/v2\/pages\/2372\/revisions\/3422"}],"wp:attachment":[{"href":"http:\/\/himaya-innov.cerist.dz\/index.php\/wp-json\/wp\/v2\/media?parent=2372"}],"curies":[{"name":"wp","href":"https:\/\/api.w.org\/{rel}","templated":true}]}}