{"id":2735,"date":"2024-02-21T15:22:21","date_gmt":"2024-02-21T14:22:21","guid":{"rendered":"http:\/\/himaya-innov.cerist.dz\/?page_id=2735"},"modified":"2024-02-28T18:22:17","modified_gmt":"2024-02-28T17:22:17","slug":"journees-etudes","status":"publish","type":"page","link":"http:\/\/himaya-innov.cerist.dz\/index.php\/language\/fr\/journees-etudes\/","title":{"rendered":"Journ\u00e9es d&rsquo;\u00e9tudes"},"content":{"rendered":"\t\t<div data-elementor-type=\"wp-page\" data-elementor-id=\"2735\" class=\"elementor elementor-2735\">\n\t\t\t\t\t\t\t<div class=\"has_eae_slider elementor-element elementor-element-b5e5019 e-con-full e-flex e-con e-parent\" data-id=\"b5e5019\" data-element_type=\"container\" data-settings=\"{&quot;content_width&quot;:&quot;full&quot;}\" data-core-v316-plus=\"true\">\n\t\t<div class=\"has_eae_slider elementor-element elementor-element-0d3d44b e-flex e-con-boxed e-con e-child\" data-id=\"0d3d44b\" data-element_type=\"container\" data-settings=\"{&quot;content_width&quot;:&quot;boxed&quot;}\">\n\t\t\t\t\t<div class=\"e-con-inner\">\n\t\t\t\t<div class=\"elementor-element elementor-element-41dea39 elementor-widget elementor-widget-image\" data-id=\"41dea39\" data-element_type=\"widget\" data-widget_type=\"image.default\">\n\t\t\t\t<div class=\"elementor-widget-container\">\n\t\t\t<style>\/*! elementor - v3.17.0 - 08-11-2023 *\/\n.elementor-widget-image{text-align:center}.elementor-widget-image a{display:inline-block}.elementor-widget-image a img[src$=\".svg\"]{width:48px}.elementor-widget-image img{vertical-align:middle;display:inline-block}<\/style>\t\t\t\t\t\t\t\t\t\t\t\t<img fetchpriority=\"high\" decoding=\"async\" width=\"1772\" height=\"591\" src=\"http:\/\/himaya-innov.cerist.dz\/wp-content\/uploads\/2024\/02\/banniere-himaya-4-sk-1.jpg\" class=\"attachment-full size-full wp-image-3031\" alt=\"\" srcset=\"http:\/\/himaya-innov.cerist.dz\/wp-content\/uploads\/2024\/02\/banniere-himaya-4-sk-1.jpg 1772w, http:\/\/himaya-innov.cerist.dz\/wp-content\/uploads\/2024\/02\/banniere-himaya-4-sk-1-300x100.jpg 300w, http:\/\/himaya-innov.cerist.dz\/wp-content\/uploads\/2024\/02\/banniere-himaya-4-sk-1-1024x342.jpg 1024w, http:\/\/himaya-innov.cerist.dz\/wp-content\/uploads\/2024\/02\/banniere-himaya-4-sk-1-768x256.jpg 768w, http:\/\/himaya-innov.cerist.dz\/wp-content\/uploads\/2024\/02\/banniere-himaya-4-sk-1-1536x512.jpg 1536w\" sizes=\"(max-width: 1772px) 100vw, 1772px\" \/>\t\t\t\t\t\t\t\t\t\t\t\t\t\t\t<\/div>\n\t\t\t\t<\/div>\n\t\t\t\t\t<\/div>\n\t\t\t\t<\/div>\n\t\t\t\t<\/div>\n\t\t<div class=\"has_eae_slider elementor-element elementor-element-704fac6 e-con-full e-flex e-con e-parent\" data-id=\"704fac6\" data-element_type=\"container\" data-settings=\"{&quot;content_width&quot;:&quot;full&quot;}\" data-core-v316-plus=\"true\">\n\t\t<div class=\"has_eae_slider elementor-element elementor-element-9b51050 e-flex e-con-boxed e-con e-child\" data-id=\"9b51050\" data-element_type=\"container\" data-settings=\"{&quot;content_width&quot;:&quot;boxed&quot;}\">\n\t\t\t\t\t<div class=\"e-con-inner\">\n\t\t\t\t<div class=\"elementor-element elementor-element-fc3ba8d elementor-widget elementor-widget-text-editor\" data-id=\"fc3ba8d\" data-element_type=\"widget\" data-widget_type=\"text-editor.default\">\n\t\t\t\t<div class=\"elementor-widget-container\">\n\t\t\t<style>\/*! elementor - v3.17.0 - 08-11-2023 *\/\n.elementor-widget-text-editor.elementor-drop-cap-view-stacked .elementor-drop-cap{background-color:#69727d;color:#fff}.elementor-widget-text-editor.elementor-drop-cap-view-framed .elementor-drop-cap{color:#69727d;border:3px solid;background-color:transparent}.elementor-widget-text-editor:not(.elementor-drop-cap-view-default) .elementor-drop-cap{margin-top:8px}.elementor-widget-text-editor:not(.elementor-drop-cap-view-default) .elementor-drop-cap-letter{width:1em;height:1em}.elementor-widget-text-editor .elementor-drop-cap{float:left;text-align:center;line-height:1;font-size:50px}.elementor-widget-text-editor .elementor-drop-cap-letter{display:inline-block}<\/style>\t\t\t\t<h3 style=\"text-align: center;\"><span style=\"color: #ff6600;\"><strong>Deuxi\u00e8me \u00e9dition des journ\u00e9es nationales d&rsquo;\u00e9tudes sur les perspectives de la Protection Civile Alg\u00e9rienne pour accompagner les \u00e9volutions scientifiques et technologiques modernes.<\/strong><\/span><\/h3><h3 style=\"text-align: center;\"><span style=\"color: #ff6600;\">4, 5 et 6 mars 2024, CERIST<\/span><\/h3><h5><strong>\u00a0<\/strong><\/h5><p>Poursuivant les travaux visant \u00e0 consolider les relations entre les institutions alg\u00e9riennes de recherche scientifique et de d\u00e9veloppement technologique avec leur environnement \u00e9conomique et social, et co\u00efncidant avec la Journ\u00e9e internationale et la Journ\u00e9e maghr\u00e9bine de la protection civile, correspondant aux 1er et 18 mars, le CEntre de Recherche L&rsquo;Information Scientifique et Technique (CERIST) a l&rsquo;honneur d&rsquo;accueillir la deuxi\u00e8me \u00e9dition des \u00abJourn\u00e9es nationales d&rsquo;\u00e9tudes sur les perspectives de la Protection Civile Alg\u00e9rienne pour accompagner les \u00e9volutions scientifiques et technologiques modernes\u00bb.<\/p><h4><span style=\"color: #ff6600;\">Objectifs et dimensions des journ\u00e9es d&rsquo;\u00e9tudes<\/span><\/h4><p>\u2022<strong> La dimension scientifique<\/strong> : Proposer des axes de recherche scientifique dans lesquels vont s&rsquo;ins\u00e9rer des \u00e9quipes de recherche ainsi que des projets de recherche li\u00e9s aux missions de la protection civile alg\u00e9rienne. En parall\u00e8le, il sera discut\u00e9 de la mani\u00e8re dont la protection civile peut contribuer et s&rsquo;impliquer dans la recherche scientifique et le d\u00e9veloppement technologique ;<\/p><p>\u2022<strong> La dimension sociale et \u00e9conomiqu<\/strong>e : Discuter des solutions techniques que les \u00e9tablissements d&rsquo;enseignement sup\u00e9rieur et de recherche scientifique alg\u00e9riens pourraient proposer pour faciliter les t\u00e2ches de la protection civile, avec la possibilit\u00e9 de recommander des solutions disponibles aux niveau localement ou international et de les orienter en fonction des t\u00e2ches de protection civile, \u00e9galement, les startups actives dans des domaines li\u00e9s aux journ\u00e9es d\u2019\u00e9tudes auront la possibilit\u00e9 de pr\u00e9senter leurs produits;<\/p><p>\u2022<strong> La dimension p\u00e9dagogique<\/strong> : Organisation d\u2019une s\u00e9rie de conf\u00e9rences sur des th\u00e8mes de recherche li\u00e9s aux v\u00e9hicules sans pilote au profit des \u00e9tudiants de master, des \u00e9tudiants de troisi\u00e8me cycle, des enseignants-chercheurs et des chercheurs permanents;<\/p><p>\u2022 <strong>La dimension innovante<\/strong> : Organisation d&rsquo;un hackathon dans l&rsquo;objectif de proposer des solutions contribuant \u00e0 faciliter le travail des personnels de la protection civile dans l&rsquo;exercice de leurs fonctions.<\/p><h3><span style=\"color: #ff6600;\">Programme<\/span><\/h3><p>TBA<\/p><div><div><div><div><p align=\"justify\">\u00a0<\/p><\/div><\/div><\/div><\/div>\t\t\t\t\t\t<\/div>\n\t\t\t\t<\/div>\n\t\t\t\t\t<\/div>\n\t\t\t\t<\/div>\n\t\t\t\t<\/div>\n\t\t\t\t\t\t\t<\/div>\n\t\t","protected":false},"excerpt":{"rendered":"<p>Deuxi\u00e8me \u00e9dition des journ\u00e9es nationales d&rsquo;\u00e9tudes sur les perspectives de la Protection Civile Alg\u00e9rienne pour accompagner les \u00e9volutions scientifiques et technologiques modernes. 4, 5 et 6 mars 2024, CERIST \u00a0 Poursuivant les travaux visant \u00e0 consolider les relations entre les institutions alg\u00e9riennes de recherche scientifique et de d\u00e9veloppement technologique avec leur environnement \u00e9conomique et social, &hellip;<\/p>\n<p class=\"read-more\"> <a class=\"\" href=\"http:\/\/himaya-innov.cerist.dz\/index.php\/language\/fr\/journees-etudes\/\"> <span class=\"screen-reader-text\">Journ\u00e9es d&rsquo;\u00e9tudes<\/span> Lire la suite\u00a0\u00bb<\/a><\/p>\n","protected":false},"author":1,"featured_media":0,"parent":0,"menu_order":0,"comment_status":"closed","ping_status":"closed","template":"","meta":{"site-sidebar-layout":"no-sidebar","site-content-layout":"","ast-site-content-layout":"full-width-container","site-content-style":"default","site-sidebar-style":"default","ast-global-header-display":"","ast-banner-title-visibility":"","ast-main-header-display":"","ast-hfb-above-header-display":"","ast-hfb-below-header-display":"","ast-hfb-mobile-header-display":"","site-post-title":"disabled","ast-breadcrumbs-content":"","ast-featured-img":"disabled","footer-sml-layout":"","theme-transparent-header-meta":"","adv-header-id-meta":"","stick-header-meta":"","header-above-stick-meta":"","header-main-stick-meta":"","header-below-stick-meta":"","astra-migrate-meta-layouts":"","ast-page-background-enabled":"default","ast-page-background-meta":{"desktop":{"background-color":"var(--ast-global-color-4)","background-image":"","background-repeat":"repeat","background-position":"center center","background-size":"auto","background-attachment":"scroll","background-type":"","background-media":"","overlay-type":"","overlay-color":"","overlay-gradient":""},"tablet":{"background-color":"","background-image":"","background-repeat":"repeat","background-position":"center center","background-size":"auto","background-attachment":"scroll","background-type":"","background-media":"","overlay-type":"","overlay-color":"","overlay-gradient":""},"mobile":{"background-color":"","background-image":"","background-repeat":"repeat","background-position":"center center","background-size":"auto","background-attachment":"scroll","background-type":"","background-media":"","overlay-type":"","overlay-color":"","overlay-gradient":""}},"ast-content-background-meta":{"desktop":{"background-color":"var(--ast-global-color-5)","background-image":"","background-repeat":"repeat","background-position":"center center","background-size":"auto","background-attachment":"scroll","background-type":"","background-media":"","overlay-type":"","overlay-color":"","overlay-gradient":""},"tablet":{"background-color":"var(--ast-global-color-5)","background-image":"","background-repeat":"repeat","background-position":"center center","background-size":"auto","background-attachment":"scroll","background-type":"","background-media":"","overlay-type":"","overlay-color":"","overlay-gradient":""},"mobile":{"background-color":"var(--ast-global-color-5)","background-image":"","background-repeat":"repeat","background-position":"center center","background-size":"auto","background-attachment":"scroll","background-type":"","background-media":"","overlay-type":"","overlay-color":"","overlay-gradient":""}},"footnotes":""},"class_list":["post-2735","page","type-page","status-publish","hentry"],"_links":{"self":[{"href":"http:\/\/himaya-innov.cerist.dz\/index.php\/wp-json\/wp\/v2\/pages\/2735","targetHints":{"allow":["GET"]}}],"collection":[{"href":"http:\/\/himaya-innov.cerist.dz\/index.php\/wp-json\/wp\/v2\/pages"}],"about":[{"href":"http:\/\/himaya-innov.cerist.dz\/index.php\/wp-json\/wp\/v2\/types\/page"}],"author":[{"embeddable":true,"href":"http:\/\/himaya-innov.cerist.dz\/index.php\/wp-json\/wp\/v2\/users\/1"}],"replies":[{"embeddable":true,"href":"http:\/\/himaya-innov.cerist.dz\/index.php\/wp-json\/wp\/v2\/comments?post=2735"}],"version-history":[{"count":65,"href":"http:\/\/himaya-innov.cerist.dz\/index.php\/wp-json\/wp\/v2\/pages\/2735\/revisions"}],"predecessor-version":[{"id":3794,"href":"http:\/\/himaya-innov.cerist.dz\/index.php\/wp-json\/wp\/v2\/pages\/2735\/revisions\/3794"}],"wp:attachment":[{"href":"http:\/\/himaya-innov.cerist.dz\/index.php\/wp-json\/wp\/v2\/media?parent=2735"}],"curies":[{"name":"wp","href":"https:\/\/api.w.org\/{rel}","templated":true}]}}