{"id":3588,"date":"2024-02-28T14:30:56","date_gmt":"2024-02-28T13:30:56","guid":{"rendered":"http:\/\/himaya-innov.cerist.dz\/?page_id=3588"},"modified":"2024-03-03T13:13:46","modified_gmt":"2024-03-03T12:13:46","slug":"innovspace","status":"publish","type":"page","link":"http:\/\/himaya-innov.cerist.dz\/index.php\/language\/fr\/innovspace\/","title":{"rendered":"Innov\u2019Space"},"content":{"rendered":"\t\t<div data-elementor-type=\"wp-page\" data-elementor-id=\"3588\" class=\"elementor elementor-3588\">\n\t\t\t\t\t\t\t<div class=\"has_eae_slider elementor-element elementor-element-df1f972 e-flex e-con-boxed e-con e-parent\" data-id=\"df1f972\" data-element_type=\"container\" data-settings=\"{&quot;content_width&quot;:&quot;boxed&quot;}\" data-core-v316-plus=\"true\">\n\t\t\t\t\t<div class=\"e-con-inner\">\n\t\t\t\t<div class=\"elementor-element elementor-element-6b5abb0 elementor-widget elementor-widget-image\" data-id=\"6b5abb0\" data-element_type=\"widget\" data-widget_type=\"image.default\">\n\t\t\t\t<div class=\"elementor-widget-container\">\n\t\t\t<style>\/*! elementor - v3.17.0 - 08-11-2023 *\/\n.elementor-widget-image{text-align:center}.elementor-widget-image a{display:inline-block}.elementor-widget-image a img[src$=\".svg\"]{width:48px}.elementor-widget-image img{vertical-align:middle;display:inline-block}<\/style>\t\t\t\t\t\t\t\t\t\t\t\t<img fetchpriority=\"high\" decoding=\"async\" width=\"1772\" height=\"591\" src=\"http:\/\/himaya-innov.cerist.dz\/wp-content\/uploads\/2024\/02\/banniere-himaya-4-sk-2.jpg\" class=\"attachment-full size-full wp-image-3050\" alt=\"\" srcset=\"http:\/\/himaya-innov.cerist.dz\/wp-content\/uploads\/2024\/02\/banniere-himaya-4-sk-2.jpg 1772w, http:\/\/himaya-innov.cerist.dz\/wp-content\/uploads\/2024\/02\/banniere-himaya-4-sk-2-300x100.jpg 300w, http:\/\/himaya-innov.cerist.dz\/wp-content\/uploads\/2024\/02\/banniere-himaya-4-sk-2-1024x342.jpg 1024w, http:\/\/himaya-innov.cerist.dz\/wp-content\/uploads\/2024\/02\/banniere-himaya-4-sk-2-768x256.jpg 768w, http:\/\/himaya-innov.cerist.dz\/wp-content\/uploads\/2024\/02\/banniere-himaya-4-sk-2-1536x512.jpg 1536w, http:\/\/himaya-innov.cerist.dz\/wp-content\/uploads\/2024\/02\/elementor\/thumbs\/banniere-himaya-4-sk-2-qk6q1c6ma88t7n96mc9p48k06hgyw2a3z4a0k06y6g.jpg 1500w\" sizes=\"(max-width: 1772px) 100vw, 1772px\" \/>\t\t\t\t\t\t\t\t\t\t\t\t\t\t\t<\/div>\n\t\t\t\t<\/div>\n\t\t\t\t\t<\/div>\n\t\t\t\t<\/div>\n\t\t<div class=\"has_eae_slider elementor-element elementor-element-609f759 e-flex e-con-boxed e-con e-parent\" data-id=\"609f759\" data-element_type=\"container\" data-settings=\"{&quot;content_width&quot;:&quot;boxed&quot;}\" data-core-v316-plus=\"true\">\n\t\t\t\t\t<div class=\"e-con-inner\">\n\t\t\t\t<div class=\"elementor-element elementor-element-7519356 elementor-widget elementor-widget-text-editor\" data-id=\"7519356\" data-element_type=\"widget\" data-widget_type=\"text-editor.default\">\n\t\t\t\t<div class=\"elementor-widget-container\">\n\t\t\t<style>\/*! elementor - v3.17.0 - 08-11-2023 *\/\n.elementor-widget-text-editor.elementor-drop-cap-view-stacked .elementor-drop-cap{background-color:#69727d;color:#fff}.elementor-widget-text-editor.elementor-drop-cap-view-framed .elementor-drop-cap{color:#69727d;border:3px solid;background-color:transparent}.elementor-widget-text-editor:not(.elementor-drop-cap-view-default) .elementor-drop-cap{margin-top:8px}.elementor-widget-text-editor:not(.elementor-drop-cap-view-default) .elementor-drop-cap-letter{width:1em;height:1em}.elementor-widget-text-editor .elementor-drop-cap{float:left;text-align:center;line-height:1;font-size:50px}.elementor-widget-text-editor .elementor-drop-cap-letter{display:inline-block}<\/style>\t\t\t\t<h2 style=\"text-align: center;\"><span style=\"color: #ff6600;\"><b>Himaya Innov&rsquo;Space\u00a0<\/b><\/span><\/h2>\t\t\t\t\t\t<\/div>\n\t\t\t\t<\/div>\n\t\t\t\t\t<\/div>\n\t\t\t\t<\/div>\n\t\t<div class=\"has_eae_slider elementor-element elementor-element-ba63f7b e-flex e-con-boxed e-con e-parent\" data-id=\"ba63f7b\" data-element_type=\"container\" data-settings=\"{&quot;content_width&quot;:&quot;boxed&quot;}\" data-core-v316-plus=\"true\">\n\t\t\t\t\t<div class=\"e-con-inner\">\n\t\t\t\t<div class=\"elementor-element elementor-element-c164b7f elementor-widget elementor-widget-text-editor\" data-id=\"c164b7f\" data-element_type=\"widget\" data-widget_type=\"text-editor.default\">\n\t\t\t\t<div class=\"elementor-widget-container\">\n\t\t\t\t\t\t\t<p>Himaya Innov&rsquo;Space est un espace qui combine l&rsquo;innovation technologique avec les solutions pratiques pour faire face aux d\u00e9fis contemporains de la protection civile en g\u00e9n\u00e9ral, et dans la gestion de catastrophes en particulier. Cet espace est d\u00e9di\u00e9 \u00e0:<\/p>\t\t\t\t\t\t<\/div>\n\t\t\t\t<\/div>\n\t\t\t\t\t<\/div>\n\t\t\t\t<\/div>\n\t\t<div class=\"has_eae_slider elementor-element elementor-element-d115d13 e-flex e-con-boxed e-con e-parent\" data-id=\"d115d13\" data-element_type=\"container\" data-settings=\"{&quot;content_width&quot;:&quot;boxed&quot;}\" data-core-v316-plus=\"true\">\n\t\t\t\t\t<div class=\"e-con-inner\">\n\t\t<div class=\"has_eae_slider elementor-element elementor-element-4facf20 e-con-full e-flex e-con e-child\" data-id=\"4facf20\" data-element_type=\"container\" data-settings=\"{&quot;content_width&quot;:&quot;full&quot;}\">\n\t\t\t\t<div class=\"elementor-element elementor-element-1b050ee elementor-widget elementor-widget-text-editor\" data-id=\"1b050ee\" data-element_type=\"widget\" data-widget_type=\"text-editor.default\">\n\t\t\t\t<div class=\"elementor-widget-container\">\n\t\t\t\t\t\t\t<ul><li>Des startups les plus prometteuses offrant des solutions intelligentes bas\u00e9es sur des technologies avanc\u00e9es dans le cadre de la gestion de catastrophes;<\/li><\/ul>\t\t\t\t\t\t<\/div>\n\t\t\t\t<\/div>\n\t\t\t\t<\/div>\n\t\t<div class=\"has_eae_slider elementor-element elementor-element-121b507 e-con-full e-flex e-con e-child\" data-id=\"121b507\" data-element_type=\"container\" data-settings=\"{&quot;content_width&quot;:&quot;full&quot;}\">\n\t\t\t\t<div class=\"elementor-element elementor-element-dd0046f elementor-widget elementor-widget-image\" data-id=\"dd0046f\" data-element_type=\"widget\" data-widget_type=\"image.default\">\n\t\t\t\t<div class=\"elementor-widget-container\">\n\t\t\t\t\t\t\t\t\t\t\t\t\t\t\t<img decoding=\"async\" width=\"285\" height=\"177\" src=\"http:\/\/himaya-innov.cerist.dz\/wp-content\/uploads\/2024\/02\/startup.jpeg\" class=\"attachment-large size-large wp-image-3575\" alt=\"\" \/>\t\t\t\t\t\t\t\t\t\t\t\t\t\t\t<\/div>\n\t\t\t\t<\/div>\n\t\t\t\t<\/div>\n\t\t<div class=\"has_eae_slider elementor-element elementor-element-70ce699 e-con-full e-flex e-con e-child\" data-id=\"70ce699\" data-element_type=\"container\" data-settings=\"{&quot;content_width&quot;:&quot;full&quot;}\">\n\t\t\t\t<div class=\"elementor-element elementor-element-a4fa81b elementor-widget elementor-widget-text-editor\" data-id=\"a4fa81b\" data-element_type=\"widget\" data-widget_type=\"text-editor.default\">\n\t\t\t\t<div class=\"elementor-widget-container\">\n\t\t\t\t\t\t\t<ul><li>Des produits innovants tels que des drones de surveillance, des syst\u00e8mes de surveillance, et des robots de sauvetage autonomes qui d\u00e9montrent leur capacit\u00e9 \u00e0 naviguer \u00e0 travers des d\u00e9bris;<\/li><\/ul>\t\t\t\t\t\t<\/div>\n\t\t\t\t<\/div>\n\t\t\t\t<\/div>\n\t\t<div class=\"has_eae_slider elementor-element elementor-element-5168312 e-con-full e-flex e-con e-child\" data-id=\"5168312\" data-element_type=\"container\" data-settings=\"{&quot;content_width&quot;:&quot;full&quot;}\">\n\t\t\t\t<div class=\"elementor-element elementor-element-c326b01 elementor-widget elementor-widget-image\" data-id=\"c326b01\" data-element_type=\"widget\" data-widget_type=\"image.default\">\n\t\t\t\t<div class=\"elementor-widget-container\">\n\t\t\t\t\t\t\t\t\t\t\t\t\t\t\t<img decoding=\"async\" width=\"584\" height=\"389\" src=\"http:\/\/himaya-innov.cerist.dz\/wp-content\/uploads\/2024\/02\/fight.webp\" class=\"attachment-large size-large wp-image-3581\" alt=\"\" srcset=\"http:\/\/himaya-innov.cerist.dz\/wp-content\/uploads\/2024\/02\/fight.webp 584w, http:\/\/himaya-innov.cerist.dz\/wp-content\/uploads\/2024\/02\/fight-300x200.webp 300w\" sizes=\"(max-width: 584px) 100vw, 584px\" \/>\t\t\t\t\t\t\t\t\t\t\t\t\t\t\t<\/div>\n\t\t\t\t<\/div>\n\t\t\t\t<\/div>\n\t\t\t\t\t<\/div>\n\t\t\t\t<\/div>\n\t\t<div class=\"has_eae_slider elementor-element elementor-element-eb741d1 e-flex e-con-boxed e-con e-parent\" data-id=\"eb741d1\" data-element_type=\"container\" data-settings=\"{&quot;content_width&quot;:&quot;boxed&quot;}\" data-core-v316-plus=\"true\">\n\t\t\t\t\t<div class=\"e-con-inner\">\n\t\t<div class=\"has_eae_slider elementor-element elementor-element-d7a4cc0 e-con-full e-flex e-con e-child\" data-id=\"d7a4cc0\" data-element_type=\"container\" data-settings=\"{&quot;content_width&quot;:&quot;full&quot;}\">\n\t\t\t\t<div class=\"elementor-element elementor-element-9712a64 elementor-widget elementor-widget-text-editor\" data-id=\"9712a64\" data-element_type=\"widget\" data-widget_type=\"text-editor.default\">\n\t\t\t\t<div class=\"elementor-widget-container\">\n\t\t\t\t\t\t\t<ul><li>Des stands des Organisateurs et des sponsors (Protection Civile, CRAAG, etc) ;<\/li><\/ul>\t\t\t\t\t\t<\/div>\n\t\t\t\t<\/div>\n\t\t\t\t<\/div>\n\t\t<div class=\"has_eae_slider elementor-element elementor-element-7f72d7d e-con-full e-flex e-con e-child\" data-id=\"7f72d7d\" data-element_type=\"container\" data-settings=\"{&quot;content_width&quot;:&quot;full&quot;}\">\n\t\t<div class=\"has_eae_slider elementor-element elementor-element-5291acb e-flex e-con-boxed e-con e-child\" data-id=\"5291acb\" data-element_type=\"container\" data-settings=\"{&quot;content_width&quot;:&quot;boxed&quot;}\">\n\t\t\t\t\t<div class=\"e-con-inner\">\n\t\t\t\t\t<\/div>\n\t\t\t\t<\/div>\n\t\t<div class=\"has_eae_slider elementor-element elementor-element-d5f415b e-flex e-con-boxed e-con e-child\" data-id=\"d5f415b\" data-element_type=\"container\" data-settings=\"{&quot;content_width&quot;:&quot;boxed&quot;}\">\n\t\t\t\t\t<div class=\"e-con-inner\">\n\t\t\t\t\t<\/div>\n\t\t\t\t<\/div>\n\t\t\t\t<\/div>\n\t\t\t\t\t<\/div>\n\t\t\t\t<\/div>\n\t\t<div class=\"has_eae_slider elementor-element elementor-element-9cb3d71 e-flex e-con-boxed e-con e-parent\" data-id=\"9cb3d71\" data-element_type=\"container\" data-settings=\"{&quot;content_width&quot;:&quot;boxed&quot;}\" data-core-v316-plus=\"true\">\n\t\t\t\t\t<div class=\"e-con-inner\">\n\t\t<div class=\"has_eae_slider elementor-element elementor-element-b37cea0 e-con-full e-flex e-con e-child\" data-id=\"b37cea0\" data-element_type=\"container\" data-settings=\"{&quot;content_width&quot;:&quot;full&quot;}\">\n\t\t\t\t<div class=\"elementor-element elementor-element-9e79f5c elementor-widget elementor-widget-text-editor\" data-id=\"9e79f5c\" data-element_type=\"widget\" data-widget_type=\"text-editor.default\">\n\t\t\t\t<div class=\"elementor-widget-container\">\n\t\t\t\t\t\t\t<ul><li>Des espaces de discussions et d&rsquo;\u00e9changes.<\/li><\/ul>\t\t\t\t\t\t<\/div>\n\t\t\t\t<\/div>\n\t\t\t\t<\/div>\n\t\t<div class=\"has_eae_slider elementor-element elementor-element-e0d4e36 e-con-full e-flex e-con e-child\" data-id=\"e0d4e36\" data-element_type=\"container\" data-settings=\"{&quot;content_width&quot;:&quot;full&quot;}\">\n\t\t\t\t<\/div>\n\t\t\t\t\t<\/div>\n\t\t\t\t<\/div>\n\t\t\t\t\t\t\t<\/div>\n\t\t","protected":false},"excerpt":{"rendered":"<p>Himaya Innov&rsquo;Space\u00a0 Himaya Innov&rsquo;Space est un espace qui combine l&rsquo;innovation technologique avec les solutions pratiques pour faire face aux d\u00e9fis contemporains de la protection civile en g\u00e9n\u00e9ral, et dans la gestion de catastrophes en particulier. Cet espace est d\u00e9di\u00e9 \u00e0: Des startups les plus prometteuses offrant des solutions intelligentes bas\u00e9es sur des technologies avanc\u00e9es dans &hellip;<\/p>\n<p class=\"read-more\"> <a class=\"\" href=\"http:\/\/himaya-innov.cerist.dz\/index.php\/language\/fr\/innovspace\/\"> <span class=\"screen-reader-text\">Innov\u2019Space<\/span> Lire la suite\u00a0\u00bb<\/a><\/p>\n","protected":false},"author":1,"featured_media":0,"parent":0,"menu_order":0,"comment_status":"closed","ping_status":"closed","template":"","meta":{"site-sidebar-layout":"no-sidebar","site-content-layout":"","ast-site-content-layout":"full-width-container","site-content-style":"default","site-sidebar-style":"default","ast-global-header-display":"","ast-banner-title-visibility":"","ast-main-header-display":"","ast-hfb-above-header-display":"","ast-hfb-below-header-display":"","ast-hfb-mobile-header-display":"","site-post-title":"disabled","ast-breadcrumbs-content":"","ast-featured-img":"disabled","footer-sml-layout":"","theme-transparent-header-meta":"","adv-header-id-meta":"","stick-header-meta":"","header-above-stick-meta":"","header-main-stick-meta":"","header-below-stick-meta":"","astra-migrate-meta-layouts":"","ast-page-background-enabled":"default","ast-page-background-meta":{"desktop":{"background-color":"var(--ast-global-color-4)","background-image":"","background-repeat":"repeat","background-position":"center center","background-size":"auto","background-attachment":"scroll","background-type":"","background-media":"","overlay-type":"","overlay-color":"","overlay-gradient":""},"tablet":{"background-color":"","background-image":"","background-repeat":"repeat","background-position":"center center","background-size":"auto","background-attachment":"scroll","background-type":"","background-media":"","overlay-type":"","overlay-color":"","overlay-gradient":""},"mobile":{"background-color":"","background-image":"","background-repeat":"repeat","background-position":"center center","background-size":"auto","background-attachment":"scroll","background-type":"","background-media":"","overlay-type":"","overlay-color":"","overlay-gradient":""}},"ast-content-background-meta":{"desktop":{"background-color":"var(--ast-global-color-5)","background-image":"","background-repeat":"repeat","background-position":"center center","background-size":"auto","background-attachment":"scroll","background-type":"","background-media":"","overlay-type":"","overlay-color":"","overlay-gradient":""},"tablet":{"background-color":"var(--ast-global-color-5)","background-image":"","background-repeat":"repeat","background-position":"center center","background-size":"auto","background-attachment":"scroll","background-type":"","background-media":"","overlay-type":"","overlay-color":"","overlay-gradient":""},"mobile":{"background-color":"var(--ast-global-color-5)","background-image":"","background-repeat":"repeat","background-position":"center center","background-size":"auto","background-attachment":"scroll","background-type":"","background-media":"","overlay-type":"","overlay-color":"","overlay-gradient":""}},"footnotes":""},"class_list":["post-3588","page","type-page","status-publish","hentry"],"_links":{"self":[{"href":"http:\/\/himaya-innov.cerist.dz\/index.php\/wp-json\/wp\/v2\/pages\/3588","targetHints":{"allow":["GET"]}}],"collection":[{"href":"http:\/\/himaya-innov.cerist.dz\/index.php\/wp-json\/wp\/v2\/pages"}],"about":[{"href":"http:\/\/himaya-innov.cerist.dz\/index.php\/wp-json\/wp\/v2\/types\/page"}],"author":[{"embeddable":true,"href":"http:\/\/himaya-innov.cerist.dz\/index.php\/wp-json\/wp\/v2\/users\/1"}],"replies":[{"embeddable":true,"href":"http:\/\/himaya-innov.cerist.dz\/index.php\/wp-json\/wp\/v2\/comments?post=3588"}],"version-history":[{"count":33,"href":"http:\/\/himaya-innov.cerist.dz\/index.php\/wp-json\/wp\/v2\/pages\/3588\/revisions"}],"predecessor-version":[{"id":3954,"href":"http:\/\/himaya-innov.cerist.dz\/index.php\/wp-json\/wp\/v2\/pages\/3588\/revisions\/3954"}],"wp:attachment":[{"href":"http:\/\/himaya-innov.cerist.dz\/index.php\/wp-json\/wp\/v2\/media?parent=3588"}],"curies":[{"name":"wp","href":"https:\/\/api.w.org\/{rel}","templated":true}]}}