{"id":52,"date":"2023-11-22T17:42:45","date_gmt":"2023-11-22T17:42:45","guid":{"rendered":"http:\/\/tamarics.cerist.dz\/index.php\/home\/"},"modified":"2024-02-26T19:03:00","modified_gmt":"2024-02-26T18:03:00","slug":"home-hackathon-fr","status":"publish","type":"page","link":"http:\/\/himaya-innov.cerist.dz\/index.php\/language\/fr\/home-hackathon-fr\/","title":{"rendered":"Hackathon"},"content":{"rendered":"\t\t<div data-elementor-type=\"wp-page\" data-elementor-id=\"52\" class=\"elementor elementor-52\">\n\t\t\t\t\t\t\t<div class=\"has_eae_slider elementor-element elementor-element-2053855 e-flex e-con-boxed e-con e-parent\" data-id=\"2053855\" data-element_type=\"container\" data-settings=\"{&quot;content_width&quot;:&quot;boxed&quot;}\" data-core-v316-plus=\"true\">\n\t\t\t\t\t<div class=\"e-con-inner\">\n\t\t\t\t<div class=\"elementor-element elementor-element-a1f1428 elementor-arrows-position-inside elementor-pagination-position-outside elementor-widget elementor-widget-image-carousel\" data-id=\"a1f1428\" data-element_type=\"widget\" data-settings=\"{&quot;slides_to_show&quot;:&quot;1&quot;,&quot;navigation&quot;:&quot;both&quot;,&quot;autoplay&quot;:&quot;yes&quot;,&quot;pause_on_hover&quot;:&quot;yes&quot;,&quot;pause_on_interaction&quot;:&quot;yes&quot;,&quot;autoplay_speed&quot;:5000,&quot;infinite&quot;:&quot;yes&quot;,&quot;effect&quot;:&quot;slide&quot;,&quot;speed&quot;:500}\" data-widget_type=\"image-carousel.default\">\n\t\t\t\t<div class=\"elementor-widget-container\">\n\t\t\t<style>\/*! elementor - v3.17.0 - 08-11-2023 *\/\n.elementor-widget-image-carousel .swiper,.elementor-widget-image-carousel .swiper-container{position:static}.elementor-widget-image-carousel .swiper-container .swiper-slide figure,.elementor-widget-image-carousel .swiper .swiper-slide figure{line-height:inherit}.elementor-widget-image-carousel .swiper-slide{text-align:center}.elementor-image-carousel-wrapper:not(.swiper-container-initialized):not(.swiper-initialized) .swiper-slide{max-width:calc(100% \/ var(--e-image-carousel-slides-to-show, 3))}<\/style>\t\t<div class=\"elementor-image-carousel-wrapper swiper\" dir=\"ltr\">\n\t\t\t<div class=\"elementor-image-carousel swiper-wrapper\" aria-live=\"off\">\n\t\t\t\t\t\t\t\t<div class=\"swiper-slide\" role=\"group\" aria-roledescription=\"slide\" aria-label=\"1 sur 1\"><figure class=\"swiper-slide-inner\"><img decoding=\"async\" class=\"swiper-slide-image\" src=\"http:\/\/himaya-innov.cerist.dz\/wp-content\/uploads\/2023\/11\/banniere-himaya-2bis.png\" alt=\"banniere himaya 2bis\" \/><\/figure><\/div>\t\t\t<\/div>\n\t\t\t\t\t<\/div>\n\t\t\t\t<\/div>\n\t\t\t\t<\/div>\n\t\t\t\t\t<\/div>\n\t\t\t\t<\/div>\n\t\t<div class=\"has_eae_slider elementor-element elementor-element-a862154 e-flex e-con-boxed e-con e-parent\" data-id=\"a862154\" data-element_type=\"container\" data-settings=\"{&quot;content_width&quot;:&quot;boxed&quot;}\" data-core-v316-plus=\"true\">\n\t\t\t\t\t<div class=\"e-con-inner\">\n\t\t\t\t<div class=\"elementor-element elementor-element-9e9e791 elementor-widget elementor-widget-text-editor\" data-id=\"9e9e791\" data-element_type=\"widget\" data-widget_type=\"text-editor.default\">\n\t\t\t\t<div class=\"elementor-widget-container\">\n\t\t\t<style>\/*! elementor - v3.17.0 - 08-11-2023 *\/\n.elementor-widget-text-editor.elementor-drop-cap-view-stacked .elementor-drop-cap{background-color:#69727d;color:#fff}.elementor-widget-text-editor.elementor-drop-cap-view-framed .elementor-drop-cap{color:#69727d;border:3px solid;background-color:transparent}.elementor-widget-text-editor:not(.elementor-drop-cap-view-default) .elementor-drop-cap{margin-top:8px}.elementor-widget-text-editor:not(.elementor-drop-cap-view-default) .elementor-drop-cap-letter{width:1em;height:1em}.elementor-widget-text-editor .elementor-drop-cap{float:left;text-align:center;line-height:1;font-size:50px}.elementor-widget-text-editor .elementor-drop-cap-letter{display:inline-block}<\/style>\t\t\t\t<h1><span style=\"color: #ff6600;\">Hackathon Himaya Innov\u2019Days 2024\u00a0<\/span><\/h1>\n<h3><span style=\"color: #ff6600;\">04-06 mars 2024, CERIST<\/span><\/h3>\n<div>\n<div>\n<div>\n<div>\n\n<p align=\"justify\"> Face \u00e0 un monde en pleine mutation, les catastrophes, naturelles ou provoqu\u00e9es par l\u2019homme, restent l\u2019une des menaces les plus pressantes pour la s\u00e9curit\u00e9 et le bien-\u00eatre de nos communaut\u00e9s. Les feux de for\u00eats, les inondations, les s\u00e9ismes d\u00e9vastateurs, les pand\u00e9mies (Covid-19), les accidents industriels, et de nombreux autres \u00e9v\u00e9nements tragiques testent r\u00e9guli\u00e8rement nos capacit\u00e9s \u00e0 pr\u00e9venir, \u00e0 r\u00e9pondre et \u00e0 nous en r\u00e9tablir.<\/p>\n\n<p align=\"justify\"> Dans ce contexte, les avanc\u00e9es technologiques jouent un r\u00f4le crucial dans l\u2019am\u00e9lioration de nos capacit\u00e9s \u00e0 faire face aux catastrophes. Les technologies de surveillance, de communication, et de gestion des crises contribuent \u00e0 renforcer notre capacit\u00e9 \u00e0 anticiper les catastrophes, \u00e0 coordonner nos efforts d\u2019intervention, et \u00e0 acc\u00e9l\u00e9rer le processus de r\u00e9silience.<\/p>\n\n<p align=\"justify\"> Dans chaque phase d\u2019une catastrophe, les technologies peuvent \u00eatre exploit\u00e9es. Par exemple, dans la phase pr\u00e9-catastrophe, les technologies peuvent servir pour surveiller les conditions m\u00e9t\u00e9orologiques, d\u00e9tecter les risques de catastrophes naturelles et am\u00e9liorer la conception des infrastructures. Les syst\u00e8mes d\u2019alerte pr\u00e9coce (<i>Early Warning Systems<\/i>) peuvent \u00e9galement \u00eatre utiles pour avertir les populations des risques de catastrophes naturelles avant leur survenue. Pendant les crises, les technologies peuvent \u00eatre utilis\u00e9es pour faciliter la coordination des secours, localiser les victimes, d\u00e9terminer les besoins, etc. Enfin, dans la phase post-catastrophe, des technologies telles que les drones peuvent \u00eatre utilis\u00e9es pour fournir une assistance m\u00e9dicale dans les zones touch\u00e9es par une catastrophe, d\u2019autres technologies comme la r\u00e9alit\u00e9 virtuelle ou augment\u00e9e peuvent, quant \u00e0 elles, servir \u00e0 former les secouristes aux situations d\u2019urgence.<\/p>\n\n<p align=\"justify\"> Dans cette optique, et dans le cadre des Journ\u00e9es d\u2019innovation Himaya Innov\u2019days 2024, le CERIST (Centre de Recherche sur l\u2019Information Scientifique et Technique), en collaboration avec la Protection Civile alg\u00e9rienne, l\u2019Universit\u00e9 Yahia Far\u00e8s de M\u00e9d\u00e9a, et la DGRSDT (Direction G\u00e9n\u00e9rale de la Recherche Scientifique et du D\u00e9veloppement Technologique) organise un hackathon qui a comme principaux objectifs:<\/p>\n<ul>\n \t<li>Stimuler l\u2019innovation en r\u00e9unissant des esprits cr\u00e9atifs pour r\u00e9soudre des probl\u00e8mes complexes li\u00e9s \u00e0 la gestion des catastrophes;<\/li>\n \t<li>Favoriser la collaboration interdisciplinaire et transversale pour concevoir des solutions novatrices adapt\u00e9es aux situations d\u2019urgence;<\/li>\n \t<li>D\u00e9velopper des prototypes fonctionnels et des id\u00e9es pratiques et op\u00e9rationnelles pour r\u00e9pondre aux d\u00e9fis sp\u00e9cifiques inh\u00e9rents \u00e0 la gestion des catastrophes;<\/li>\n \t<li>Cr\u00e9er un environnement propice \u00e0 l\u2019apprentissage, \u00e0 l\u2019exp\u00e9rimentation et \u00e0 l\u2019\u00e9laboration de solutions concr\u00e8tes et fonctionnelles d\u00e9di\u00e9es \u00e0 la gestion des situations de catastrophes;<\/li>\n \t<li>Encourager l\u2019entrepreneuriat et faire avancer des id\u00e9es et soutenir des initiatives qui ont un impact positif sur la soci\u00e9t\u00e9 dans le domaine de la protection civile.<\/li>\n<\/ul>\n<\/div>\n<\/div>\n<\/div>\n<\/div>\t\t\t\t\t\t<\/div>\n\t\t\t\t<\/div>\n\t\t\t\t\t<\/div>\n\t\t\t\t<\/div>\n\t\t<div class=\"has_eae_slider elementor-element elementor-element-d092144 e-flex e-con-boxed e-con e-parent\" data-id=\"d092144\" data-element_type=\"container\" data-settings=\"{&quot;content_width&quot;:&quot;boxed&quot;}\" data-core-v316-plus=\"true\">\n\t\t\t\t\t<div class=\"e-con-inner\">\n\t\t\t\t<div class=\"elementor-element elementor-element-7a19b4d elementor-widget elementor-widget-video\" data-id=\"7a19b4d\" data-element_type=\"widget\" data-settings=\"{&quot;youtube_url&quot;:&quot;https:\\\/\\\/youtu.be\\\/v7UNgSqL6V0&quot;,&quot;autoplay&quot;:&quot;yes&quot;,&quot;play_on_mobile&quot;:&quot;yes&quot;,&quot;video_type&quot;:&quot;youtube&quot;,&quot;controls&quot;:&quot;yes&quot;}\" data-widget_type=\"video.default\">\n\t\t\t\t<div class=\"elementor-widget-container\">\n\t\t\t<style>\/*! elementor - v3.17.0 - 08-11-2023 *\/\n.elementor-widget-video .elementor-widget-container{overflow:hidden;transform:translateZ(0)}.elementor-widget-video .elementor-wrapper{aspect-ratio:var(--video-aspect-ratio)}.elementor-widget-video .elementor-wrapper iframe,.elementor-widget-video .elementor-wrapper video{height:100%;width:100%;display:flex;border:none;background-color:#000}@supports not (aspect-ratio:1\/1){.elementor-widget-video .elementor-wrapper{position:relative;overflow:hidden;height:0;padding-bottom:calc(100% \/ var(--video-aspect-ratio))}.elementor-widget-video .elementor-wrapper iframe,.elementor-widget-video .elementor-wrapper video{position:absolute;top:0;right:0;bottom:0;left:0}}.elementor-widget-video .elementor-open-inline .elementor-custom-embed-image-overlay{position:absolute;top:0;right:0;bottom:0;left:0;background-size:cover;background-position:50%}.elementor-widget-video .elementor-custom-embed-image-overlay{cursor:pointer;text-align:center}.elementor-widget-video .elementor-custom-embed-image-overlay:hover .elementor-custom-embed-play i{opacity:1}.elementor-widget-video .elementor-custom-embed-image-overlay img{display:block;width:100%;aspect-ratio:var(--video-aspect-ratio);-o-object-fit:cover;object-fit:cover;-o-object-position:center center;object-position:center center}@supports not (aspect-ratio:1\/1){.elementor-widget-video .elementor-custom-embed-image-overlay{position:relative;overflow:hidden;height:0;padding-bottom:calc(100% \/ var(--video-aspect-ratio))}.elementor-widget-video .elementor-custom-embed-image-overlay img{position:absolute;top:0;right:0;bottom:0;left:0}}.elementor-widget-video .e-hosted-video .elementor-video{-o-object-fit:cover;object-fit:cover}.e-con-inner>.elementor-widget-video,.e-con>.elementor-widget-video{width:var(--container-widget-width);--flex-grow:var(--container-widget-flex-grow)}<\/style>\t\t<div class=\"elementor-wrapper elementor-open-inline\">\n\t\t\t<div class=\"elementor-video\"><\/div>\t\t<\/div>\n\t\t\t\t<\/div>\n\t\t\t\t<\/div>\n\t\t\t\t\t<\/div>\n\t\t\t\t<\/div>\n\t\t\t\t\t\t\t<\/div>\n\t\t","protected":false},"excerpt":{"rendered":"<p>Hackathon Himaya Innov\u2019Days 2024\u00a0 04-06 mars 2024, CERIST Face \u00e0 un monde en pleine mutation, les catastrophes, naturelles ou provoqu\u00e9es par l\u2019homme, restent l\u2019une des menaces les plus pressantes pour la s\u00e9curit\u00e9 et le bien-\u00eatre de nos communaut\u00e9s. Les feux de for\u00eats, les inondations, les s\u00e9ismes d\u00e9vastateurs, les pand\u00e9mies (Covid-19), les accidents industriels, et de &hellip;<\/p>\n<p class=\"read-more\"> <a class=\"\" href=\"http:\/\/himaya-innov.cerist.dz\/index.php\/language\/fr\/home-hackathon-fr\/\"> <span class=\"screen-reader-text\">Hackathon<\/span> Lire la suite\u00a0\u00bb<\/a><\/p>\n","protected":false},"author":1,"featured_media":0,"parent":0,"menu_order":0,"comment_status":"closed","ping_status":"closed","template":"","meta":{"site-sidebar-layout":"no-sidebar","site-content-layout":"","ast-site-content-layout":"full-width-container","site-content-style":"default","site-sidebar-style":"default","ast-global-header-display":"","ast-banner-title-visibility":"","ast-main-header-display":"","ast-hfb-above-header-display":"","ast-hfb-below-header-display":"","ast-hfb-mobile-header-display":"","site-post-title":"disabled","ast-breadcrumbs-content":"","ast-featured-img":"disabled","footer-sml-layout":"","theme-transparent-header-meta":"","adv-header-id-meta":"","stick-header-meta":"","header-above-stick-meta":"","header-main-stick-meta":"","header-below-stick-meta":"","astra-migrate-meta-layouts":"","ast-page-background-enabled":"default","ast-page-background-meta":{"desktop":{"background-color":"var(--ast-global-color-4)","background-image":"","background-repeat":"repeat","background-position":"center center","background-size":"auto","background-attachment":"scroll","background-type":"","background-media":"","overlay-type":"","overlay-color":"","overlay-gradient":""},"tablet":{"background-color":"","background-image":"","background-repeat":"repeat","background-position":"center center","background-size":"auto","background-attachment":"scroll","background-type":"","background-media":"","overlay-type":"","overlay-color":"","overlay-gradient":""},"mobile":{"background-color":"","background-image":"","background-repeat":"repeat","background-position":"center center","background-size":"auto","background-attachment":"scroll","background-type":"","background-media":"","overlay-type":"","overlay-color":"","overlay-gradient":""}},"ast-content-background-meta":{"desktop":{"background-color":"var(--ast-global-color-5)","background-image":"","background-repeat":"repeat","background-position":"center center","background-size":"auto","background-attachment":"scroll","background-type":"","background-media":"","overlay-type":"","overlay-color":"","overlay-gradient":""},"tablet":{"background-color":"var(--ast-global-color-5)","background-image":"","background-repeat":"repeat","background-position":"center center","background-size":"auto","background-attachment":"scroll","background-type":"","background-media":"","overlay-type":"","overlay-color":"","overlay-gradient":""},"mobile":{"background-color":"var(--ast-global-color-5)","background-image":"","background-repeat":"repeat","background-position":"center center","background-size":"auto","background-attachment":"scroll","background-type":"","background-media":"","overlay-type":"","overlay-color":"","overlay-gradient":""}},"footnotes":""},"class_list":["post-52","page","type-page","status-publish","hentry"],"_links":{"self":[{"href":"http:\/\/himaya-innov.cerist.dz\/index.php\/wp-json\/wp\/v2\/pages\/52","targetHints":{"allow":["GET"]}}],"collection":[{"href":"http:\/\/himaya-innov.cerist.dz\/index.php\/wp-json\/wp\/v2\/pages"}],"about":[{"href":"http:\/\/himaya-innov.cerist.dz\/index.php\/wp-json\/wp\/v2\/types\/page"}],"author":[{"embeddable":true,"href":"http:\/\/himaya-innov.cerist.dz\/index.php\/wp-json\/wp\/v2\/users\/1"}],"replies":[{"embeddable":true,"href":"http:\/\/himaya-innov.cerist.dz\/index.php\/wp-json\/wp\/v2\/comments?post=52"}],"version-history":[{"count":119,"href":"http:\/\/himaya-innov.cerist.dz\/index.php\/wp-json\/wp\/v2\/pages\/52\/revisions"}],"predecessor-version":[{"id":3461,"href":"http:\/\/himaya-innov.cerist.dz\/index.php\/wp-json\/wp\/v2\/pages\/52\/revisions\/3461"}],"wp:attachment":[{"href":"http:\/\/himaya-innov.cerist.dz\/index.php\/wp-json\/wp\/v2\/media?parent=52"}],"curies":[{"name":"wp","href":"https:\/\/api.w.org\/{rel}","templated":true}]}}