{"id":82,"date":"2023-11-22T22:04:38","date_gmt":"2023-11-22T21:04:38","guid":{"rendered":"http:\/\/tamarics.cerist.dz\/?page_id=82"},"modified":"2024-01-03T13:55:04","modified_gmt":"2024-01-03T12:55:04","slug":"appel-a-projets","status":"publish","type":"page","link":"http:\/\/himaya-innov.cerist.dz\/index.php\/language\/fr\/appel-a-projets\/","title":{"rendered":"Appel \u00e0 projets"},"content":{"rendered":"\t\t<div data-elementor-type=\"wp-page\" data-elementor-id=\"82\" class=\"elementor elementor-82\">\n\t\t\t\t\t\t\t<div class=\"has_eae_slider elementor-element elementor-element-389dddd e-flex e-con-boxed e-con e-parent\" data-id=\"389dddd\" data-element_type=\"container\" data-settings=\"{&quot;content_width&quot;:&quot;boxed&quot;}\" data-core-v316-plus=\"true\">\n\t\t\t\t\t<div class=\"e-con-inner\">\n\t\t\t\t<div class=\"elementor-element elementor-element-e860c22 elementor-widget elementor-widget-image\" data-id=\"e860c22\" data-element_type=\"widget\" data-widget_type=\"image.default\">\n\t\t\t\t<div class=\"elementor-widget-container\">\n\t\t\t<style>\/*! elementor - v3.17.0 - 08-11-2023 *\/\n.elementor-widget-image{text-align:center}.elementor-widget-image a{display:inline-block}.elementor-widget-image a img[src$=\".svg\"]{width:48px}.elementor-widget-image img{vertical-align:middle;display:inline-block}<\/style>\t\t\t\t\t\t\t\t\t\t\t\t<img fetchpriority=\"high\" decoding=\"async\" width=\"1500\" height=\"500\" src=\"http:\/\/himaya-innov.cerist.dz\/wp-content\/uploads\/2023\/11\/banniere-himaya-2bis.png\" class=\"attachment-full size-full wp-image-1091\" alt=\"\" srcset=\"http:\/\/himaya-innov.cerist.dz\/wp-content\/uploads\/2023\/11\/banniere-himaya-2bis.png 1500w, http:\/\/himaya-innov.cerist.dz\/wp-content\/uploads\/2023\/11\/banniere-himaya-2bis-300x100.png 300w, http:\/\/himaya-innov.cerist.dz\/wp-content\/uploads\/2023\/11\/banniere-himaya-2bis-1024x341.png 1024w, http:\/\/himaya-innov.cerist.dz\/wp-content\/uploads\/2023\/11\/banniere-himaya-2bis-768x256.png 768w\" sizes=\"(max-width: 1500px) 100vw, 1500px\" \/>\t\t\t\t\t\t\t\t\t\t\t\t\t\t\t<\/div>\n\t\t\t\t<\/div>\n\t\t\t\t\t<\/div>\n\t\t\t\t<\/div>\n\t\t<div class=\"has_eae_slider elementor-element elementor-element-34eb2b0 e-flex e-con-boxed e-con e-parent\" data-id=\"34eb2b0\" data-element_type=\"container\" data-settings=\"{&quot;content_width&quot;:&quot;boxed&quot;}\" data-core-v316-plus=\"true\">\n\t\t\t\t\t<div class=\"e-con-inner\">\n\t\t\t\t<div class=\"elementor-element elementor-element-07a1efc elementor-widget elementor-widget-heading\" data-id=\"07a1efc\" data-element_type=\"widget\" data-widget_type=\"heading.default\">\n\t\t\t\t<div class=\"elementor-widget-container\">\n\t\t\t<style>\/*! elementor - v3.17.0 - 08-11-2023 *\/\n.elementor-heading-title{padding:0;margin:0;line-height:1}.elementor-widget-heading .elementor-heading-title[class*=elementor-size-]>a{color:inherit;font-size:inherit;line-height:inherit}.elementor-widget-heading .elementor-heading-title.elementor-size-small{font-size:15px}.elementor-widget-heading .elementor-heading-title.elementor-size-medium{font-size:19px}.elementor-widget-heading .elementor-heading-title.elementor-size-large{font-size:29px}.elementor-widget-heading .elementor-heading-title.elementor-size-xl{font-size:39px}.elementor-widget-heading .elementor-heading-title.elementor-size-xxl{font-size:59px}<\/style><h3 class=\"elementor-heading-title elementor-size-default\">Objectifs du hackathon<\/h3>\t\t<\/div>\n\t\t\t\t<\/div>\n\t\t\t\t\t<\/div>\n\t\t\t\t<\/div>\n\t\t<div class=\"has_eae_slider elementor-element elementor-element-b96ad3e e-flex e-con-boxed e-con e-parent\" data-id=\"b96ad3e\" data-element_type=\"container\" data-settings=\"{&quot;content_width&quot;:&quot;boxed&quot;}\" data-core-v316-plus=\"true\">\n\t\t\t\t\t<div class=\"e-con-inner\">\n\t\t\t\t<div class=\"elementor-element elementor-element-137a271 elementor-widget elementor-widget-text-editor\" data-id=\"137a271\" data-element_type=\"widget\" data-widget_type=\"text-editor.default\">\n\t\t\t\t<div class=\"elementor-widget-container\">\n\t\t\t<style>\/*! elementor - v3.17.0 - 08-11-2023 *\/\n.elementor-widget-text-editor.elementor-drop-cap-view-stacked .elementor-drop-cap{background-color:#69727d;color:#fff}.elementor-widget-text-editor.elementor-drop-cap-view-framed .elementor-drop-cap{color:#69727d;border:3px solid;background-color:transparent}.elementor-widget-text-editor:not(.elementor-drop-cap-view-default) .elementor-drop-cap{margin-top:8px}.elementor-widget-text-editor:not(.elementor-drop-cap-view-default) .elementor-drop-cap-letter{width:1em;height:1em}.elementor-widget-text-editor .elementor-drop-cap{float:left;text-align:center;line-height:1;font-size:50px}.elementor-widget-text-editor .elementor-drop-cap-letter{display:inline-block}<\/style>\t\t\t\t<p>Le <b> Hackathon Himaya Innov\u2019days 2024<\/b> vise \u00e0 rassembler des esprits cr\u00e9atifs et des passionn\u00e9s en technologies avanc\u00e9es pour concevoir des solutions et applications innovantes, qui am\u00e9lioreront la pr\u00e9paration, la r\u00e9ponse et la r\u00e9cup\u00e9ration en cas de catastrophe. Ses objectifs principaux sont :<\/p><ul><li>Stimuler l&rsquo;innovation en r\u00e9unissant des esprits cr\u00e9atifs pour r\u00e9soudre des probl\u00e8mes complexes li\u00e9s \u00e0 la gestion des catastrophes;<\/li><li>Favoriser la collaboration interdisciplinaire et transversale pour concevoir des solutions novatrices adapt\u00e9es aux situations d\u2019urgence;<\/li><li>D\u00e9velopper des prototypes fonctionnels et des id\u00e9es pratiques et op\u00e9rationnelles pour r\u00e9pondre aux d\u00e9fis sp\u00e9cifiques inh\u00e9rents \u00e0 la gestion des catastrophes;<\/li><li>Cr\u00e9er un environnement propice \u00e0 l&rsquo;apprentissage, \u00e0 l&rsquo;exp\u00e9rimentation et \u00e0 l&rsquo;\u00e9laboration de solutions concr\u00e8tes et fonctionnelles d\u00e9di\u00e9es \u00e0 la gestion des situations de catastrophes;<\/li><li>Encourager l&rsquo;entrepreneuriat et faire avancer des id\u00e9es et soutenir des initiatives qui ont un impact positif sur la soci\u00e9t\u00e9 dans le domaine de la protection civile.<\/li><\/ul>\t\t\t\t\t\t<\/div>\n\t\t\t\t<\/div>\n\t\t\t\t\t<\/div>\n\t\t\t\t<\/div>\n\t\t<div class=\"has_eae_slider elementor-element elementor-element-e14bec9 e-flex e-con-boxed e-con e-parent\" data-id=\"e14bec9\" data-element_type=\"container\" data-settings=\"{&quot;content_width&quot;:&quot;boxed&quot;}\" data-core-v316-plus=\"true\">\n\t\t\t\t\t<div class=\"e-con-inner\">\n\t\t\t\t<div class=\"elementor-element elementor-element-d65537b elementor-widget elementor-widget-heading\" data-id=\"d65537b\" data-element_type=\"widget\" data-widget_type=\"heading.default\">\n\t\t\t\t<div class=\"elementor-widget-container\">\n\t\t\t<h3 class=\"elementor-heading-title elementor-size-default\">Technologies d\u2019int\u00e9r\u00eat <\/h3>\t\t<\/div>\n\t\t\t\t<\/div>\n\t\t\t\t\t<\/div>\n\t\t\t\t<\/div>\n\t\t<div class=\"has_eae_slider elementor-element elementor-element-3617a60 e-flex e-con-boxed e-con e-parent\" data-id=\"3617a60\" data-element_type=\"container\" data-settings=\"{&quot;content_width&quot;:&quot;boxed&quot;}\" data-core-v316-plus=\"true\">\n\t\t\t\t\t<div class=\"e-con-inner\">\n\t\t\t\t<div class=\"elementor-element elementor-element-40a00b7 elementor-widget elementor-widget-text-editor\" data-id=\"40a00b7\" data-element_type=\"widget\" data-widget_type=\"text-editor.default\">\n\t\t\t\t<div class=\"elementor-widget-container\">\n\t\t\t\t\t\t\t<ul><li>Intelligence Artificielle (machine learning, deep learning, IA g\u00e9n\u00e9rative, etc );<\/li><li>Applications mobiles et plateformes num\u00e9rique pour la coordination et la communication entre les acteurs de la gestion des risques majeurs;<\/li><li>R\u00e9seaux avanc\u00e9s : IoT, 5G, r\u00e9seaux ad-hoc, t\u00e9l\u00e9d\u00e9tection, etc;<\/li><li>Syst\u00e8mes d&rsquo;informations g\u00e9ographiques (SIG);<\/li><li>Open Source\/Open Data\/Open Innovation;<\/li><li>R\u00e9seaux sociaux, analyse de sentiments et crowdsourcing;<\/li><li>Syst\u00e8mes d&rsquo;\u00e9vacuation et de sauvetage;<\/li><li>Analyse Big Data et Data Mining;<\/li><li>R\u00e9alit\u00e9 virtuelle\/R\u00e9alit\u00e9 augment\u00e9e\/R\u00e9alit\u00e9 \u00e9tendue;<\/li><li>Mod\u00e9lisation et simulation des catastrophes;<\/li><li>V\u00e9hicules autonomes (drones) et robots;<\/li><li>T\u00e9l\u00e9d\u00e9tection et Imagerie satellitaire;<\/li><li>Syst\u00e8mes d&rsquo;alerte pr\u00e9coce;<\/li><li>Jumeaux num\u00e9riques.<\/li><\/ul>\t\t\t\t\t\t<\/div>\n\t\t\t\t<\/div>\n\t\t\t\t\t<\/div>\n\t\t\t\t<\/div>\n\t\t<div class=\"has_eae_slider elementor-element elementor-element-6fedeb8 e-flex e-con-boxed e-con e-parent\" data-id=\"6fedeb8\" data-element_type=\"container\" data-settings=\"{&quot;content_width&quot;:&quot;boxed&quot;}\" data-core-v316-plus=\"true\">\n\t\t\t\t\t<div class=\"e-con-inner\">\n\t\t\t\t<div class=\"elementor-element elementor-element-7374650 elementor-widget elementor-widget-text-editor\" data-id=\"7374650\" data-element_type=\"widget\" data-widget_type=\"text-editor.default\">\n\t\t\t\t<div class=\"elementor-widget-container\">\n\t\t\t\t\t\t\t<h5><span style=\"color: #ff6600;\"><span style=\"color: #6ec1e4;\">Comment participer ?<\/span> <\/span><\/h5><h6><span style=\"color: #ff6600;\"><span style=\"color: #333333;\">Veuillez cliquer<\/span><\/span><span style=\"color: #ff0000;\"> <a style=\"color: #ff0000;\" href=\"http:\/\/himaya-innov.cerist.dz\/index.php\/participation\/\">ici<\/a><\/span><\/h6>\t\t\t\t\t\t<\/div>\n\t\t\t\t<\/div>\n\t\t\t\t\t<\/div>\n\t\t\t\t<\/div>\n\t\t<div class=\"has_eae_slider elementor-element elementor-element-355b647 e-flex e-con-boxed e-con e-parent\" data-id=\"355b647\" data-element_type=\"container\" data-settings=\"{&quot;content_width&quot;:&quot;boxed&quot;}\" data-core-v316-plus=\"true\">\n\t\t\t\t\t<div class=\"e-con-inner\">\n\t\t\t\t<div class=\"elementor-element elementor-element-c1fe649 elementor-widget elementor-widget-text-editor\" data-id=\"c1fe649\" data-element_type=\"widget\" data-widget_type=\"text-editor.default\">\n\t\t\t\t<div class=\"elementor-widget-container\">\n\t\t\t\t\t\t\t<h5><span style=\"color: #ff6600;\"><span style=\"color: #6ec1e4;\">T\u00e9l\u00e9charger l\u2019appel \u00e0 Projets (CFP)<\/span> <\/span><\/h5><h6><span style=\"color: #ff6600;\"><span style=\"color: #333333;\">Veuillez cliquer<\/span><\/span><span style=\"color: #ff0000;\"> <a style=\"color: #ff0000;\" href=\"http:\/\/himaya-innov.cerist.dz\/wp-content\/uploads\/2023\/12\/CFP_Hackathon_2024_fr.pdf\" target=\"_blank\" rel=\"noopener\">ici<\/a><\/span><\/h6>\t\t\t\t\t\t<\/div>\n\t\t\t\t<\/div>\n\t\t\t\t\t<\/div>\n\t\t\t\t<\/div>\n\t\t<div class=\"has_eae_slider elementor-element elementor-element-0cbc465 e-flex e-con-boxed e-con e-parent\" data-id=\"0cbc465\" data-element_type=\"container\" data-settings=\"{&quot;content_width&quot;:&quot;boxed&quot;}\" data-core-v316-plus=\"true\">\n\t\t\t\t\t<div class=\"e-con-inner\">\n\t\t\t\t<div class=\"elementor-element elementor-element-c324f3d elementor-widget elementor-widget-spacer\" data-id=\"c324f3d\" data-element_type=\"widget\" data-widget_type=\"spacer.default\">\n\t\t\t\t<div class=\"elementor-widget-container\">\n\t\t\t<style>\/*! elementor - v3.17.0 - 08-11-2023 *\/\n.elementor-column .elementor-spacer-inner{height:var(--spacer-size)}.e-con{--container-widget-width:100%}.e-con-inner>.elementor-widget-spacer,.e-con>.elementor-widget-spacer{width:var(--container-widget-width,var(--spacer-size));--align-self:var(--container-widget-align-self,initial);--flex-shrink:0}.e-con-inner>.elementor-widget-spacer>.elementor-widget-container,.e-con>.elementor-widget-spacer>.elementor-widget-container{height:100%;width:100%}.e-con-inner>.elementor-widget-spacer>.elementor-widget-container>.elementor-spacer,.e-con>.elementor-widget-spacer>.elementor-widget-container>.elementor-spacer{height:100%}.e-con-inner>.elementor-widget-spacer>.elementor-widget-container>.elementor-spacer>.elementor-spacer-inner,.e-con>.elementor-widget-spacer>.elementor-widget-container>.elementor-spacer>.elementor-spacer-inner{height:var(--container-widget-height,var(--spacer-size))}.e-con-inner>.elementor-widget-spacer.elementor-widget-empty,.e-con>.elementor-widget-spacer.elementor-widget-empty{position:relative;min-height:22px;min-width:22px}.e-con-inner>.elementor-widget-spacer.elementor-widget-empty .elementor-widget-empty-icon,.e-con>.elementor-widget-spacer.elementor-widget-empty .elementor-widget-empty-icon{position:absolute;top:0;bottom:0;left:0;right:0;margin:auto;padding:0;width:22px;height:22px}<\/style>\t\t<div class=\"elementor-spacer\">\n\t\t\t<div class=\"elementor-spacer-inner\"><\/div>\n\t\t<\/div>\n\t\t\t\t<\/div>\n\t\t\t\t<\/div>\n\t\t\t\t\t<\/div>\n\t\t\t\t<\/div>\n\t\t\t\t\t\t\t<\/div>\n\t\t","protected":false},"excerpt":{"rendered":"<p>Objectifs du hackathon Le Hackathon Himaya Innov\u2019days 2024 vise \u00e0 rassembler des esprits cr\u00e9atifs et des passionn\u00e9s en technologies avanc\u00e9es pour concevoir des solutions et applications innovantes, qui am\u00e9lioreront la pr\u00e9paration, la r\u00e9ponse et la r\u00e9cup\u00e9ration en cas de catastrophe. Ses objectifs principaux sont : Stimuler l&rsquo;innovation en r\u00e9unissant des esprits cr\u00e9atifs pour r\u00e9soudre des &hellip;<\/p>\n<p class=\"read-more\"> <a class=\"\" href=\"http:\/\/himaya-innov.cerist.dz\/index.php\/language\/fr\/appel-a-projets\/\"> <span class=\"screen-reader-text\">Appel \u00e0 projets<\/span> Lire la suite\u00a0\u00bb<\/a><\/p>\n","protected":false},"author":1,"featured_media":0,"parent":0,"menu_order":0,"comment_status":"closed","ping_status":"closed","template":"","meta":{"site-sidebar-layout":"no-sidebar","site-content-layout":"","ast-site-content-layout":"","site-content-style":"default","site-sidebar-style":"default","ast-global-header-display":"","ast-banner-title-visibility":"","ast-main-header-display":"","ast-hfb-above-header-display":"","ast-hfb-below-header-display":"","ast-hfb-mobile-header-display":"","site-post-title":"disabled","ast-breadcrumbs-content":"","ast-featured-img":"disabled","footer-sml-layout":"","theme-transparent-header-meta":"","adv-header-id-meta":"","stick-header-meta":"","header-above-stick-meta":"","header-main-stick-meta":"","header-below-stick-meta":"","astra-migrate-meta-layouts":"","ast-page-background-enabled":"default","ast-page-background-meta":{"desktop":{"background-color":"var(--ast-global-color-4)","background-image":"","background-repeat":"repeat","background-position":"center center","background-size":"auto","background-attachment":"scroll","background-type":"","background-media":"","overlay-type":"","overlay-color":"","overlay-gradient":""},"tablet":{"background-color":"","background-image":"","background-repeat":"repeat","background-position":"center center","background-size":"auto","background-attachment":"scroll","background-type":"","background-media":"","overlay-type":"","overlay-color":"","overlay-gradient":""},"mobile":{"background-color":"","background-image":"","background-repeat":"repeat","background-position":"center center","background-size":"auto","background-attachment":"scroll","background-type":"","background-media":"","overlay-type":"","overlay-color":"","overlay-gradient":""}},"ast-content-background-meta":{"desktop":{"background-color":"var(--ast-global-color-5)","background-image":"","background-repeat":"repeat","background-position":"center center","background-size":"auto","background-attachment":"scroll","background-type":"","background-media":"","overlay-type":"","overlay-color":"","overlay-gradient":""},"tablet":{"background-color":"var(--ast-global-color-5)","background-image":"","background-repeat":"repeat","background-position":"center center","background-size":"auto","background-attachment":"scroll","background-type":"","background-media":"","overlay-type":"","overlay-color":"","overlay-gradient":""},"mobile":{"background-color":"var(--ast-global-color-5)","background-image":"","background-repeat":"repeat","background-position":"center center","background-size":"auto","background-attachment":"scroll","background-type":"","background-media":"","overlay-type":"","overlay-color":"","overlay-gradient":""}},"footnotes":""},"class_list":["post-82","page","type-page","status-publish","hentry"],"_links":{"self":[{"href":"http:\/\/himaya-innov.cerist.dz\/index.php\/wp-json\/wp\/v2\/pages\/82","targetHints":{"allow":["GET"]}}],"collection":[{"href":"http:\/\/himaya-innov.cerist.dz\/index.php\/wp-json\/wp\/v2\/pages"}],"about":[{"href":"http:\/\/himaya-innov.cerist.dz\/index.php\/wp-json\/wp\/v2\/types\/page"}],"author":[{"embeddable":true,"href":"http:\/\/himaya-innov.cerist.dz\/index.php\/wp-json\/wp\/v2\/users\/1"}],"replies":[{"embeddable":true,"href":"http:\/\/himaya-innov.cerist.dz\/index.php\/wp-json\/wp\/v2\/comments?post=82"}],"version-history":[{"count":104,"href":"http:\/\/himaya-innov.cerist.dz\/index.php\/wp-json\/wp\/v2\/pages\/82\/revisions"}],"predecessor-version":[{"id":2153,"href":"http:\/\/himaya-innov.cerist.dz\/index.php\/wp-json\/wp\/v2\/pages\/82\/revisions\/2153"}],"wp:attachment":[{"href":"http:\/\/himaya-innov.cerist.dz\/index.php\/wp-json\/wp\/v2\/media?parent=82"}],"curies":[{"name":"wp","href":"https:\/\/api.w.org\/{rel}","templated":true}]}}