{"id":86,"date":"2023-11-22T22:06:32","date_gmt":"2023-11-22T21:06:32","guid":{"rendered":"http:\/\/tamarics.cerist.dz\/?page_id=86"},"modified":"2023-12-07T08:06:22","modified_gmt":"2023-12-07T07:06:22","slug":"objectifs","status":"publish","type":"page","link":"http:\/\/himaya-innov.cerist.dz\/index.php\/language\/fr\/objectifs\/","title":{"rendered":"Objectifs"},"content":{"rendered":"\t\t<div data-elementor-type=\"wp-page\" data-elementor-id=\"86\" class=\"elementor elementor-86\">\n\t\t\t\t\t\t\t<div class=\"has_eae_slider elementor-element elementor-element-68c5a18 e-flex e-con-boxed e-con e-parent\" data-id=\"68c5a18\" data-element_type=\"container\" data-settings=\"{&quot;content_width&quot;:&quot;boxed&quot;}\" data-core-v316-plus=\"true\">\n\t\t\t\t\t<div class=\"e-con-inner\">\n\t\t\t\t<div class=\"elementor-element elementor-element-714ceb1 elementor-widget elementor-widget-image\" data-id=\"714ceb1\" data-element_type=\"widget\" data-widget_type=\"image.default\">\n\t\t\t\t<div class=\"elementor-widget-container\">\n\t\t\t<style>\/*! elementor - v3.17.0 - 08-11-2023 *\/\n.elementor-widget-image{text-align:center}.elementor-widget-image a{display:inline-block}.elementor-widget-image a img[src$=\".svg\"]{width:48px}.elementor-widget-image img{vertical-align:middle;display:inline-block}<\/style>\t\t\t\t\t\t\t\t\t\t\t\t<img fetchpriority=\"high\" decoding=\"async\" width=\"1024\" height=\"341\" src=\"http:\/\/himaya-innov.cerist.dz\/wp-content\/uploads\/2023\/11\/banniere-himaya-2bis-1024x341.png\" class=\"attachment-large size-large wp-image-1091\" alt=\"\" srcset=\"http:\/\/himaya-innov.cerist.dz\/wp-content\/uploads\/2023\/11\/banniere-himaya-2bis-1024x341.png 1024w, http:\/\/himaya-innov.cerist.dz\/wp-content\/uploads\/2023\/11\/banniere-himaya-2bis-300x100.png 300w, http:\/\/himaya-innov.cerist.dz\/wp-content\/uploads\/2023\/11\/banniere-himaya-2bis-768x256.png 768w, http:\/\/himaya-innov.cerist.dz\/wp-content\/uploads\/2023\/11\/banniere-himaya-2bis.png 1500w\" sizes=\"(max-width: 1024px) 100vw, 1024px\" \/>\t\t\t\t\t\t\t\t\t\t\t\t\t\t\t<\/div>\n\t\t\t\t<\/div>\n\t\t\t\t\t<\/div>\n\t\t\t\t<\/div>\n\t\t<div class=\"has_eae_slider elementor-element elementor-element-555e0a2 e-flex e-con-boxed e-con e-parent\" data-id=\"555e0a2\" data-element_type=\"container\" data-settings=\"{&quot;content_width&quot;:&quot;boxed&quot;}\" data-core-v316-plus=\"true\">\n\t\t\t\t\t<div class=\"e-con-inner\">\n\t\t\t\t<div class=\"elementor-element elementor-element-9f454ed elementor-widget elementor-widget-heading\" data-id=\"9f454ed\" data-element_type=\"widget\" data-widget_type=\"heading.default\">\n\t\t\t\t<div class=\"elementor-widget-container\">\n\t\t\t<style>\/*! elementor - v3.17.0 - 08-11-2023 *\/\n.elementor-heading-title{padding:0;margin:0;line-height:1}.elementor-widget-heading .elementor-heading-title[class*=elementor-size-]>a{color:inherit;font-size:inherit;line-height:inherit}.elementor-widget-heading .elementor-heading-title.elementor-size-small{font-size:15px}.elementor-widget-heading .elementor-heading-title.elementor-size-medium{font-size:19px}.elementor-widget-heading .elementor-heading-title.elementor-size-large{font-size:29px}.elementor-widget-heading .elementor-heading-title.elementor-size-xl{font-size:39px}.elementor-widget-heading .elementor-heading-title.elementor-size-xxl{font-size:59px}<\/style><h2 class=\"elementor-heading-title elementor-size-default\">Objectifs du hackathon <\/h2>\t\t<\/div>\n\t\t\t\t<\/div>\n\t\t\t\t\t<\/div>\n\t\t\t\t<\/div>\n\t\t<div class=\"has_eae_slider elementor-element elementor-element-e7af07c e-flex e-con-boxed e-con e-parent\" data-id=\"e7af07c\" data-element_type=\"container\" data-settings=\"{&quot;content_width&quot;:&quot;boxed&quot;}\" data-core-v316-plus=\"true\">\n\t\t\t\t\t<div class=\"e-con-inner\">\n\t\t\t\t<div class=\"elementor-element elementor-element-29ff2e6 elementor-widget elementor-widget-text-editor\" data-id=\"29ff2e6\" data-element_type=\"widget\" data-widget_type=\"text-editor.default\">\n\t\t\t\t<div class=\"elementor-widget-container\">\n\t\t\t<style>\/*! elementor - v3.17.0 - 08-11-2023 *\/\n.elementor-widget-text-editor.elementor-drop-cap-view-stacked .elementor-drop-cap{background-color:#69727d;color:#fff}.elementor-widget-text-editor.elementor-drop-cap-view-framed .elementor-drop-cap{color:#69727d;border:3px solid;background-color:transparent}.elementor-widget-text-editor:not(.elementor-drop-cap-view-default) .elementor-drop-cap{margin-top:8px}.elementor-widget-text-editor:not(.elementor-drop-cap-view-default) .elementor-drop-cap-letter{width:1em;height:1em}.elementor-widget-text-editor .elementor-drop-cap{float:left;text-align:center;line-height:1;font-size:50px}.elementor-widget-text-editor .elementor-drop-cap-letter{display:inline-block}<\/style>\t\t\t\t<p>Le <b> Hackathon Himaya Innov\u2019days 2024<\/b> vise \u00e0 rassembler des esprits cr\u00e9atifs et des passionn\u00e9s en technologies avanc\u00e9es pour concevoir des solutions et applications innovantes, qui am\u00e9lioreront la pr\u00e9paration, la r\u00e9ponse et la r\u00e9cup\u00e9ration en cas de catastrophe. Ses objectifs principaux sont :<\/p><ul><li>Stimuler l&rsquo;innovation en r\u00e9unissant des esprits cr\u00e9atifs pour r\u00e9soudre des probl\u00e8mes complexes li\u00e9s \u00e0 la gestion des catastrophes;<\/li><li>Favoriser la collaboration interdisciplinaire et transversale pour concevoir des solutions novatrices;<\/li><li>D\u00e9velopper des prototypes fonctionnels et des id\u00e9es pratiques pour r\u00e9pondre aux d\u00e9fis sp\u00e9cifiques qui nous sont pr\u00e9sent\u00e9s;<\/li><li>Cr\u00e9er un environnement propice \u00e0 l&rsquo;apprentissage, \u00e0 l&rsquo;exp\u00e9rimentation et \u00e0 l&rsquo;\u00e9laboration de solutions concr\u00e8tes et fonctionnelles d\u00e9di\u00e9es \u00e0 la gestion des situations de catastrophes;<\/li><li>Encourager l&rsquo;entrepreneuriat et faire avancer des id\u00e9es qui ont un impact positif sur la soci\u00e9t\u00e9.<\/li><\/ul>\t\t\t\t\t\t<\/div>\n\t\t\t\t<\/div>\n\t\t\t\t\t<\/div>\n\t\t\t\t<\/div>\n\t\t<div class=\"has_eae_slider elementor-element elementor-element-bfc4ce2 e-flex e-con-boxed e-con e-parent\" data-id=\"bfc4ce2\" data-element_type=\"container\" data-settings=\"{&quot;content_width&quot;:&quot;boxed&quot;}\" data-core-v316-plus=\"true\">\n\t\t\t\t\t<div class=\"e-con-inner\">\n\t\t\t\t<div class=\"elementor-element elementor-element-e2675c7 elementor-widget elementor-widget-heading\" data-id=\"e2675c7\" data-element_type=\"widget\" data-widget_type=\"heading.default\">\n\t\t\t\t<div class=\"elementor-widget-container\">\n\t\t\t<h3 class=\"elementor-heading-title elementor-size-default\">Technologies d\u2019int\u00e9r\u00eat <\/h3>\t\t<\/div>\n\t\t\t\t<\/div>\n\t\t\t\t\t<\/div>\n\t\t\t\t<\/div>\n\t\t<div class=\"has_eae_slider elementor-element elementor-element-ae37dd3 e-flex e-con-boxed e-con e-parent\" data-id=\"ae37dd3\" data-element_type=\"container\" data-settings=\"{&quot;content_width&quot;:&quot;boxed&quot;}\" data-core-v316-plus=\"true\">\n\t\t\t\t\t<div class=\"e-con-inner\">\n\t\t\t\t<div class=\"elementor-element elementor-element-491095f elementor-widget elementor-widget-text-editor\" data-id=\"491095f\" data-element_type=\"widget\" data-widget_type=\"text-editor.default\">\n\t\t\t\t<div class=\"elementor-widget-container\">\n\t\t\t\t\t\t\t<ul><li>Intelligence Artificielle (machine learning, deep learning, IA g\u00e9n\u00e9rative, etc );<\/li><li>Applications mobiles et plateformes num\u00e9rique pour la coordination et la communication entre les acteurs de la gestion des risques majeurs;<\/li><li>R\u00e9seaux avanc\u00e9s : IoT, 5G, r\u00e9seaux ad-hoc, t\u00e9l\u00e9d\u00e9tection, etc;<\/li><li>Syst\u00e8mes d&rsquo;informations g\u00e9ographiques (SIG);<\/li><li>Open Source\/Open Data\/Open Innovation;<\/li><li>Crowdsourcing et analyse de sentiment;<\/li><li>Syst\u00e8mes d&rsquo;\u00e9vacuation et de sauvetage;<\/li><li>Analyse Big Data et Data Mining;<\/li><li>R\u00e9alit\u00e9 virtuelle\/R\u00e9alit\u00e9 augment\u00e9e\/R\u00e9alit\u00e9 \u00e9tendue;<\/li><li>Simulation des effets des catastrophes naturelles et technologiques (feux de for\u00eats, inondations, s\u00e9ismes, accidents technologiques, etc);<\/li><li>Mod\u00e9lisation et simulation des catastrophes;<\/li><li>V\u00e9hicules autonomes (drones) et robots;<\/li><li>T\u00e9l\u00e9d\u00e9tection et Imagerie satellitaire;<\/li><li>Syst\u00e8mes d&rsquo;alerte pr\u00e9coce;<\/li><li>R\u00e9seaux sociaux et crowdsourcing.<\/li><\/ul>\t\t\t\t\t\t<\/div>\n\t\t\t\t<\/div>\n\t\t\t\t\t<\/div>\n\t\t\t\t<\/div>\n\t\t<div class=\"has_eae_slider elementor-element elementor-element-069b1fb e-flex e-con-boxed e-con e-parent\" data-id=\"069b1fb\" data-element_type=\"container\" data-settings=\"{&quot;content_width&quot;:&quot;boxed&quot;}\" data-core-v316-plus=\"true\">\n\t\t\t\t\t<div class=\"e-con-inner\">\n\t\t\t\t<div class=\"elementor-element elementor-element-e0ebe15 elementor-widget elementor-widget-heading\" data-id=\"e0ebe15\" data-element_type=\"widget\" data-widget_type=\"heading.default\">\n\t\t\t\t<div class=\"elementor-widget-container\">\n\t\t\t<h2 class=\"elementor-heading-title elementor-size-default\">Axes principaux<\/h2>\t\t<\/div>\n\t\t\t\t<\/div>\n\t\t\t\t\t<\/div>\n\t\t\t\t<\/div>\n\t\t<div class=\"has_eae_slider elementor-element elementor-element-b802d44 e-flex e-con-boxed e-con e-parent\" data-id=\"b802d44\" data-element_type=\"container\" data-settings=\"{&quot;content_width&quot;:&quot;boxed&quot;}\" data-core-v316-plus=\"true\">\n\t\t\t\t\t<div class=\"e-con-inner\">\n\t\t\t\t<div class=\"elementor-element elementor-element-1f565dd elementor-widget elementor-widget-text-editor\" data-id=\"1f565dd\" data-element_type=\"widget\" data-widget_type=\"text-editor.default\">\n\t\t\t\t<div class=\"elementor-widget-container\">\n\t\t\t\t\t\t\t<h4><span style=\"color: #6ec1e4;\">Feux de forets<\/span><\/h4><p>Les feux de for\u00eat repr\u00e9sentent une menace s\u00e9rieuse pour l&rsquo;\u00e9conomie, l&rsquo;environnement et malheureusement, trop souvent, pour les vies humaines. Dans le but de mieux appr\u00e9hender la propagation et l&rsquo;\u00e9volution de ces feux, d&rsquo;identifier les zones \u00e0 risque, d&rsquo;apporter un soutien aux \u00e9quipes de protection civile engag\u00e9es dans la lutte contre les flammes, et en d\u00e9finitive, de sauvegarder des vies, les nouvelles technologies se positionnent comme des outils pr\u00e9cieux pour optimiser les approches de pr\u00e9vention et de lutte et de hi\u00e9rarchiser les interventions.<\/p><h4><span style=\"color: #6ec1e4;\">Inondations<\/span><\/h4><p>Les inondations constituent un risque majeur sur le territoire national. Une fois d\u00e9clench\u00e9, le ph\u00e9nom\u00e8ne d\u2019inondation devient rapidement difficile \u00e0 ma\u00eetriser et cela peut entra\u00eener d\u2019importants d\u00e9g\u00e2ts mat\u00e9riels et des pertes humaines cons\u00e9quentes. Offrir une cartographie pr\u00e9visionnelle des inondations ainsi qu\u2019une \u00e9valuation pr\u00e9cise de leurs impacts sur la population, les b\u00e2timents et les infrastructures essentielles devient n\u00e9cessaire pour pouvoir contr\u00f4ler ces catastrophes et limiter leurs impacts. L\u2019exploitation des domaines de l\u2019intelligence artificielle, la vision par ordinateur (analyse d\u2019images) et la mod\u00e9lisation num\u00e9rique peut donner acc\u00e8s \u00e0 de nouvelles mesures environnementales et fournissent des informations in\u00e9dites non seulement pour aider \u00e0 pr\u00e9voir les menaces imm\u00e9diates d\u2019inondation, mais aussi pour am\u00e9liorer les strat\u00e9gies de pr\u00e9vention, d\u2019anticipation et d\u2019intervention.<\/p><h4><span style=\"color: #6ec1e4;\">Soutien psychologique aux victimes des catastrophes<\/span><\/h4><p>TBA<\/p><h4><span style=\"color: #6ec1e4;\">Open track : Autres risques naturels et technologiques <\/span><\/h4><p>Cet axe d\u00e9lib\u00e9r\u00e9ment laiss\u00e9 ouvert, vise \u00e0 stimuler la cr\u00e9ativit\u00e9 des participants en explorant des solutions li\u00e9es aux d\u00e9fis soci\u00e9taux tels que les risques technologiques ou autres risques naturels \u00e9mergents. L&rsquo;objectif est de favoriser les id\u00e9es et approches novatrices susceptibles de permettre de mieux appr\u00e9hender, pr\u00e9venir et att\u00e9nuer ces risques tout en mettant l&rsquo;accent sur des solutions int\u00e9gr\u00e9es et holistiques. Les participants sont encourag\u00e9s \u00e0 adopter une vision globale pour renforcer la r\u00e9silience face aux multiples enjeux li\u00e9es \u00e0 ces risques \u00e9mergents.<\/p>\t\t\t\t\t\t<\/div>\n\t\t\t\t<\/div>\n\t\t\t\t\t<\/div>\n\t\t\t\t<\/div>\n\t\t\t\t\t\t\t<\/div>\n\t\t","protected":false},"excerpt":{"rendered":"<p>Objectifs du hackathon Le Hackathon Himaya Innov\u2019days 2024 vise \u00e0 rassembler des esprits cr\u00e9atifs et des passionn\u00e9s en technologies avanc\u00e9es pour concevoir des solutions et applications innovantes, qui am\u00e9lioreront la pr\u00e9paration, la r\u00e9ponse et la r\u00e9cup\u00e9ration en cas de catastrophe. Ses objectifs principaux sont : Stimuler l&rsquo;innovation en r\u00e9unissant des esprits cr\u00e9atifs pour r\u00e9soudre des &hellip;<\/p>\n<p class=\"read-more\"> <a class=\"\" href=\"http:\/\/himaya-innov.cerist.dz\/index.php\/language\/fr\/objectifs\/\"> <span class=\"screen-reader-text\">Objectifs<\/span> Lire la suite\u00a0\u00bb<\/a><\/p>\n","protected":false},"author":1,"featured_media":0,"parent":0,"menu_order":0,"comment_status":"closed","ping_status":"closed","template":"","meta":{"site-sidebar-layout":"no-sidebar","site-content-layout":"","ast-site-content-layout":"","site-content-style":"default","site-sidebar-style":"default","ast-global-header-display":"","ast-banner-title-visibility":"","ast-main-header-display":"","ast-hfb-above-header-display":"","ast-hfb-below-header-display":"","ast-hfb-mobile-header-display":"","site-post-title":"disabled","ast-breadcrumbs-content":"","ast-featured-img":"disabled","footer-sml-layout":"","theme-transparent-header-meta":"","adv-header-id-meta":"","stick-header-meta":"","header-above-stick-meta":"","header-main-stick-meta":"","header-below-stick-meta":"","astra-migrate-meta-layouts":"","ast-page-background-enabled":"default","ast-page-background-meta":{"desktop":{"background-color":"var(--ast-global-color-4)","background-image":"","background-repeat":"repeat","background-position":"center center","background-size":"auto","background-attachment":"scroll","background-type":"","background-media":"","overlay-type":"","overlay-color":"","overlay-gradient":""},"tablet":{"background-color":"","background-image":"","background-repeat":"repeat","background-position":"center center","background-size":"auto","background-attachment":"scroll","background-type":"","background-media":"","overlay-type":"","overlay-color":"","overlay-gradient":""},"mobile":{"background-color":"","background-image":"","background-repeat":"repeat","background-position":"center center","background-size":"auto","background-attachment":"scroll","background-type":"","background-media":"","overlay-type":"","overlay-color":"","overlay-gradient":""}},"ast-content-background-meta":{"desktop":{"background-color":"var(--ast-global-color-5)","background-image":"","background-repeat":"repeat","background-position":"center center","background-size":"auto","background-attachment":"scroll","background-type":"","background-media":"","overlay-type":"","overlay-color":"","overlay-gradient":""},"tablet":{"background-color":"var(--ast-global-color-5)","background-image":"","background-repeat":"repeat","background-position":"center center","background-size":"auto","background-attachment":"scroll","background-type":"","background-media":"","overlay-type":"","overlay-color":"","overlay-gradient":""},"mobile":{"background-color":"var(--ast-global-color-5)","background-image":"","background-repeat":"repeat","background-position":"center center","background-size":"auto","background-attachment":"scroll","background-type":"","background-media":"","overlay-type":"","overlay-color":"","overlay-gradient":""}},"footnotes":""},"class_list":["post-86","page","type-page","status-publish","hentry"],"_links":{"self":[{"href":"http:\/\/himaya-innov.cerist.dz\/index.php\/wp-json\/wp\/v2\/pages\/86","targetHints":{"allow":["GET"]}}],"collection":[{"href":"http:\/\/himaya-innov.cerist.dz\/index.php\/wp-json\/wp\/v2\/pages"}],"about":[{"href":"http:\/\/himaya-innov.cerist.dz\/index.php\/wp-json\/wp\/v2\/types\/page"}],"author":[{"embeddable":true,"href":"http:\/\/himaya-innov.cerist.dz\/index.php\/wp-json\/wp\/v2\/users\/1"}],"replies":[{"embeddable":true,"href":"http:\/\/himaya-innov.cerist.dz\/index.php\/wp-json\/wp\/v2\/comments?post=86"}],"version-history":[{"count":22,"href":"http:\/\/himaya-innov.cerist.dz\/index.php\/wp-json\/wp\/v2\/pages\/86\/revisions"}],"predecessor-version":[{"id":1396,"href":"http:\/\/himaya-innov.cerist.dz\/index.php\/wp-json\/wp\/v2\/pages\/86\/revisions\/1396"}],"wp:attachment":[{"href":"http:\/\/himaya-innov.cerist.dz\/index.php\/wp-json\/wp\/v2\/media?parent=86"}],"curies":[{"name":"wp","href":"https:\/\/api.w.org\/{rel}","templated":true}]}}