{"id":92,"date":"2023-11-22T22:08:01","date_gmt":"2023-11-22T21:08:01","guid":{"rendered":"http:\/\/tamarics.cerist.dz\/?page_id=92"},"modified":"2024-01-03T13:29:24","modified_gmt":"2024-01-03T12:29:24","slug":"tracks","status":"publish","type":"page","link":"http:\/\/himaya-innov.cerist.dz\/index.php\/language\/fr\/tracks\/","title":{"rendered":"Th\u00e9matiques"},"content":{"rendered":"\t\t<div data-elementor-type=\"wp-page\" data-elementor-id=\"92\" class=\"elementor elementor-92\">\n\t\t\t\t\t\t\t<div class=\"has_eae_slider elementor-element elementor-element-5263928 e-flex e-con-boxed e-con e-parent\" data-id=\"5263928\" data-element_type=\"container\" data-settings=\"{&quot;content_width&quot;:&quot;boxed&quot;}\" data-core-v316-plus=\"true\">\n\t\t\t\t\t<div class=\"e-con-inner\">\n\t\t\t\t<div class=\"elementor-element elementor-element-55e08c4 elementor-arrows-position-inside elementor-pagination-position-outside elementor-widget elementor-widget-image-carousel\" data-id=\"55e08c4\" data-element_type=\"widget\" data-settings=\"{&quot;slides_to_show&quot;:&quot;1&quot;,&quot;navigation&quot;:&quot;both&quot;,&quot;autoplay&quot;:&quot;yes&quot;,&quot;pause_on_hover&quot;:&quot;yes&quot;,&quot;pause_on_interaction&quot;:&quot;yes&quot;,&quot;autoplay_speed&quot;:5000,&quot;infinite&quot;:&quot;yes&quot;,&quot;effect&quot;:&quot;slide&quot;,&quot;speed&quot;:500}\" data-widget_type=\"image-carousel.default\">\n\t\t\t\t<div class=\"elementor-widget-container\">\n\t\t\t<style>\/*! elementor - v3.17.0 - 08-11-2023 *\/\n.elementor-widget-image-carousel .swiper,.elementor-widget-image-carousel .swiper-container{position:static}.elementor-widget-image-carousel .swiper-container .swiper-slide figure,.elementor-widget-image-carousel .swiper .swiper-slide figure{line-height:inherit}.elementor-widget-image-carousel .swiper-slide{text-align:center}.elementor-image-carousel-wrapper:not(.swiper-container-initialized):not(.swiper-initialized) .swiper-slide{max-width:calc(100% \/ var(--e-image-carousel-slides-to-show, 3))}<\/style>\t\t<div class=\"elementor-image-carousel-wrapper swiper\" dir=\"ltr\">\n\t\t\t<div class=\"elementor-image-carousel swiper-wrapper\" aria-live=\"off\">\n\t\t\t\t\t\t\t\t<div class=\"swiper-slide\" role=\"group\" aria-roledescription=\"slide\" aria-label=\"1 sur 1\"><figure class=\"swiper-slide-inner\"><img decoding=\"async\" class=\"swiper-slide-image\" src=\"http:\/\/himaya-innov.cerist.dz\/wp-content\/uploads\/2023\/11\/banniere-himaya-2bis.png\" alt=\"banniere himaya 2bis\" \/><\/figure><\/div>\t\t\t<\/div>\n\t\t\t\t\t<\/div>\n\t\t\t\t<\/div>\n\t\t\t\t<\/div>\n\t\t\t\t<div class=\"elementor-element elementor-element-1763e24 elementor-widget elementor-widget-heading\" data-id=\"1763e24\" data-element_type=\"widget\" data-widget_type=\"heading.default\">\n\t\t\t\t<div class=\"elementor-widget-container\">\n\t\t\t<style>\/*! elementor - v3.17.0 - 08-11-2023 *\/\n.elementor-heading-title{padding:0;margin:0;line-height:1}.elementor-widget-heading .elementor-heading-title[class*=elementor-size-]>a{color:inherit;font-size:inherit;line-height:inherit}.elementor-widget-heading .elementor-heading-title.elementor-size-small{font-size:15px}.elementor-widget-heading .elementor-heading-title.elementor-size-medium{font-size:19px}.elementor-widget-heading .elementor-heading-title.elementor-size-large{font-size:29px}.elementor-widget-heading .elementor-heading-title.elementor-size-xl{font-size:39px}.elementor-widget-heading .elementor-heading-title.elementor-size-xxl{font-size:59px}<\/style><h3 class=\"elementor-heading-title elementor-size-default\">Axes principaux<br><\/h3>\t\t<\/div>\n\t\t\t\t<\/div>\n\t\t\t\t\t<\/div>\n\t\t\t\t<\/div>\n\t\t<div class=\"has_eae_slider elementor-element elementor-element-2f3c788 e-flex e-con-boxed e-con e-parent\" data-id=\"2f3c788\" data-element_type=\"container\" data-settings=\"{&quot;content_width&quot;:&quot;boxed&quot;}\" data-core-v316-plus=\"true\">\n\t\t\t\t\t<div class=\"e-con-inner\">\n\t\t\t\t<div class=\"elementor-element elementor-element-56aec30 elementor-widget elementor-widget-heading\" data-id=\"56aec30\" data-element_type=\"widget\" data-widget_type=\"heading.default\">\n\t\t\t\t<div class=\"elementor-widget-container\">\n\t\t\t<h4 class=\"elementor-heading-title elementor-size-default\">Axe 1: Feux de for\u00eat<\/h4>\t\t<\/div>\n\t\t\t\t<\/div>\n\t\t\t\t\t<\/div>\n\t\t\t\t<\/div>\n\t\t<div class=\"has_eae_slider elementor-element elementor-element-8648ff9 e-con-full e-flex e-con e-parent\" data-id=\"8648ff9\" data-element_type=\"container\" data-settings=\"{&quot;content_width&quot;:&quot;full&quot;}\" data-core-v316-plus=\"true\">\n\t\t\t\t<div class=\"elementor-element elementor-element-0501c0e elementor-widget__width-initial elementor-widget elementor-widget-text-editor\" data-id=\"0501c0e\" data-element_type=\"widget\" data-widget_type=\"text-editor.default\">\n\t\t\t\t<div class=\"elementor-widget-container\">\n\t\t\t<style>\/*! elementor - v3.17.0 - 08-11-2023 *\/\n.elementor-widget-text-editor.elementor-drop-cap-view-stacked .elementor-drop-cap{background-color:#69727d;color:#fff}.elementor-widget-text-editor.elementor-drop-cap-view-framed .elementor-drop-cap{color:#69727d;border:3px solid;background-color:transparent}.elementor-widget-text-editor:not(.elementor-drop-cap-view-default) .elementor-drop-cap{margin-top:8px}.elementor-widget-text-editor:not(.elementor-drop-cap-view-default) .elementor-drop-cap-letter{width:1em;height:1em}.elementor-widget-text-editor .elementor-drop-cap{float:left;text-align:center;line-height:1;font-size:50px}.elementor-widget-text-editor .elementor-drop-cap-letter{display:inline-block}<\/style>\t\t\t\t<p>En Alg\u00e9rie, le probl\u00e8me des feux de for\u00eats se pose avec acuit\u00e9 par son impact d\u00e9vastateur, la raret\u00e9 des for\u00eats et les menaces de d\u00e9sertification font que ces incendies ont un impact particuli\u00e8rement d\u00e9sastreux. L&rsquo;Alg\u00e9rie ne poss\u00e8de en effet que 4.1 millions d\u2019hectares de for\u00eats, soit un taux de boisement de 1.76%, or la fr\u00e9quence rapproch\u00e9e des incendies qui surviennent avec un intervalle de retour de moins de 10 ans a un impact catastrophique sur le plan \u00e9cologique et humain. Les feux de for\u00eat repr\u00e9sentent ainsi une menace s\u00e9rieuse pour l&rsquo;\u00e9conomie, l&rsquo;environnement et malheureusement, trop souvent, pour les vies humaines. Dans le but de mieux appr\u00e9hender la propagation et l&rsquo;\u00e9volution de ces feux, d&rsquo;identifier les zones \u00e0 risque, d&rsquo;apporter un soutien aux \u00e9quipes de protection civile engag\u00e9es dans la lutte contre les flammes, et en d\u00e9finitive, de sauvegarder des vies, les nouvelles technologies se positionnent comme des outils pr\u00e9cieux pour optimiser les approches de pr\u00e9vention et de lutte et de hi\u00e9rarchiser les interventions.<\/p>\t\t\t\t\t\t<\/div>\n\t\t\t\t<\/div>\n\t\t\t\t<\/div>\n\t\t<div class=\"has_eae_slider elementor-element elementor-element-207589c e-flex e-con-boxed e-con e-parent\" data-id=\"207589c\" data-element_type=\"container\" data-settings=\"{&quot;content_width&quot;:&quot;boxed&quot;}\" data-core-v316-plus=\"true\">\n\t\t\t\t\t<div class=\"e-con-inner\">\n\t\t\t\t<div class=\"elementor-element elementor-element-e8caf30 elementor-widget elementor-widget-heading\" data-id=\"e8caf30\" data-element_type=\"widget\" data-widget_type=\"heading.default\">\n\t\t\t\t<div class=\"elementor-widget-container\">\n\t\t\t<h4 class=\"elementor-heading-title elementor-size-default\">Axe 2: Inondations<\/h4>\t\t<\/div>\n\t\t\t\t<\/div>\n\t\t\t\t\t<\/div>\n\t\t\t\t<\/div>\n\t\t<div class=\"has_eae_slider elementor-element elementor-element-a46a742 e-flex e-con-boxed e-con e-parent\" data-id=\"a46a742\" data-element_type=\"container\" data-settings=\"{&quot;content_width&quot;:&quot;boxed&quot;}\" data-core-v316-plus=\"true\">\n\t\t\t\t\t<div class=\"e-con-inner\">\n\t\t\t\t<div class=\"elementor-element elementor-element-9b81a46 elementor-widget__width-initial elementor-widget elementor-widget-text-editor\" data-id=\"9b81a46\" data-element_type=\"widget\" data-widget_type=\"text-editor.default\">\n\t\t\t\t<div class=\"elementor-widget-container\">\n\t\t\t\t\t\t\t<p>Les inondations constituent un risque majeur sur le territoire national. Une fois d\u00e9clench\u00e9, le ph\u00e9nom\u00e8ne d\u2019inondation devient rapidement difficile \u00e0 ma\u00eetriser et cela peut entra\u00eener d\u2019importants d\u00e9g\u00e2ts mat\u00e9riels et des pertes humaines cons\u00e9quentes. Offrir une cartographie pr\u00e9visionnelle des inondations ainsi qu\u2019une \u00e9valuation pr\u00e9cise de leurs impacts sur la population, les b\u00e2timents et les infrastructures essentielles deviennent n\u00e9cessaires pour pouvoir contr\u00f4ler ces catastrophes et limiter leurs impacts. L\u2019exploitation des domaines de l\u2019intelligence artificielle, la vision par ordinateur (analyse d\u2019images) et la mod\u00e9lisation num\u00e9rique peut donner acc\u00e8s \u00e0 de nouvelles mesures environnementales et fournissent des informations in\u00e9dites non seulement pour aider \u00e0 pr\u00e9voir les menaces imm\u00e9diates d\u2019inondation, mais aussi pour am\u00e9liorer les strat\u00e9gies de pr\u00e9vention, d\u2019anticipation et d\u2019intervention.<\/p>\t\t\t\t\t\t<\/div>\n\t\t\t\t<\/div>\n\t\t\t\t\t<\/div>\n\t\t\t\t<\/div>\n\t\t<div class=\"has_eae_slider elementor-element elementor-element-b985288 e-flex e-con-boxed e-con e-parent\" data-id=\"b985288\" data-element_type=\"container\" data-settings=\"{&quot;content_width&quot;:&quot;boxed&quot;}\" data-core-v316-plus=\"true\">\n\t\t\t\t\t<div class=\"e-con-inner\">\n\t\t\t\t<div class=\"elementor-element elementor-element-f07c87a elementor-widget elementor-widget-heading\" data-id=\"f07c87a\" data-element_type=\"widget\" data-widget_type=\"heading.default\">\n\t\t\t\t<div class=\"elementor-widget-container\">\n\t\t\t<h4 class=\"elementor-heading-title elementor-size-default\">Axe 3: Soutien psychologique aux victimes de catastrophes<\/h4>\t\t<\/div>\n\t\t\t\t<\/div>\n\t\t\t\t\t<\/div>\n\t\t\t\t<\/div>\n\t\t<div class=\"has_eae_slider elementor-element elementor-element-43a62e0 e-flex e-con-boxed e-con e-parent\" data-id=\"43a62e0\" data-element_type=\"container\" data-settings=\"{&quot;content_width&quot;:&quot;boxed&quot;}\" data-core-v316-plus=\"true\">\n\t\t\t\t\t<div class=\"e-con-inner\">\n\t\t\t\t<div class=\"elementor-element elementor-element-e62a59d elementor-widget elementor-widget-text-editor\" data-id=\"e62a59d\" data-element_type=\"widget\" data-widget_type=\"text-editor.default\">\n\t\t\t\t<div class=\"elementor-widget-container\">\n\t\t\t\t\t\t\t<p><span class=\"x4k7w5x x1h91t0o x1h9r5lt x1jfb8zj xv2umb2 x1beo9mf xaigb6o x12ejxvf x3igimt xarpa2k xedcshv x1lytzrv x1t2pt76 x7ja8zs x1qrby5j\"><span class=\"x193iq5w xeuugli x13faqbe x1vvkbs x10flsy6 x1lliihq x1s928wv xhkezso x1gmr53x x1cpjm7i x1fgarty x1943h6x x4zkp8e x41vudc x6prxxf xvq8zen xo1l8bm xzsf02u\" dir=\"auto\">Cet axe s&rsquo;int\u00e9resse \u00e0 explorer des solutions novatrices visant \u00e0 fournir un soutien psychologique efficace et accessible aux personnes touch\u00e9es par des catastrophes. L&rsquo;objectif est de d\u00e9velopper des solutions technologiques innovantes qui permettent aux intervenants de fournir un soutien psychologique imm\u00e9diat, mais aussi \u00e0 plus long terme, de suivre les traumatismes li\u00e9s \u00e0 une catastrophe.<br \/>Les participants sont encourag\u00e9s \u00e0 penser de mani\u00e8re cr\u00e9ative et \u00e0 int\u00e9grer des technologies telles que l&rsquo;intelligence artificielle (IA), la r\u00e9alit\u00e9 virtuelle ou augment\u00e9e, ainsi que l&rsquo;analyse de donn\u00e9es, pour concevoir des solutions personnalis\u00e9es et adapt\u00e9es aux besoins sp\u00e9cifiques des victimes de traumatismes li\u00e9s aux catastrophes.<\/span><\/span><\/p>\t\t\t\t\t\t<\/div>\n\t\t\t\t<\/div>\n\t\t\t\t\t<\/div>\n\t\t\t\t<\/div>\n\t\t<div class=\"has_eae_slider elementor-element elementor-element-678ea7d e-flex e-con-boxed e-con e-parent\" data-id=\"678ea7d\" data-element_type=\"container\" data-settings=\"{&quot;content_width&quot;:&quot;boxed&quot;}\" data-core-v316-plus=\"true\">\n\t\t\t\t\t<div class=\"e-con-inner\">\n\t\t\t\t<div class=\"elementor-element elementor-element-d9cf871 elementor-widget elementor-widget-heading\" data-id=\"d9cf871\" data-element_type=\"widget\" data-widget_type=\"heading.default\">\n\t\t\t\t<div class=\"elementor-widget-container\">\n\t\t\t<h4 class=\"elementor-heading-title elementor-size-default\">Axe 4: Open track <\/h4>\t\t<\/div>\n\t\t\t\t<\/div>\n\t\t\t\t\t<\/div>\n\t\t\t\t<\/div>\n\t\t<div class=\"has_eae_slider elementor-element elementor-element-3b01c6f e-flex e-con-boxed e-con e-parent\" data-id=\"3b01c6f\" data-element_type=\"container\" data-settings=\"{&quot;content_width&quot;:&quot;boxed&quot;}\" data-core-v316-plus=\"true\">\n\t\t\t\t\t<div class=\"e-con-inner\">\n\t\t\t\t<div class=\"elementor-element elementor-element-17a2dbc elementor-widget elementor-widget-text-editor\" data-id=\"17a2dbc\" data-element_type=\"widget\" data-widget_type=\"text-editor.default\">\n\t\t\t\t<div class=\"elementor-widget-container\">\n\t\t\t\t\t\t\t<h6>Autres risques naturels et technologiques<\/h6><p>Cet axe d\u00e9lib\u00e9r\u00e9ment laiss\u00e9 ouvert, vise \u00e0 stimuler la cr\u00e9ativit\u00e9 des participants en explorant des solutions li\u00e9es aux d\u00e9fis soci\u00e9taux tels que les risques technologiques ou autres risques naturels \u00e9mergents. L&rsquo;objectif est de favoriser les id\u00e9es et approches novatrices susceptibles de permettre de mieux appr\u00e9hender, pr\u00e9venir et att\u00e9nuer ces risques tout en mettant l&rsquo;accent sur des solutions int\u00e9gr\u00e9es et holistiques. Les participants sont encourag\u00e9s \u00e0 adopter une vision globale pour renforcer la r\u00e9silience face aux multiples enjeux li\u00e9s \u00e0 ces risques \u00e9mergents.<\/p>\t\t\t\t\t\t<\/div>\n\t\t\t\t<\/div>\n\t\t\t\t\t<\/div>\n\t\t\t\t<\/div>\n\t\t<div class=\"has_eae_slider elementor-element elementor-element-3673d43 e-flex e-con-boxed e-con e-parent\" data-id=\"3673d43\" data-element_type=\"container\" data-settings=\"{&quot;content_width&quot;:&quot;boxed&quot;}\" data-core-v316-plus=\"true\">\n\t\t\t\t\t<div class=\"e-con-inner\">\n\t\t\t\t<div class=\"elementor-element elementor-element-eed1486 elementor-widget-divider--view-line elementor-invisible elementor-widget elementor-widget-divider\" data-id=\"eed1486\" data-element_type=\"widget\" data-settings=\"{&quot;_animation&quot;:&quot;fadeIn&quot;}\" data-widget_type=\"divider.default\">\n\t\t\t\t<div class=\"elementor-widget-container\">\n\t\t\t<style>\/*! elementor - v3.17.0 - 08-11-2023 *\/\n.elementor-widget-divider{--divider-border-style:none;--divider-border-width:1px;--divider-color:#0c0d0e;--divider-icon-size:20px;--divider-element-spacing:10px;--divider-pattern-height:24px;--divider-pattern-size:20px;--divider-pattern-url:none;--divider-pattern-repeat:repeat-x}.elementor-widget-divider .elementor-divider{display:flex}.elementor-widget-divider .elementor-divider__text{font-size:15px;line-height:1;max-width:95%}.elementor-widget-divider .elementor-divider__element{margin:0 var(--divider-element-spacing);flex-shrink:0}.elementor-widget-divider .elementor-icon{font-size:var(--divider-icon-size)}.elementor-widget-divider .elementor-divider-separator{display:flex;margin:0;direction:ltr}.elementor-widget-divider--view-line_icon .elementor-divider-separator,.elementor-widget-divider--view-line_text .elementor-divider-separator{align-items:center}.elementor-widget-divider--view-line_icon .elementor-divider-separator:after,.elementor-widget-divider--view-line_icon .elementor-divider-separator:before,.elementor-widget-divider--view-line_text .elementor-divider-separator:after,.elementor-widget-divider--view-line_text .elementor-divider-separator:before{display:block;content:\"\";border-bottom:0;flex-grow:1;border-top:var(--divider-border-width) var(--divider-border-style) var(--divider-color)}.elementor-widget-divider--element-align-left .elementor-divider .elementor-divider-separator>.elementor-divider__svg:first-of-type{flex-grow:0;flex-shrink:100}.elementor-widget-divider--element-align-left .elementor-divider-separator:before{content:none}.elementor-widget-divider--element-align-left .elementor-divider__element{margin-left:0}.elementor-widget-divider--element-align-right .elementor-divider .elementor-divider-separator>.elementor-divider__svg:last-of-type{flex-grow:0;flex-shrink:100}.elementor-widget-divider--element-align-right .elementor-divider-separator:after{content:none}.elementor-widget-divider--element-align-right .elementor-divider__element{margin-right:0}.elementor-widget-divider:not(.elementor-widget-divider--view-line_text):not(.elementor-widget-divider--view-line_icon) .elementor-divider-separator{border-top:var(--divider-border-width) var(--divider-border-style) var(--divider-color)}.elementor-widget-divider--separator-type-pattern{--divider-border-style:none}.elementor-widget-divider--separator-type-pattern.elementor-widget-divider--view-line .elementor-divider-separator,.elementor-widget-divider--separator-type-pattern:not(.elementor-widget-divider--view-line) .elementor-divider-separator:after,.elementor-widget-divider--separator-type-pattern:not(.elementor-widget-divider--view-line) .elementor-divider-separator:before,.elementor-widget-divider--separator-type-pattern:not([class*=elementor-widget-divider--view]) .elementor-divider-separator{width:100%;min-height:var(--divider-pattern-height);-webkit-mask-size:var(--divider-pattern-size) 100%;mask-size:var(--divider-pattern-size) 100%;-webkit-mask-repeat:var(--divider-pattern-repeat);mask-repeat:var(--divider-pattern-repeat);background-color:var(--divider-color);-webkit-mask-image:var(--divider-pattern-url);mask-image:var(--divider-pattern-url)}.elementor-widget-divider--no-spacing{--divider-pattern-size:auto}.elementor-widget-divider--bg-round{--divider-pattern-repeat:round}.rtl .elementor-widget-divider .elementor-divider__text{direction:rtl}.e-con-inner>.elementor-widget-divider,.e-con>.elementor-widget-divider{width:var(--container-widget-width,100%);--flex-grow:var(--container-widget-flex-grow)}<\/style>\t\t<div class=\"elementor-divider\">\n\t\t\t<span class=\"elementor-divider-separator\">\n\t\t\t\t\t\t<\/span>\n\t\t<\/div>\n\t\t\t\t<\/div>\n\t\t\t\t<\/div>\n\t\t\t\t\t<\/div>\n\t\t\t\t<\/div>\n\t\t<div class=\"has_eae_slider elementor-element elementor-element-30a5d2e e-flex e-con-boxed e-con e-parent\" data-id=\"30a5d2e\" data-element_type=\"container\" data-settings=\"{&quot;content_width&quot;:&quot;boxed&quot;}\" data-core-v316-plus=\"true\">\n\t\t\t\t\t<div class=\"e-con-inner\">\n\t\t<div class=\"has_eae_slider elementor-element elementor-element-5cefb8a e-flex e-con-boxed e-con e-child\" data-id=\"5cefb8a\" data-element_type=\"container\" data-settings=\"{&quot;content_width&quot;:&quot;boxed&quot;}\">\n\t\t\t\t\t<div class=\"e-con-inner\">\n\t\t\t\t<div class=\"elementor-element elementor-element-2d07131 elementor-widget elementor-widget-heading\" data-id=\"2d07131\" data-element_type=\"widget\" data-widget_type=\"heading.default\">\n\t\t\t\t<div class=\"elementor-widget-container\">\n\t\t\t<h3 class=\"elementor-heading-title elementor-size-default\">Technologies d\u2019int\u00e9r\u00eat <\/h3>\t\t<\/div>\n\t\t\t\t<\/div>\n\t\t\t\t\t<\/div>\n\t\t\t\t<\/div>\n\t\t\t\t\t<\/div>\n\t\t\t\t<\/div>\n\t\t<div class=\"has_eae_slider elementor-element elementor-element-0715f44 e-flex e-con-boxed e-con e-parent\" data-id=\"0715f44\" data-element_type=\"container\" data-settings=\"{&quot;content_width&quot;:&quot;boxed&quot;}\" data-core-v316-plus=\"true\">\n\t\t\t\t\t<div class=\"e-con-inner\">\n\t\t\t\t<div class=\"elementor-element elementor-element-8700ec1 elementor-widget elementor-widget-text-editor\" data-id=\"8700ec1\" data-element_type=\"widget\" data-widget_type=\"text-editor.default\">\n\t\t\t\t<div class=\"elementor-widget-container\">\n\t\t\t\t\t\t\t<ul><li>Intelligence Artificielle (machine learning, deep learning, IA g\u00e9n\u00e9rative, etc );<\/li><li>Applications mobiles et plateformes num\u00e9rique pour la coordination et la communication entre les acteurs de la gestion des risques majeurs;<\/li><li>R\u00e9seaux avanc\u00e9s : IoT, 5G, r\u00e9seaux ad-hoc, t\u00e9l\u00e9d\u00e9tection, etc;<\/li><li>Syst\u00e8mes d&rsquo;informations g\u00e9ographiques (SIG);<\/li><li>Open Source\/Open Data\/Open Innovation;<\/li><li>R\u00e9seaux sociaux, crowdsourcing et analyse de sentiments;<\/li><li>Syst\u00e8mes d&rsquo;\u00e9vacuation et de sauvetage;<\/li><li>Analyse Big Data et Data Mining;<\/li><li>R\u00e9alit\u00e9 virtuelle\/R\u00e9alit\u00e9 augment\u00e9e\/R\u00e9alit\u00e9 \u00e9tendue;<\/li><li>Simulation des effets des catastrophes naturelles et technologiques (feux de for\u00eats, inondations, s\u00e9ismes, accidents technologiques, etc);<\/li><li>Mod\u00e9lisation et simulation des catastrophes;<\/li><li>V\u00e9hicules autonomes (drones) et robots;<\/li><li>T\u00e9l\u00e9d\u00e9tection et Imagerie satellitaire;<\/li><li>Syst\u00e8mes d&rsquo;alerte pr\u00e9coce;<\/li><li>Jumeaux num\u00e9riques.<span class=\"im\"><br \/><\/span><\/li><\/ul>\t\t\t\t\t\t<\/div>\n\t\t\t\t<\/div>\n\t\t\t\t\t<\/div>\n\t\t\t\t<\/div>\n\t\t\t\t\t\t\t<\/div>\n\t\t","protected":false},"excerpt":{"rendered":"<p>Axes principaux Axe 1: Feux de for\u00eat En Alg\u00e9rie, le probl\u00e8me des feux de for\u00eats se pose avec acuit\u00e9 par son impact d\u00e9vastateur, la raret\u00e9 des for\u00eats et les menaces de d\u00e9sertification font que ces incendies ont un impact particuli\u00e8rement d\u00e9sastreux. L&rsquo;Alg\u00e9rie ne poss\u00e8de en effet que 4.1 millions d\u2019hectares de for\u00eats, soit un taux &hellip;<\/p>\n<p class=\"read-more\"> <a class=\"\" href=\"http:\/\/himaya-innov.cerist.dz\/index.php\/language\/fr\/tracks\/\"> <span class=\"screen-reader-text\">Th\u00e9matiques<\/span> Lire la suite\u00a0\u00bb<\/a><\/p>\n","protected":false},"author":1,"featured_media":0,"parent":0,"menu_order":0,"comment_status":"closed","ping_status":"closed","template":"","meta":{"site-sidebar-layout":"no-sidebar","site-content-layout":"","ast-site-content-layout":"","site-content-style":"default","site-sidebar-style":"default","ast-global-header-display":"","ast-banner-title-visibility":"","ast-main-header-display":"","ast-hfb-above-header-display":"","ast-hfb-below-header-display":"","ast-hfb-mobile-header-display":"","site-post-title":"disabled","ast-breadcrumbs-content":"","ast-featured-img":"disabled","footer-sml-layout":"","theme-transparent-header-meta":"","adv-header-id-meta":"","stick-header-meta":"","header-above-stick-meta":"","header-main-stick-meta":"","header-below-stick-meta":"","astra-migrate-meta-layouts":"","ast-page-background-enabled":"default","ast-page-background-meta":{"desktop":{"background-color":"var(--ast-global-color-4)","background-image":"","background-repeat":"repeat","background-position":"center center","background-size":"auto","background-attachment":"scroll","background-type":"","background-media":"","overlay-type":"","overlay-color":"","overlay-gradient":""},"tablet":{"background-color":"","background-image":"","background-repeat":"repeat","background-position":"center center","background-size":"auto","background-attachment":"scroll","background-type":"","background-media":"","overlay-type":"","overlay-color":"","overlay-gradient":""},"mobile":{"background-color":"","background-image":"","background-repeat":"repeat","background-position":"center center","background-size":"auto","background-attachment":"scroll","background-type":"","background-media":"","overlay-type":"","overlay-color":"","overlay-gradient":""}},"ast-content-background-meta":{"desktop":{"background-color":"var(--ast-global-color-5)","background-image":"","background-repeat":"repeat","background-position":"center center","background-size":"auto","background-attachment":"scroll","background-type":"","background-media":"","overlay-type":"","overlay-color":"","overlay-gradient":""},"tablet":{"background-color":"var(--ast-global-color-5)","background-image":"","background-repeat":"repeat","background-position":"center center","background-size":"auto","background-attachment":"scroll","background-type":"","background-media":"","overlay-type":"","overlay-color":"","overlay-gradient":""},"mobile":{"background-color":"var(--ast-global-color-5)","background-image":"","background-repeat":"repeat","background-position":"center center","background-size":"auto","background-attachment":"scroll","background-type":"","background-media":"","overlay-type":"","overlay-color":"","overlay-gradient":""}},"footnotes":""},"class_list":["post-92","page","type-page","status-publish","hentry"],"_links":{"self":[{"href":"http:\/\/himaya-innov.cerist.dz\/index.php\/wp-json\/wp\/v2\/pages\/92","targetHints":{"allow":["GET"]}}],"collection":[{"href":"http:\/\/himaya-innov.cerist.dz\/index.php\/wp-json\/wp\/v2\/pages"}],"about":[{"href":"http:\/\/himaya-innov.cerist.dz\/index.php\/wp-json\/wp\/v2\/types\/page"}],"author":[{"embeddable":true,"href":"http:\/\/himaya-innov.cerist.dz\/index.php\/wp-json\/wp\/v2\/users\/1"}],"replies":[{"embeddable":true,"href":"http:\/\/himaya-innov.cerist.dz\/index.php\/wp-json\/wp\/v2\/comments?post=92"}],"version-history":[{"count":83,"href":"http:\/\/himaya-innov.cerist.dz\/index.php\/wp-json\/wp\/v2\/pages\/92\/revisions"}],"predecessor-version":[{"id":2015,"href":"http:\/\/himaya-innov.cerist.dz\/index.php\/wp-json\/wp\/v2\/pages\/92\/revisions\/2015"}],"wp:attachment":[{"href":"http:\/\/himaya-innov.cerist.dz\/index.php\/wp-json\/wp\/v2\/media?parent=92"}],"curies":[{"name":"wp","href":"https:\/\/api.w.org\/{rel}","templated":true}]}}