{"id":95,"date":"2023-11-22T22:08:30","date_gmt":"2023-11-22T21:08:30","guid":{"rendered":"http:\/\/tamarics.cerist.dz\/?page_id=95"},"modified":"2024-03-14T10:37:04","modified_gmt":"2024-03-14T09:37:04","slug":"comites","status":"publish","type":"page","link":"http:\/\/himaya-innov.cerist.dz\/index.php\/language\/fr\/comites\/","title":{"rendered":"Comit\u00e9s"},"content":{"rendered":"\t\t<div data-elementor-type=\"wp-page\" data-elementor-id=\"95\" class=\"elementor elementor-95\">\n\t\t\t\t\t\t\t<div class=\"has_eae_slider elementor-element elementor-element-377a3a8 e-flex e-con-boxed e-con e-parent\" data-id=\"377a3a8\" data-element_type=\"container\" data-settings=\"{&quot;content_width&quot;:&quot;boxed&quot;}\" data-core-v316-plus=\"true\">\n\t\t\t\t\t<div class=\"e-con-inner\">\n\t\t\t\t<div class=\"elementor-element elementor-element-c086370 elementor-arrows-position-inside elementor-pagination-position-outside elementor-widget elementor-widget-image-carousel\" data-id=\"c086370\" data-element_type=\"widget\" data-settings=\"{&quot;slides_to_show&quot;:&quot;1&quot;,&quot;navigation&quot;:&quot;both&quot;,&quot;autoplay&quot;:&quot;yes&quot;,&quot;pause_on_hover&quot;:&quot;yes&quot;,&quot;pause_on_interaction&quot;:&quot;yes&quot;,&quot;autoplay_speed&quot;:5000,&quot;infinite&quot;:&quot;yes&quot;,&quot;effect&quot;:&quot;slide&quot;,&quot;speed&quot;:500}\" data-widget_type=\"image-carousel.default\">\n\t\t\t\t<div class=\"elementor-widget-container\">\n\t\t\t<style>\/*! elementor - v3.17.0 - 08-11-2023 *\/\n.elementor-widget-image-carousel .swiper,.elementor-widget-image-carousel .swiper-container{position:static}.elementor-widget-image-carousel .swiper-container .swiper-slide figure,.elementor-widget-image-carousel .swiper .swiper-slide figure{line-height:inherit}.elementor-widget-image-carousel .swiper-slide{text-align:center}.elementor-image-carousel-wrapper:not(.swiper-container-initialized):not(.swiper-initialized) .swiper-slide{max-width:calc(100% \/ var(--e-image-carousel-slides-to-show, 3))}<\/style>\t\t<div class=\"elementor-image-carousel-wrapper swiper\" dir=\"ltr\">\n\t\t\t<div class=\"elementor-image-carousel swiper-wrapper\" aria-live=\"off\">\n\t\t\t\t\t\t\t\t<div class=\"swiper-slide\" role=\"group\" aria-roledescription=\"slide\" aria-label=\"1 sur 1\"><figure class=\"swiper-slide-inner\"><img decoding=\"async\" class=\"swiper-slide-image\" src=\"http:\/\/himaya-innov.cerist.dz\/wp-content\/uploads\/2023\/11\/banniere-himaya-2bis.png\" alt=\"banniere himaya 2bis\" \/><\/figure><\/div>\t\t\t<\/div>\n\t\t\t\t\t<\/div>\n\t\t\t\t<\/div>\n\t\t\t\t<\/div>\n\t\t\t\t\t<\/div>\n\t\t\t\t<\/div>\n\t\t<div class=\"has_eae_slider elementor-element elementor-element-5564936 e-flex e-con-boxed e-con e-parent\" data-id=\"5564936\" data-element_type=\"container\" data-settings=\"{&quot;content_width&quot;:&quot;boxed&quot;}\" data-core-v316-plus=\"true\">\n\t\t\t\t\t<div class=\"e-con-inner\">\n\t\t<div class=\"has_eae_slider elementor-element elementor-element-e6895dc e-con-full e-flex e-con e-child\" data-id=\"e6895dc\" data-element_type=\"container\" data-settings=\"{&quot;content_width&quot;:&quot;full&quot;}\">\n\t\t\t\t<div class=\"elementor-element elementor-element-558220d elementor-widget elementor-widget-text-editor\" data-id=\"558220d\" data-element_type=\"widget\" data-widget_type=\"text-editor.default\">\n\t\t\t\t<div class=\"elementor-widget-container\">\n\t\t\t<style>\/*! elementor - v3.17.0 - 08-11-2023 *\/\n.elementor-widget-text-editor.elementor-drop-cap-view-stacked .elementor-drop-cap{background-color:#69727d;color:#fff}.elementor-widget-text-editor.elementor-drop-cap-view-framed .elementor-drop-cap{color:#69727d;border:3px solid;background-color:transparent}.elementor-widget-text-editor:not(.elementor-drop-cap-view-default) .elementor-drop-cap{margin-top:8px}.elementor-widget-text-editor:not(.elementor-drop-cap-view-default) .elementor-drop-cap-letter{width:1em;height:1em}.elementor-widget-text-editor .elementor-drop-cap{float:left;text-align:center;line-height:1;font-size:50px}.elementor-widget-text-editor .elementor-drop-cap-letter{display:inline-block}<\/style>\t\t\t\t<h2 style=\"text-align: left;\"><span style=\"color: #ff6600;\">Hackathon &amp;\u00a0 Session Poster<\/span><\/h2><h2 style=\"text-align: left;\"><span style=\"color: #ff6600;\">\u00a0<\/span><\/h2><h2 style=\"text-align: center;\"><span style=\"color: #ff6600;\">\u00a0<\/span><\/h2><h3 class=\"elementor-heading-title elementor-size-default\"><span style=\"color: #6ec1e4;\">Pr\u00e9sident d&rsquo;honneur<\/span><\/h3><ul><li><p>Pr.\u00a0 Zouhir MOKHTARI, CERIST<\/p><\/li><\/ul><h3><span style=\"color: #6ec1e4;\">Comit\u00e9 d&rsquo;organisation<\/span><\/h3><ul><li>Ali AMRAOUI,\u00a0 Direction G\u00e9n\u00e9rale de la Protection Civile (DGPC)<\/li><li>Djamal BELAZZOUGUI, CERIST<\/li><li>Tarek BELHACHEMI, Direction de la protection de la wilaya de M\u00e9d\u00e9a<\/li><li>Kahina OUAZZOUG nee BENABDERRAHIM, CERIST<\/li><li>Khedidja BENNADJI, CERIST<\/li><li>Nadir BOUCHAMA, CERIST<\/li><li>Ouahiba BOUZAROUR, CERIST\u00a0<\/li><li>Messaoud CHAA, CERIST<\/li><li>Abdelfetah HENTOUT, ENSTA<\/li><li>Rezki OULD MOHAMED, CERIST<\/li><li>Hocine SAADI, CERIST<\/li><li>Allal TIBERKAK, Univ. M\u00e9d\u00e9a<\/li><li>Sa\u00efd YAHIAOUI, CERIST<\/li><li>Bilal YALAOUI, CERIST<\/li><\/ul><h3><span style=\"color: #6ec1e4;\">Copr\u00e9sidents des sponsors<\/span><\/h3><ul><li>Rezki OULD MOHAMED, CERIST<\/li><li>Bilal YALAOUI, CERIST<\/li><\/ul><h4><span style=\"color: #6ec1e4;\">Co-pr\u00e9sidents de l&rsquo;infographie<\/span><\/h4><ul><li>Kahina OUAZZOUG n\u00e9e BENABDERRAHIM, CERIST<\/li><\/ul><h4><span style=\"color: #6ec1e4;\">Copr\u00e9sidents vid\u00e9o<\/span><\/h4><ul><li>Rafik STITI, CERIST<\/li><\/ul><h4><span style=\"color: #6ec1e4;\">Copr\u00e9sidents Web<\/span><\/h4><ul><li>Hocine SAADI, CERIST<\/li><\/ul><h3><span style=\"color: #6ec1e4;\">Comit\u00e9 d&rsquo;\u00e9valuation<\/span><\/h3><ul><li style=\"font-size: 16px;\">Ali AMRAOUI, DGPC<\/li><li style=\"font-size: 16px;\">Oussama ANNAD, ENSTA<\/li><li style=\"font-size: 16px;\">Sabiha AOUAS, DGPC<\/li><li style=\"font-size: 16px;\">Hassina ALIANE, CERIST<\/li><li style=\"font-size: 16px;\">Abdelouahab AMIRA, CERIST<\/li><li style=\"font-size: 16px;\">Ahror BELAID, CERIST<\/li><li style=\"font-size: 16px;\">Djamal BELAZZOUGUI, CERIST<\/li><li style=\"font-size: 16px;\">Tarek BELHACHEMI, DPC M\u00e9d\u00e9a<\/li><li style=\"font-size: 16px;\">Djamila BENDOUDA, ENSTA<\/li><li style=\"font-size: 16px;\">Imane BENKHELIFA,\u00a0 CERIST<\/li><li style=\"font-size: 16px;\">Hicham BEN TOURKI, DGPC<\/li><li style=\"font-size: 16px;\">Hamza BENYEZZA,\u00a0 University of M\u00e9d\u00e9a<\/li><li style=\"font-size: 16px;\">Mohamed El-Amine BOUABID,\u00a0 CERIST<\/li><li style=\"font-size: 16px;\">Mounir BOUHEDDA, University of M\u00e9d\u00e9a<\/li><li style=\"font-size: 16px;\">Nadir BOUCHAMA,\u00a0 CERIST<\/li><li style=\"font-size: 16px;\">Sahar BOULKABOUL, CERIST<\/li><li style=\"font-size: 16px;\">Yasser BOUZID, Ecole Militaire Polytechnique<\/li><li style=\"font-size: 16px;\">Messaoud CHAA,\u00a0 CERIST<\/li><li style=\"font-size: 16px;\">Ibrahim CHEGRANE,\u00a0 University of Sherbrooke (Canada)<\/li><li style=\"font-size: 16px;\">Amel CHENOUF, CDTA<\/li><li style=\"font-size: 16px;\">Mohamed DERKI,\u00a0 CERIST<\/li><li style=\"font-size: 16px;\">Abdelbaki ELFODIL, CERIST<\/li><li style=\"font-size: 16px;\">Mohammed EMBAREK, CERIST<\/li><li style=\"font-size: 16px;\">Mohammed GUIATNI, Ecole Militaire Polytechnique<\/li><li style=\"font-size: 16px;\">Radhouane GOUDJIL, DPC M\u00e9d\u00e9a<\/li><li style=\"font-size: 16px;\">Soumia GOUMIRI,\u00a0 CERIST<\/li><li style=\"font-size: 16px;\">Lyes KHELLADI,\u00a0 CERIST<\/li><li style=\"font-size: 16px;\">Abdelhamid KHIAT,\u00a0 CERIST<\/li><li style=\"font-size: 16px;\">Rabah LOUALI,\u00a0\u00a0Ecole Militaire Polytechnique<\/li><li style=\"font-size: 16px;\">Ali MOUSSAOUI, Universit\u00e9 de Bordj Bou Arreridj<\/li><li style=\"font-size: 16px;\">Djellal MISSOUM, DPC M\u00e9d\u00e9a<\/li><li style=\"font-size: 16px;\">Omar NOUALI,\u00a0 CERIST<\/li><li style=\"font-size: 16px;\">Rezki OULD MOHAMED, CERIST<\/li><li style=\"font-size: 16px;\">Madjid SADALLAH, LIRIS (UMR\u00a05205\u00a0CNRS) &#8211; Universit\u00e9 Claude Bernard Lyon 1\u00a0<\/li><li style=\"font-size: 16px;\">Nassim SADALLAH, CERIST<\/li><li style=\"font-size: 16px;\">Fatiha SAADI, DGPC<\/li><li style=\"font-size: 16px;\">Hocine SAADI,\u00a0 CERIST<\/li><li style=\"font-size: 16px;\">Amina TABTI, ENSTA<\/li><li style=\"font-size: 16px;\">Allal TIBERKAK, Universit\u00e9 de M\u00e9d\u00e9a<\/li><li style=\"font-size: 16px;\">Rachid TIBERKAK, Universit\u00e9 de Blida<\/li><li style=\"font-size: 16px;\">Meriem YAHIAOUI, DGPC<\/li><li style=\"font-size: 16px;\">Mouna Islam ZEROUKI, DPC M\u00e9d\u00e9a<\/li><li style=\"font-size: 16px;\">Cherif ZIZOUA, Eaton,\u00a0<em>Canada<\/em><\/li><\/ul>\t\t\t\t\t\t<\/div>\n\t\t\t\t<\/div>\n\t\t\t\t<\/div>\n\t\t<div class=\"has_eae_slider elementor-element elementor-element-83012fe e-con-full e-flex e-con e-child\" data-id=\"83012fe\" data-element_type=\"container\" data-settings=\"{&quot;content_width&quot;:&quot;full&quot;}\">\n\t\t\t\t<div class=\"elementor-element elementor-element-bb904b5 elementor-widget elementor-widget-text-editor\" data-id=\"bb904b5\" data-element_type=\"widget\" data-widget_type=\"text-editor.default\">\n\t\t\t\t<div class=\"elementor-widget-container\">\n\t\t\t\t\t\t\t<h2><span style=\"color: #ff6600;\"><strong> Journ\u00e9es&nbsp; d\u2019\u00e9tudes<\/strong><\/span><\/h2>\n<h2 style=\"text-align: center;\"><span style=\"color: #ff6600;\">&nbsp;<\/span><\/h2>\n<h3>&nbsp;<\/h3>\n<h3><span style=\"color: #99ccff;\"><span lang=\"fr\">Pr\u00e9sident d&rsquo;honneur<\/span><\/span><\/h3>\n<ul>\n<li>\n<p align=\"justify\"><span style=\"color: #808080;\">Pr. Zouhir MOKHTARI, CERIST<\/span><\/p>\n<\/li>\n<\/ul>\n<h3><span style=\"color: #99ccff;\">Copr\u00e9sidents du comit\u00e9 d&rsquo;organisation<\/span><\/h3>\n<ul>\n<li><span lang=\"en-US\" style=\"color: #808080;\">Djamal BELAZZOUGUI, CERIST<\/span><\/li>\n<li><span lang=\"en-US\" style=\"color: #808080;\">Allal TIBERKAK, Universit\u00e9 de M\u00e9d\u00e9a.<\/span><\/li>\n<\/ul>\n<h3 align=\"justify\"><span style=\"color: #99ccff;\">Comit\u00e9 d&rsquo;organisation<\/span><\/h3>\n<ul>\n<li>\n<p><span lang=\"en-US\" style=\"color: #808080;\">Colonel Ali AMRAOUI,&nbsp;<span style=\"color: #7a7a7a; text-align: justify;\">Direction G\u00e9n\u00e9rale de la Protection Civile (DGPC)<\/span><\/span><\/p>\n<\/li>\n<li>\n<p><span lang=\"en-US\" style=\"color: #808080;\">Djamal BELAZZOUGUI, Centre de Recherche sur l&rsquo;Information Scientifique et Technique (CERIST)<\/span><\/p>\n<\/li>\n<li>\n<p><span lang=\"en-US\" style=\"color: #808080;\">Captain Tarek BELHACHEMI,&nbsp;<span style=\"color: #7a7a7a; text-align: justify;\">Direction de la protection de la wilaya de M\u00e9d\u00e9a<\/span><\/span><\/p>\n<\/li>\n<li>\n<p><span lang=\"en-US\" style=\"color: #808080;\">Abdelfetah HENTOUT, Ecole Nationale Sup\u00e9rieure de Technologies Avanc\u00e9es (ENSTA)<\/span><\/p>\n<\/li>\n<li>\n<p><span lang=\"en-US\" style=\"color: #808080;\">Allal TIBERKAK, Universit\u00e9 de M\u00e9d\u00e9a<\/span><\/p>\n<\/li>\n<\/ul>\n<h3 align=\"justify\"><span style=\"color: #99ccff;\">Comit\u00e9 Local d&rsquo;Organisation (CERIST)<\/span><\/h3>\n<ul>\n<li>\n<p><span lang=\"en-US\" style=\"color: #808080;\">Kahina BENABDERRAHIM<\/span><\/p>\n<\/li>\n<li>\n<p><span lang=\"en-US\" style=\"color: #808080;\">Khedidja BENNADJI&nbsp;<\/span><\/p>\n<\/li>\n<li>\n<p><span lang=\"en-US\" style=\"color: #808080;\">Nadir BOUCHAMA<\/span><\/p>\n<\/li>\n<li>\n<p><span lang=\"en-US\" style=\"color: #808080;\">Wahiba BOUZAROUR<\/span><\/p>\n<\/li>\n<li>\n<p><span lang=\"en-US\" style=\"color: #808080;\">Rezki OULD MOHAMED<\/span><\/p>\n<\/li>\n<li>\n<p><span lang=\"en-US\" style=\"color: #808080;\">Messaoud CHAA<\/span><\/p>\n<\/li>\n<li>\n<p><span lang=\"en-US\" style=\"color: #808080;\">Hocine SAADI<\/span><\/p>\n<\/li>\n<li>\n<p><span lang=\"en-US\" style=\"color: #808080;\">Said YAHIAOUI<\/span><\/p>\n<\/li>\n<li>\n<p><span lang=\"en-US\" style=\"color: #808080;\">Bilal YALAOUI<\/span><\/p>\n<\/li>\n<\/ul>\n<h3 style=\"text-align: left;\" align=\"justify\"><span lang=\"en-US\"><b><span style=\"color: #99ccff;\">Comit\u00e9 scientifique des institutions scientifiques et technologiques<\/span> <\/b><\/span><\/h3>\n<ul>\n<li>\n<p><span lang=\"en-US\" style=\"color: #808080;\">Djamal BELAZZOUGUI, CERIST<\/span><\/p>\n<\/li>\n<li>\n<p><span style=\"color: #808080;\"><span lang=\"en-US\">Abdelkader BELKHIR, USTHB<\/span><\/span><\/p>\n<\/li>\n<li>\n<p><span lang=\"en-US\" style=\"color: #808080;\">Hamza Benyezza, Universit\u00e9 de M\u00e9d\u00e9a<\/span><\/p>\n<\/li>\n<li>\n<p><span lang=\"en-US\" style=\"color: #808080;\">Nadir BOUCHAMA, CERIST<\/span><\/p>\n<\/li>\n<li>\n<p><span lang=\"en-US\" style=\"color: #808080;\">Mounir BOUHEDDA, Universit\u00e9 de M\u00e9d\u00e9a<\/span><\/p>\n<\/li>\n<li>\n<p><span lang=\"en-US\" style=\"color: #808080;\">Sara BOURAINE, Centre de D\u00e9veloppement des Technologies Avanc\u00e9es (CDTA)<\/span><\/p>\n<\/li>\n<li>\n<p><span lang=\"en-US\" style=\"color: #808080;\">Yasser BOUZID, Ecole Militaire Polytechnique;<\/span><\/p>\n<\/li>\n<li>\n<p><span lang=\"en-US\" style=\"color: #808080;\">Messaoud CHAA, CERIST<\/span><\/p>\n<\/li>\n<li>\n<p><span lang=\"en-US\" style=\"color: #808080;\">Oualid DJEKOUNE, CDTA<\/span><\/p>\n<\/li>\n<li>\n<p><span lang=\"en-US\" style=\"color: #808080;\">Mohamed GUIATNI, Ecole Militaire Polytechnique;<\/span><\/p>\n<\/li>\n<li>\n<p><span lang=\"en-US\" style=\"color: #808080;\">Abdelfetah HENTOUT, ENSTA<\/span><\/p>\n<\/li>\n<li>\n<p><span lang=\"en-US\" style=\"color: #808080;\">Rabah Louali, Ecole Militaire Polytechnique;<\/span><\/p>\n<\/li>\n<li>\n<p><span lang=\"en-US\" style=\"color: #808080;\">Rezki OULD MOHAMED, CERIST<\/span><\/p>\n<\/li>\n<li>\n<p><span lang=\"en-US\" style=\"color: #808080;\">Hocine Saadi, CERIST<\/span><\/p>\n<\/li>\n<li>\n<p><span lang=\"en-US\" style=\"color: #808080;\">Rachid TIBERKAK, Universit\u00e9 de Blida<\/span><\/p>\n<\/li>\n<li>\n<p><span lang=\"en-US\" style=\"color: #808080;\">Allal TIBERKAK, Universit\u00e9 de M\u00e9d\u00e9a<\/span><\/p>\n<\/li>\n<li>\n<p><span lang=\"en-US\"><span style=\"color: #808080;\">Said YAHIAOUI, CERIST<\/span><\/span><\/p>\n<\/li>\n<\/ul>\n<h4 style=\"text-align: left;\" align=\"justify\"><span lang=\"en-US\"><b><span style=\"color: #99ccff;\">Comit\u00e9 Scientifique de la Direction G\u00e9n\u00e9rale de la Protection Civile Alg\u00e9rienne<\/span> <\/b><\/span><\/h4>\n<ul>\n<li>\n<p><span style=\"color: #808080;\">Lieutenant colonel Ali AMRAOUI, DGPC<\/span><\/p>\n<\/li>\n<li>\n<p><span style=\"color: #808080;\">Capitaine Sabiha AOUAS, DGPC<\/span><\/p>\n<\/li>\n<li>\n<p><span style=\"color: #808080;\">Capitaine Tarek BELHACHEMI, DPC M\u00e9d\u00e9a<\/span><\/p>\n<\/li>\n<li>\n<p><span style=\"color: #808080;\">Sous Lieutenant Hicham BEN TOURKI, DPC M\u00e9d\u00e9a<\/span><\/p>\n<\/li>\n<li>\n<p><span style=\"color: #808080;\">Lieutenant Youcef DJEBBAR, DPC M\u00e9d\u00e9a<\/span><\/p>\n<\/li>\n<li>\n<p><span style=\"color: #808080;\">Redouane GOUGIL, Clinical psychologist, DPC M\u00e9d\u00e9a<\/span><\/p>\n<\/li>\n<li>\n<p><span style=\"color: #808080;\">Lieutenant Hamza Memmi, DPC M\u00e9d\u00e9a<\/span><\/p>\n<\/li>\n<li>\n<p><span style=\"color: #808080;\">Commandant Djellal MISSOUM, DPC M\u00e9d\u00e9a<\/span><\/p>\n<\/li>\n<li>\n<p><span style=\"color: #808080;\">Commandant Fatiha SAADI, DGPC<\/span><\/p>\n<\/li>\n<li>\n<p><span style=\"color: #808080;\">Commandant Meriem YAHIAOUI, DGPC<\/span><\/p>\n<\/li>\n<li>\n<p><span style=\"color: #808080;\">Commandant Mouna Islam ZEROUKI, DPC M\u00e9d\u00e9a<\/span><\/p>\n<\/li>\n<\/ul>\t\t\t\t\t\t<\/div>\n\t\t\t\t<\/div>\n\t\t\t\t<\/div>\n\t\t\t\t\t<\/div>\n\t\t\t\t<\/div>\n\t\t\t\t\t\t\t<\/div>\n\t\t","protected":false},"excerpt":{"rendered":"<p>Hackathon &amp;\u00a0 Session Poster \u00a0 \u00a0 Pr\u00e9sident d&rsquo;honneur Pr.\u00a0 Zouhir MOKHTARI, CERIST Comit\u00e9 d&rsquo;organisation Ali AMRAOUI,\u00a0 Direction G\u00e9n\u00e9rale de la Protection Civile (DGPC) Djamal BELAZZOUGUI, CERIST Tarek BELHACHEMI, Direction de la protection de la wilaya de M\u00e9d\u00e9a Kahina OUAZZOUG nee BENABDERRAHIM, CERIST Khedidja BENNADJI, CERIST Nadir BOUCHAMA, CERIST Ouahiba BOUZAROUR, CERIST\u00a0 Messaoud CHAA, CERIST Abdelfetah &hellip;<\/p>\n<p class=\"read-more\"> <a class=\"\" href=\"http:\/\/himaya-innov.cerist.dz\/index.php\/language\/fr\/comites\/\"> <span class=\"screen-reader-text\">Comit\u00e9s<\/span> Lire la suite\u00a0\u00bb<\/a><\/p>\n","protected":false},"author":1,"featured_media":0,"parent":0,"menu_order":0,"comment_status":"closed","ping_status":"closed","template":"","meta":{"site-sidebar-layout":"no-sidebar","site-content-layout":"","ast-site-content-layout":"","site-content-style":"default","site-sidebar-style":"default","ast-global-header-display":"","ast-banner-title-visibility":"","ast-main-header-display":"","ast-hfb-above-header-display":"","ast-hfb-below-header-display":"","ast-hfb-mobile-header-display":"","site-post-title":"disabled","ast-breadcrumbs-content":"","ast-featured-img":"disabled","footer-sml-layout":"","theme-transparent-header-meta":"","adv-header-id-meta":"","stick-header-meta":"","header-above-stick-meta":"","header-main-stick-meta":"","header-below-stick-meta":"","astra-migrate-meta-layouts":"","ast-page-background-enabled":"default","ast-page-background-meta":{"desktop":{"background-color":"var(--ast-global-color-4)","background-image":"","background-repeat":"repeat","background-position":"center center","background-size":"auto","background-attachment":"scroll","background-type":"","background-media":"","overlay-type":"","overlay-color":"","overlay-gradient":""},"tablet":{"background-color":"","background-image":"","background-repeat":"repeat","background-position":"center center","background-size":"auto","background-attachment":"scroll","background-type":"","background-media":"","overlay-type":"","overlay-color":"","overlay-gradient":""},"mobile":{"background-color":"","background-image":"","background-repeat":"repeat","background-position":"center center","background-size":"auto","background-attachment":"scroll","background-type":"","background-media":"","overlay-type":"","overlay-color":"","overlay-gradient":""}},"ast-content-background-meta":{"desktop":{"background-color":"var(--ast-global-color-5)","background-image":"","background-repeat":"repeat","background-position":"center center","background-size":"auto","background-attachment":"scroll","background-type":"","background-media":"","overlay-type":"","overlay-color":"","overlay-gradient":""},"tablet":{"background-color":"var(--ast-global-color-5)","background-image":"","background-repeat":"repeat","background-position":"center center","background-size":"auto","background-attachment":"scroll","background-type":"","background-media":"","overlay-type":"","overlay-color":"","overlay-gradient":""},"mobile":{"background-color":"var(--ast-global-color-5)","background-image":"","background-repeat":"repeat","background-position":"center center","background-size":"auto","background-attachment":"scroll","background-type":"","background-media":"","overlay-type":"","overlay-color":"","overlay-gradient":""}},"footnotes":""},"class_list":["post-95","page","type-page","status-publish","hentry"],"_links":{"self":[{"href":"http:\/\/himaya-innov.cerist.dz\/index.php\/wp-json\/wp\/v2\/pages\/95","targetHints":{"allow":["GET"]}}],"collection":[{"href":"http:\/\/himaya-innov.cerist.dz\/index.php\/wp-json\/wp\/v2\/pages"}],"about":[{"href":"http:\/\/himaya-innov.cerist.dz\/index.php\/wp-json\/wp\/v2\/types\/page"}],"author":[{"embeddable":true,"href":"http:\/\/himaya-innov.cerist.dz\/index.php\/wp-json\/wp\/v2\/users\/1"}],"replies":[{"embeddable":true,"href":"http:\/\/himaya-innov.cerist.dz\/index.php\/wp-json\/wp\/v2\/comments?post=95"}],"version-history":[{"count":76,"href":"http:\/\/himaya-innov.cerist.dz\/index.php\/wp-json\/wp\/v2\/pages\/95\/revisions"}],"predecessor-version":[{"id":4157,"href":"http:\/\/himaya-innov.cerist.dz\/index.php\/wp-json\/wp\/v2\/pages\/95\/revisions\/4157"}],"wp:attachment":[{"href":"http:\/\/himaya-innov.cerist.dz\/index.php\/wp-json\/wp\/v2\/media?parent=95"}],"curies":[{"name":"wp","href":"https:\/\/api.w.org\/{rel}","templated":true}]}}